{"id":5007,"date":"2021-10-15T14:18:15","date_gmt":"2021-10-15T14:18:15","guid":{"rendered":"https:\/\/vrigstadshembygdsforening.se\/?page_id=5007"},"modified":"2021-10-15T14:18:15","modified_gmt":"2021-10-15T14:18:15","slug":"hakanstorp-hakansbygget","status":"publish","type":"page","link":"https:\/\/vrigstadshembygdsforening.se\/?page_id=5007","title":{"rendered":"H\u00e5kanstorp\/H\u00e5kansbygget"},"content":{"rendered":"\n<p>Under Kvarnag\u00e5rden. Omn\u00e4mnt redan \u00e5r 1821. Revs under 1800-talets slut. Saknas uppgifter i husf\u00f6rh\u00f6rsl\u00e4ngderna.<\/p>\n\n\n\n<p><a href=\"https:\/\/vrigstadshembygdsforening.se\/PDF\/1985.pdf\" data-type=\"URL\" data-id=\"https:\/\/vrigstadshembygdsforening.se\/PDF\/1985.pdf\">Se karta<\/a>.<\/p>\n","protected":false},"excerpt":{"rendered":"<p>Under Kvarnag\u00e5rden. Omn\u00e4mnt redan \u00e5r 1821. Revs under 1800-talets slut. Saknas uppgifter i husf\u00f6rh\u00f6rsl\u00e4ngderna. Se karta.<\/p>\n","protected":false},"author":1,"featured_media":0,"parent":0,"menu_order":0,"comment_status":"closed","ping_status":"closed","template":"","meta":{"footnotes":""},"class_list":["post-5007","page","type-page","status-publish","hentry"],"_links":{"self":[{"href":"https:\/\/vrigstadshembygdsforening.se\/index.php?rest_route=\/wp\/v2\/pages\/5007","targetHints":{"allow":["GET"]}}],"collection":[{"href":"https:\/\/vrigstadshembygdsforening.se\/index.php?rest_route=\/wp\/v2\/pages"}],"about":[{"href":"https:\/\/vrigstadshembygdsforening.se\/index.php?rest_route=\/wp\/v2\/types\/page"}],"author":[{"embeddable":true,"href":"https:\/\/vrigstadshembygdsforening.se\/index.php?rest_route=\/wp\/v2\/users\/1"}],"replies":[{"embeddable":true,"href":"https:\/\/vrigstadshembygdsforening.se\/index.php?rest_route=%2Fwp%2Fv2%2Fcomments&post=5007"}],"version-history":[{"count":1,"href":"https:\/\/vrigstadshembygdsforening.se\/index.php?rest_route=\/wp\/v2\/pages\/5007\/revisions"}],"predecessor-version":[{"id":5008,"href":"https:\/\/vrigstadshembygdsforening.se\/index.php?rest_route=\/wp\/v2\/pages\/5007\/revisions\/5008"}],"wp:attachment":[{"href":"https:\/\/vrigstadshembygdsforening.se\/index.php?rest_route=%2Fwp%2Fv2%2Fmedia&parent=5007"}],"curies":[{"name":"wp","href":"https:\/\/api.w.org\/{rel}","templated":true}]}}