{"id":5001,"date":"2021-10-14T15:43:57","date_gmt":"2021-10-14T15:43:57","guid":{"rendered":"https:\/\/vrigstadshembygdsforening.se\/?page_id=5001"},"modified":"2021-10-14T15:43:58","modified_gmt":"2021-10-14T15:43:58","slug":"hushall","status":"publish","type":"page","link":"https:\/\/vrigstadshembygdsforening.se\/?page_id=5001","title":{"rendered":"Hushall"},"content":{"rendered":"\n<p>Soldattorp under Sunnerby \u00d6sterg\u00e5rd.<\/p>\n\n\n\n<p>1754. Korpral Uhr (1700- ), Ingeborg (1700- ), Lena (1740- ), Jonas (1741- ).<\/p>\n\n\n\n<p>Johan Johansson, Helena Maltesdotter &#8211; gifta 1757-10-01.<\/p>\n\n\n\n<p>P\u00e4r M\u00e5nsson, Annika P\u00e4rsdotter.<\/p>\n\n\n\n<p>Anders Jonsson, Stina Karlsdotter.<\/p>\n\n\n\n<p>Johan Persson.<\/p>\n\n\n\n<p>J\u00f6ns Nilsson, Elin M\u00e5nsdotter.<\/p>\n\n\n\n<p>1776. Johan (1737- ), Ingrid (1748- ), J\u00f6ns (1769- ), Petter (1775- ).<\/p>\n\n\n\n<p>Soldaten Lund (1755-1803), Brita (1750- ), Brita Katrina (1777- ) &#8211; d\u00f6d, Josua (1779- ) &#8211; 1793 till Barnarp, Petter (1781- ) &#8211; d\u00f6d, Ulla Brita (1781- ), Brita Stina (1783- ) &#8211; d\u00f6d, Lisa Stina (1786- ), Petter (1788- ), Johan Fredrik (1791- ), Helena (1793-03-24- ), Karl Anders (1796-09-07- ).<\/p>\n\n\n\n<p>1813. Soldaten Jonas Snok (1777-08-03- ), Stina Paulsdotter (1777-10-09- ), Johannes (1799-01-24&#8211;1799), Lena (1801-04-07- ), Lisa (1804-03-11- ). Flyttar till Svenstorp 1834.<\/p>\n\n\n\n<p>1835. Korpral Johan Peter Mell (1801-10-23- ), Maria Elis Svensdotter (1802-09-21- ), Carl Johan (1827-04-13- ), Johanna Sofia (1830-03-21- ), Charlotta (1832-04-29- ), Sven August (1837-06-05&#8211;1839-11-06), Frantz Johan (1839-10-10- ). Inflyttade fr\u00e5n Jersn\u00e4s. Flyttade tillbaka dit 1849.<\/p>\n\n\n\n<p>1849. Korpral Nils Peter Svahn (1823-11-05- ), Katarina Svensdotter (1804-03-01- ), Emma Christina (1845-01-30- ), Johan August (1848-06-25- ). Inflyttade fr\u00e5n Ljunga. Flyttade 1869 till Hylletofta. Trumslagaren Eugen Fredrik Lindqvist (1837-12-10- ), flyttade hit 1857, han flyttade till Tofteryd 1858 men flyttade tillbaka till Hushall igen 1859. Han flyttar till Stockholm 1863.<\/p>\n\n\n\n<p>1868. Karl August Johansson (1847-01-10- ), Emma Kristina Svahn (1845-01-30- ), Augusta Maria (1868-10-27- ), Johan Alfrid (1870-12-29- ). Inflyttade fr\u00e5n St. G\u00f6rstorp. Flyttade 1872 till Amerika.<\/p>\n\n\n\n<p>1872. Sven Gustaf Johannisson (1833-03-10 (i Vrigstad)), Emma Karolina Jonasdotter (1849-01-03 (i Vrigstad)) &#8211; gifta 1866, Augusta Charlotta (1866-11-08- ), Johan Fredrik (1870-01-19- ), Wilhelmina Josefina (1873-06-23- ). Inflyttade fr\u00e5n Sunnerby Norreg\u00e5rd. Flyttade 1874 till Sandssl\u00e4tt.<\/p>\n\n\n\n<p>1873. Soldaten Anders Johan Fager (1851-09-08- ), Anna Lovisa Fr\u00f6jd (1849-09-04- ), Klaes Emil (1873-+6-05- ), Hulda Emilia (1876-01-30- ), Ernst (1880-04-07- )Karl Gustaf (1882-11-13- ). Inflyttade fr\u00e5n Biskopsbo kvarn. Flyttade 1884 till Nydala f\u00f6r en kort period, men \u00e5terkom hit. Flyttade 1900 till Str\u00f6mslund.<\/p>\n\n\n\n<p>1904. Carl Andersson (1844-09-03- ), Kristina Katrina Andersdotter , hustru nr 2 Anna Maria Svensdotter (1857-06-24- ), barn fr\u00e5n f\u00f6rsta \u00e4ktenskapet  Ellen Maria (1881-03-21- ) och Josef Natanael (1883-09-05- ). Gemensamt barn Rut Signe Emilia (1898-07-09- ). Inflyttade fr\u00e5n S\u00e4vjedal. Makarna flyttar 1923 till Petersborg.<\/p>\n\n\n\n<p>1921. Gustaf Edvin Sixtus Pettersson (1893-07-23- ), Rut Signe Emilia (1898-07-09- ) &#8211; se ovan, Karl Elof (1920-03-18- ), Ellen Maj Viola (1921-09-22- ), Ebba Anna Gabriella (1925-02-19- ).<\/p>\n\n\n\n<p><a href=\"https:\/\/vrigstadshembygdsforening.se\/PDF\/1984.pdf\" data-type=\"URL\" data-id=\"https:\/\/vrigstadshembygdsforening.se\/PDF\/1984.pdf\">Se karta<\/a>.<\/p>\n","protected":false},"excerpt":{"rendered":"<p>Soldattorp under Sunnerby \u00d6sterg\u00e5rd. 1754. Korpral Uhr (1700- ), Ingeborg (1700- ), Lena (1740- ), Jonas (1741- ). Johan Johansson,<\/p>\n","protected":false},"author":1,"featured_media":0,"parent":0,"menu_order":0,"comment_status":"closed","ping_status":"closed","template":"","meta":{"footnotes":""},"class_list":["post-5001","page","type-page","status-publish","hentry"],"_links":{"self":[{"href":"https:\/\/vrigstadshembygdsforening.se\/index.php?rest_route=\/wp\/v2\/pages\/5001","targetHints":{"allow":["GET"]}}],"collection":[{"href":"https:\/\/vrigstadshembygdsforening.se\/index.php?rest_route=\/wp\/v2\/pages"}],"about":[{"href":"https:\/\/vrigstadshembygdsforening.se\/index.php?rest_route=\/wp\/v2\/types\/page"}],"author":[{"embeddable":true,"href":"https:\/\/vrigstadshembygdsforening.se\/index.php?rest_route=\/wp\/v2\/users\/1"}],"replies":[{"embeddable":true,"href":"https:\/\/vrigstadshembygdsforening.se\/index.php?rest_route=%2Fwp%2Fv2%2Fcomments&post=5001"}],"version-history":[{"count":1,"href":"https:\/\/vrigstadshembygdsforening.se\/index.php?rest_route=\/wp\/v2\/pages\/5001\/revisions"}],"predecessor-version":[{"id":5002,"href":"https:\/\/vrigstadshembygdsforening.se\/index.php?rest_route=\/wp\/v2\/pages\/5001\/revisions\/5002"}],"wp:attachment":[{"href":"https:\/\/vrigstadshembygdsforening.se\/index.php?rest_route=%2Fwp%2Fv2%2Fmedia&parent=5001"}],"curies":[{"name":"wp","href":"https:\/\/api.w.org\/{rel}","templated":true}]}}