{"id":4970,"date":"2021-10-11T09:10:55","date_gmt":"2021-10-11T09:10:55","guid":{"rendered":"https:\/\/vrigstadshembygdsforening.se\/?page_id=4970"},"modified":"2021-10-11T09:10:56","modified_gmt":"2021-10-11T09:10:56","slug":"hagen-hoasen","status":"publish","type":"page","link":"https:\/\/vrigstadshembygdsforening.se\/?page_id=4970","title":{"rendered":"Hagen\/Ho\u00e5sen"},"content":{"rendered":"\n<p>Torp under Biskopsbo.<\/p>\n\n\n\n<p>1754. M\u00e5ns M\u00e5nsson, Elin, Maria.<\/p>\n\n\n\n<p>1776. Maria, Johan, Abraham, Petter.<\/p>\n\n\n\n<p>1788. Nils (1754- ), Ingrid (1764- ), Hedvig (1793-06-??- ), Brita Stina (1799-05-??- ). Flyttar 1800 till Ljunga.<\/p>\n\n\n\n<p>1802. Johannes (1746- ), Katrina (1752- ), Kajsa (1787- ), Stina (1790- ), Lena (1795- ), Annika (1795- ).<\/p>\n\n\n\n<p>1809. Jonas (1778- ). Inflyttad fr\u00e5n S\u00f6dermanland.<\/p>\n\n\n\n<p>1810. Magnus Danielsson (1749-01-22- ), Ingeborg (1754-03-16- ), Jonas (1778-07-12- ), Lena (1796- ).<\/p>\n\n\n\n<p>1811. Jonas Magnusson (1778-07-12&#8211;1852-07-07) &#8211; se ovan, Lisa Magnidotter (1791-07-06&#8211;1865-01-25), Anders (1813-01-31- ), Petter Magnus (1816-02-11- ), Maja (1819-05-26- ), Gabriel (1822-09-05- ), Lena (1825-05-12&#8211;1831), Carl (1829-03-20- ). \u00c4nkan Lisa bodde kvar h\u00e4r till sin d\u00f6d.<\/p>\n\n\n\n<p>1845. Gabriel Magnusson St\u00e5hl (1824-02-01- ), Maria Kristina Jonasdotter (1819-05-26- ). Inflyttade fr\u00e5n Hjelmseryd och flyttade 1850 tillbaka dit.<\/p>\n\n\n\n<p>1852. Karl Jonasson (1829-03-20- ), Anna Stina Petersdotter (1823-08-02- ), Christina (1852-01-02&#8211;1852-01-23), Klas Johan (1852-12-02- ), Anders August (1855-05-25&#8211;1862-05-06), Hilda Kristina (1858-05-16- ), Frans Emil (1860-03-25- ), Anna Carolina (1862-12-27- ), Carl Emil Gabriel (186704-29&#8211;1868-12-24), Jenny Lovisa (1870-07-23- ). Flyttade 1889 till N. Ljunga.<\/p>\n\n\n\n<p>1889. Sven August Jonasson (1838-12-05&#8211;1898-05-31 (p\u00e5 Hagen)), Anna Kristina Petersdotter (1841-07-07- ), Per August (1872-10-11- ), Emma Kristina (1874-01-28- ), Johan Algot (1876-02-29- ), Frans Emil (1877-12-22- ), Klas Edvard (1879-08-25- ), Oskar Reinhold (1882-05-04- ), Ottilia Josefina (1885-05-19- ). Inflyttade fr\u00e5n Berglunda, Lunnaberg. Anna Kristina inhyses 1900 p\u00e5 Biskopsbo. Tre barn till Amerika 1899-1900. <\/p>\n\n\n\n<p>1900. Frans August Andersson (1866-08-12 (i \u00d6sterplana)- ), Anna Johannesdotter (1866-05-05 (i \u00d6sterplana)- ), Karl Enok (1892-01-03- ), Ernst Gustaf (1894-01-25- ), Erik Gunnar (1895-12-17- ), Jenny Maria (1898-09-19- ), Ester Margareta (1901-01-27- ), Anders Ewald (1903-10-03- ). Erh\u00e5llit varning inf\u00f6r barnav\u00e5rdsn\u00e4mnden f\u00f6r v\u00e5rdsl\u00f6shet i barnuppfostran 1903-10-29. Inflyttade fr\u00e5n Lundholmen. Flyttade 1904 till \u00d6sterplana, Skaraborgs l\u00e4n.<\/p>\n\n\n\n<p>1904. Jonas Malkolm Jonasson (1835-11-25 (i Vrigstad)&#8211;1916-02-24 (p\u00e5 Hagen)), Carolina Christina Johansdotter (1862-09-08 (i Nydala)- ) Frans August (1887-10-17- ), Hedvig Andrietta (1888-11-28- ). Inflyttade fr\u00e5n Berglunda, Lunnaberg.<\/p>\n\n\n\n<p>1910. Frans August Johansson (1887-10-17- ) &#8211; se ovan, Hanna Elvira Ester Wikell (1879-12-01 (i Ramqvilla)- ), Sigrid Anna Elisabeth (1910-10-16- ), Greta Hanna Maria (1912-08-08- ), Ester Emilia (1913-12-10- ), Oskar Fredrik Natanael (1914-12-01- ), Johan Gustaf Malkolm (1916-07-21- ), Karl Axel Ludvig (1918-11-10- ), Berta Ingeborg Viola (1920-09-08- ), Lilly Elsa Viktoria (1923-01-07- ), Karin Linnea Vilhelmina (1924-08-02- ). Inflyttade fr\u00e5n Berglunda.<\/p>\n\n\n\n<p><a href=\"https:\/\/vrigstadshembygdsforening.se\/PDF\/1984.pdf\" data-type=\"URL\" data-id=\"https:\/\/vrigstadshembygdsforening.se\/PDF\/1984.pdf\">Se karta<\/a>.<\/p>\n","protected":false},"excerpt":{"rendered":"<p>Torp under Biskopsbo. 1754. M\u00e5ns M\u00e5nsson, Elin, Maria. 1776. Maria, Johan, Abraham, Petter. 1788. Nils (1754- ), Ingrid (1764- ),<\/p>\n","protected":false},"author":1,"featured_media":0,"parent":0,"menu_order":0,"comment_status":"closed","ping_status":"closed","template":"","meta":{"footnotes":""},"class_list":["post-4970","page","type-page","status-publish","hentry"],"_links":{"self":[{"href":"https:\/\/vrigstadshembygdsforening.se\/index.php?rest_route=\/wp\/v2\/pages\/4970","targetHints":{"allow":["GET"]}}],"collection":[{"href":"https:\/\/vrigstadshembygdsforening.se\/index.php?rest_route=\/wp\/v2\/pages"}],"about":[{"href":"https:\/\/vrigstadshembygdsforening.se\/index.php?rest_route=\/wp\/v2\/types\/page"}],"author":[{"embeddable":true,"href":"https:\/\/vrigstadshembygdsforening.se\/index.php?rest_route=\/wp\/v2\/users\/1"}],"replies":[{"embeddable":true,"href":"https:\/\/vrigstadshembygdsforening.se\/index.php?rest_route=%2Fwp%2Fv2%2Fcomments&post=4970"}],"version-history":[{"count":1,"href":"https:\/\/vrigstadshembygdsforening.se\/index.php?rest_route=\/wp\/v2\/pages\/4970\/revisions"}],"predecessor-version":[{"id":4971,"href":"https:\/\/vrigstadshembygdsforening.se\/index.php?rest_route=\/wp\/v2\/pages\/4970\/revisions\/4971"}],"wp:attachment":[{"href":"https:\/\/vrigstadshembygdsforening.se\/index.php?rest_route=%2Fwp%2Fv2%2Fmedia&parent=4970"}],"curies":[{"name":"wp","href":"https:\/\/api.w.org\/{rel}","templated":true}]}}