{"id":4958,"date":"2021-10-09T17:30:19","date_gmt":"2021-10-09T17:30:19","guid":{"rendered":"https:\/\/vrigstadshembygdsforening.se\/?page_id=4958"},"modified":"2022-12-01T16:25:13","modified_gmt":"2022-12-01T16:25:13","slug":"gostorp-lilla","status":"publish","type":"page","link":"https:\/\/vrigstadshembygdsforening.se\/?page_id=4958","title":{"rendered":"G\u00f6storp, Lilla"},"content":{"rendered":"\n<p>Torp under Stora G\u00f6storp. Revs 1939. Sista inv. Anders Johan Karlsson, f. 1837 i Nydala, och hustrun Lena Kristina Carlsdotter, f. 1850 i Nydala. Fem barn. Flyttade till Hagalund (nuvarande J\u00f6nk\u00f6pingsv\u00e4gen 24) i Vrigstad.<\/p>\n\n\n\n<p>1787. Carl, Lisbet, Johan,Catharina, Beata.<\/p>\n\n\n\n<p>1818. Jonas Andersson (1772-02-11- ), Beata Jaensdotter (1775-09-23- ), Anders (1800-05-20- ), Jacob (1808-11-17- ), Anna Lena (1810-05-02- ), Britta Lisa (1812-11-21- ), Lena Maja (1818-01-15- ).<br>Jonas Mattisson (1800-02-24- ), Stina Petersdotter (1793-12-11- ), Anna Maja (1823-05-25- ). Flyttar 1830 till Gisabo kvarn.<\/p>\n\n\n\n<p>1830. Johannes Andersson (1788-11-13&#8211;1844-02-12), Cajsa Magnisdotter (1782-01-08&#8211;1844-02-17), Peter Magnus (1819-01-25- ), Anna Lisa (1823-05-21- ). Barnen flyttar 1843-44.<\/p>\n\n\n\n<p>1844. Johannes Svensson (1812-06-19- ), Christina Jonasdotter (1818-07-06- ), Anna Charlotta (1841-04-08- ), Johan Fridolf (1849-08-29- ). Flyttar 1853.<\/p>\n\n\n\n<p>1853. Sven Lindsten (1818-03-02- ), Lisa Greta Petersdotter (1815-05-04- ), Per Johan (1847-04-27- ), Sven August (1850-01-21- ), Emma Kristina (1853-05-24- ). Flyttar 1858 till Sj\u00f6holm.<\/p>\n\n\n\n<p>1858. Anders Petersson (1826-09-17- ), Anna Stina Andersdotter (1829-05-06- ), Johan Fredrik (1854-08-24- ), Emma Christina (1856-10-09&#8211;1859-03-06), Mathilda (1859-01-1-6- ), Carl Victor (1860-06-14- ), Anna Charlotta (1863-05-08- ), Sven Gustaf (1866-08-15- ). Flyttade 1869 till K\u00e4llunda.<\/p>\n\n\n\n<p>1870. Karl Johan Johannisson (1821-08-26- ), Anna Sara Andersdotter (1828-07-02- ), Ida Kristina (1854-07-14- ), Helena Maria (1857-01-27- ). Flyttade fr\u00e5n Karlsn\u00e4s och tillbaka dit samma \u00e5r.<\/p>\n\n\n\n<p>1871. Johan Abrahamsson (1822-12-08&#8211;1875-09-23), \u00e4nkan Johanna Cathrina Larsdotter (1832-02-04- ), hennes son Carl Oskar Andersson (1857-07-24- ), Anna Charlotta (1864-09-01- ), Elisabeth (1867-06-04- ), Johan (1872-02-04- ). \u00c4nkan med barn flyttar 1879 till Lundholmen.<\/p>\n\n\n\n<p>1872. \u00c4nkan Thilda Johansdotter (1854-08-17- ), sonen Carl Oskar Thelin (1873-09-05- ).<\/p>\n\n\n\n<p>1880. Carl Oskar Andersson Fagell (1857-07-24- ) &#8211; se ovan &#8211; gifter sig med Ida Kristina Johannisdotter (1855-01-25- ), Johan Efraim (1880-10-29- ), Karl Emanuel (1882-09-23- ), Emmy Josefina Elisabeth (1885-05-08- ). Flyttar 1886 till Knafram\u00e5len.<\/p>\n\n\n\n<p>1886. Otto Carlsson (1846-04-22- ), Kristina Sofia Andersdotter (1847-12-10- ), Claes Henning (1873-01-29- ), Johanna Maria (1875-01-28- ), Johannes August (1878-07-25- ), Carl Gustaf (1882-10-09- ), Oscar Nathanael (1888-03-16- ). Inflyttade fr\u00e5n H\u00e4sthagen.  <\/p>\n\n\n\n<p>1894. Anders Petersson (1826-09-17- ), Anna Stina Andersdotter (1829-05-06- ), Emma Christina (1856-10-09&#8211;1859-03-06). Inflyttade fr\u00e5n K\u00e4llunda, Lundby. <\/p>\n\n\n\n<p>1907. Anders Johan Karlsson (1837-05-02 (i Nydala)&#8211;1917-01-27), Lena Kristina Karlsdotter (1850-12-10 (i Nydala)- ), Anna Elise (1886-06-05- ), Carl Aron (1889-07-01 &#8211; ), Emil Natanael (1894-06-14- ). Inflyttade fr\u00e5n S\u00f6rhult, Holkaryd. <\/p>\n\n\n\n<p>Karl Aron Andersson (1889-07-01- ) &#8211; se ovan. Flyttade 1924  till Hagalund. <\/p>\n\n\n\n<p><a href=\"https:\/\/vrigstadshembygdsforening.se\/PDF\/1983.pdf\" data-type=\"URL\" data-id=\"https:\/\/vrigstadshembygdsforening.se\/PDF\/1983.pdf\">Se karta<\/a>.<\/p>\n","protected":false},"excerpt":{"rendered":"<p>Torp under Stora G\u00f6storp. Revs 1939. Sista inv. Anders Johan Karlsson, f. 1837 i Nydala, och hustrun Lena Kristina Carlsdotter,<\/p>\n","protected":false},"author":1,"featured_media":0,"parent":0,"menu_order":0,"comment_status":"closed","ping_status":"closed","template":"","meta":{"footnotes":""},"class_list":["post-4958","page","type-page","status-publish","hentry"],"_links":{"self":[{"href":"https:\/\/vrigstadshembygdsforening.se\/index.php?rest_route=\/wp\/v2\/pages\/4958","targetHints":{"allow":["GET"]}}],"collection":[{"href":"https:\/\/vrigstadshembygdsforening.se\/index.php?rest_route=\/wp\/v2\/pages"}],"about":[{"href":"https:\/\/vrigstadshembygdsforening.se\/index.php?rest_route=\/wp\/v2\/types\/page"}],"author":[{"embeddable":true,"href":"https:\/\/vrigstadshembygdsforening.se\/index.php?rest_route=\/wp\/v2\/users\/1"}],"replies":[{"embeddable":true,"href":"https:\/\/vrigstadshembygdsforening.se\/index.php?rest_route=%2Fwp%2Fv2%2Fcomments&post=4958"}],"version-history":[{"count":3,"href":"https:\/\/vrigstadshembygdsforening.se\/index.php?rest_route=\/wp\/v2\/pages\/4958\/revisions"}],"predecessor-version":[{"id":6220,"href":"https:\/\/vrigstadshembygdsforening.se\/index.php?rest_route=\/wp\/v2\/pages\/4958\/revisions\/6220"}],"wp:attachment":[{"href":"https:\/\/vrigstadshembygdsforening.se\/index.php?rest_route=%2Fwp%2Fv2%2Fmedia&parent=4958"}],"curies":[{"name":"wp","href":"https:\/\/api.w.org\/{rel}","templated":true}]}}