{"id":4950,"date":"2021-10-09T11:46:03","date_gmt":"2021-10-09T11:46:03","guid":{"rendered":"https:\/\/vrigstadshembygdsforening.se\/?page_id=4950"},"modified":"2021-10-09T11:46:04","modified_gmt":"2021-10-09T11:46:04","slug":"gardet","status":"publish","type":"page","link":"https:\/\/vrigstadshembygdsforening.se\/?page_id=4950","title":{"rendered":"G\u00e4rdet"},"content":{"rendered":"\n<p>Backstuga under Sunnerby S\u00f6derg\u00e5rd.<\/p>\n\n\n\n<p>1887. Anders Magnus Petersson (1828-01-07&#8211;1902-12-06), Inga Samuelsdotter (1825-10-20&#8211;1887-11-16), Anders Johan (1863- ). Inflyttade fr\u00e5n Sj\u00f6bo, Sunnerby S\u00f6derg\u00e5rd.<\/p>\n\n\n\n<p>1910. Kristina Vilhelmina Johansdotter (1849-09-25 (i Hj\u00e4lmseryd)&#8211;1927-04-23). Inflyttad fr\u00e5n Amerika. <\/p>\n\n\n\n<p><a href=\"https:\/\/vrigstadshembygdsforening.se\/Bilder\/Bild\/Torpk\/1984.pdf\" data-type=\"URL\" data-id=\"https:\/\/vrigstadshembygdsforening.se\/Bilder\/Bild\/Torpk\/1984.pdf\">Se karta<\/a>.<\/p>\n","protected":false},"excerpt":{"rendered":"<p>Backstuga under Sunnerby S\u00f6derg\u00e5rd. 1887. Anders Magnus Petersson (1828-01-07&#8211;1902-12-06), Inga Samuelsdotter (1825-10-20&#8211;1887-11-16), Anders Johan (1863- ). Inflyttade fr\u00e5n Sj\u00f6bo, Sunnerby<\/p>\n","protected":false},"author":1,"featured_media":0,"parent":0,"menu_order":0,"comment_status":"closed","ping_status":"closed","template":"","meta":{"footnotes":""},"class_list":["post-4950","page","type-page","status-publish","hentry"],"_links":{"self":[{"href":"https:\/\/vrigstadshembygdsforening.se\/index.php?rest_route=\/wp\/v2\/pages\/4950","targetHints":{"allow":["GET"]}}],"collection":[{"href":"https:\/\/vrigstadshembygdsforening.se\/index.php?rest_route=\/wp\/v2\/pages"}],"about":[{"href":"https:\/\/vrigstadshembygdsforening.se\/index.php?rest_route=\/wp\/v2\/types\/page"}],"author":[{"embeddable":true,"href":"https:\/\/vrigstadshembygdsforening.se\/index.php?rest_route=\/wp\/v2\/users\/1"}],"replies":[{"embeddable":true,"href":"https:\/\/vrigstadshembygdsforening.se\/index.php?rest_route=%2Fwp%2Fv2%2Fcomments&post=4950"}],"version-history":[{"count":1,"href":"https:\/\/vrigstadshembygdsforening.se\/index.php?rest_route=\/wp\/v2\/pages\/4950\/revisions"}],"predecessor-version":[{"id":4951,"href":"https:\/\/vrigstadshembygdsforening.se\/index.php?rest_route=\/wp\/v2\/pages\/4950\/revisions\/4951"}],"wp:attachment":[{"href":"https:\/\/vrigstadshembygdsforening.se\/index.php?rest_route=%2Fwp%2Fv2%2Fmedia&parent=4950"}],"curies":[{"name":"wp","href":"https:\/\/api.w.org\/{rel}","templated":true}]}}