{"id":4928,"date":"2021-10-06T17:23:48","date_gmt":"2021-10-06T17:23:48","guid":{"rendered":"https:\/\/vrigstadshembygdsforening.se\/?page_id=4928"},"modified":"2022-12-05T14:43:36","modified_gmt":"2022-12-05T14:43:36","slug":"grondal-3","status":"publish","type":"page","link":"https:\/\/vrigstadshembygdsforening.se\/?page_id=4928","title":{"rendered":"Gr\u00f6ndal"},"content":{"rendered":"\n<p>Backstuga under Lundby Mellang\u00e5rd. Siste inv\u00e5nare h\u00e4r var Johan (J\u00f6dde) Hjort, som dog h\u00e4r 1895. Huset var stort med rum och k\u00f6k p\u00e5 bv. Rum p\u00e5 vinden d\u00e4r det varit sm\u00e5skola. Arrendet utgjorde tv\u00e5 dagsverken i veckan. Huset rivet och flyttat till skolg\u00e5rden.<\/p>\n\n\n\n<p>1819. Johannes Norberg (1805-07-12- ). Flyttar 1820 till Bodarna, Sunnerby.<\/p>\n\n\n\n<p>1822. \u00c4nkan Annicka Andersdotter (1780-09-17&#8211;1850-10-31), Anders Jaensson (1808-04-19&#8211;1846-02-09). Sonen &#8221;mindre vetande&#8221; enligt husf\u00f6rh\u00f6rsl\u00e4ngden. Blev ihj\u00e4lslagen p\u00e5 Lundholmen. <\/p>\n\n\n\n<p>1823. Anders Larsson (1750&#8211;1825).<\/p>\n\n\n\n<p>1851. Peter Magnus Johannisson (1825-01-29&#8211;1865-05-22), Petronella Christina Bergdal (1818-04-22&#8211;1900), Helena (1837-06-03- ), Frans August (1856-09-30- ). \u00c4nkan Annicka Andersdotter (se ovan) bodde kvar h\u00e4r till sin d\u00f6d.<\/p>\n\n\n\n<p>1872. Jonas Petter Johannesson (1818-04-10- ) och Anna Kristina Petersdotter (1822-01-09- ), Karolina (1856-10-29- ), Johannes August (1859-11-20- ), Frans Oskar (1863-03-08- ). De flyttade hit fr\u00e5n Lundby \u00d6sterg\u00e5rd och flyttade vidare samma \u00e5r.<\/p>\n\n\n\n<p>1872 Jonas Petter Johansson Hjort (&#8221;G\u00f6dde Hjort&#8221;) (1823-08-08&#8211;1897-08-20), Kristina Petersdotter (1834-02-20&#8211;1896-04-07), Karl Edvard Andersson (1849-09-16- ) &#8211; Emma Elisabeth (1861-01-03- ), Maria Charlotta (1863-04-15- ),  deras barn &#8211; Hilda Carolina (1870-01-25- ), Anna Alfrida (1874-07-28&#8211;1874-08-19), Karl Oskar (1877-01-14- ), Klaes August (1879-05-31- ). De flyttade hit fr\u00e5n L K\u00e4llunda, Lundby Vgd. De hade tv\u00e5 s\u00f6ner &#8211; Oskar blev dr\u00e4ng i Bj\u00e4llebo och \u00e5kte sedan till Amerika, den andre sonen dr\u00e4ng i Lammfors. Fadern och de tv\u00e5 yngsta s\u00f6berna flyttade 1897.<\/p>\n\n\n\n<p>1886. Axel Str\u00f6berg (1825-10-20- ), Lena Maja Petersdotter (1827-03-28- ), Carl Oskar (1869-12-02- ). Lena Maja var blind. De flyttade hit fr\u00e5n H\u00f6gelund, Lundby och flyttade 1887 till Lundby \u00d6sterg\u00e5rd.<\/p>\n\n\n\n<p>Viktor Karlsson. Flyttat till Lille Sl\u00e4tt.<\/p>\n\n\n\n<p><a href=\"https:\/\/vrigstadshembygdsforening.se\/PDF\/1986.pdf\" data-type=\"URL\" data-id=\"https:\/\/vrigstadshembygdsforening.se\/PDF\/1986.pdf\">Se karta<\/a>.<\/p>\n","protected":false},"excerpt":{"rendered":"<p>Backstuga under Lundby Mellang\u00e5rd. Siste inv\u00e5nare h\u00e4r var Johan (J\u00f6dde) Hjort, som dog h\u00e4r 1895. Huset var stort med rum<\/p>\n","protected":false},"author":1,"featured_media":0,"parent":0,"menu_order":0,"comment_status":"closed","ping_status":"closed","template":"","meta":{"footnotes":""},"class_list":["post-4928","page","type-page","status-publish","hentry"],"_links":{"self":[{"href":"https:\/\/vrigstadshembygdsforening.se\/index.php?rest_route=\/wp\/v2\/pages\/4928","targetHints":{"allow":["GET"]}}],"collection":[{"href":"https:\/\/vrigstadshembygdsforening.se\/index.php?rest_route=\/wp\/v2\/pages"}],"about":[{"href":"https:\/\/vrigstadshembygdsforening.se\/index.php?rest_route=\/wp\/v2\/types\/page"}],"author":[{"embeddable":true,"href":"https:\/\/vrigstadshembygdsforening.se\/index.php?rest_route=\/wp\/v2\/users\/1"}],"replies":[{"embeddable":true,"href":"https:\/\/vrigstadshembygdsforening.se\/index.php?rest_route=%2Fwp%2Fv2%2Fcomments&post=4928"}],"version-history":[{"count":2,"href":"https:\/\/vrigstadshembygdsforening.se\/index.php?rest_route=\/wp\/v2\/pages\/4928\/revisions"}],"predecessor-version":[{"id":6247,"href":"https:\/\/vrigstadshembygdsforening.se\/index.php?rest_route=\/wp\/v2\/pages\/4928\/revisions\/6247"}],"wp:attachment":[{"href":"https:\/\/vrigstadshembygdsforening.se\/index.php?rest_route=%2Fwp%2Fv2%2Fmedia&parent=4928"}],"curies":[{"name":"wp","href":"https:\/\/api.w.org\/{rel}","templated":true}]}}