{"id":4914,"date":"2021-10-05T14:34:18","date_gmt":"2021-10-05T14:34:18","guid":{"rendered":"https:\/\/vrigstadshembygdsforening.se\/?page_id=4914"},"modified":"2021-10-05T15:11:06","modified_gmt":"2021-10-05T15:11:06","slug":"grimsholm-grimsholmen","status":"publish","type":"page","link":"https:\/\/vrigstadshembygdsforening.se\/?page_id=4914","title":{"rendered":"Grimsholm\/Grimsholmen"},"content":{"rendered":"\n<p>Torp under Lammaskog. Huset reparerat och tillbyggt 1920. Arrendet ett dagsverke per vecka + 120 kronor. Ladug\u00e5rden nybyggd 1936. Flyttad till Svarvarebygget p\u00e5 1950-talet.<\/p>\n\n\n\n<p>1826. Jonas Svensson (1794-04-29&#8211;1849-06-28), Maja Olofsdpotter (1788-10-20&#8211;1830), hustru 2 Lena Catharina Jaensdotter (1807-02-01- ), Stina (1818-11-03- ), Catrina (1821- ), Anna Lena (1826-09-18&#8211;1831), Sophia (1828-01-26- ), Anders Johan (1832-07-09&#8211;1832), Anna Lena (1834-05-23- ), Sven Johan (1837-04-20- ), Johannes (1839-09-13- ) Hilda (1842-03-26- ), Johanna (1845-11-04- ), Frans (1849-04-19&#8211;1852-04-08). Om Jonas Svensson st\u00e5r &#8221;Utfattig och of\u00f6rm\u00f6gen att betala n\u00e5gra kronoutskylder&#8221;. 1860 flyttar det sista av barnen fr\u00e5n torpet &#8211; endast \u00e4nkan bor kvar.<\/p>\n\n\n\n<p>1858. Klas Johan August Svensson (1835-02-15 (i Vrigstad)-1915 (i Grimsholmen)), Lisa Maja Karlsdotter (1833-08-29 (i Vrigstad)-1908 (i Grimsholmen)) &#8211; bror till Johannes p\u00e5 Jonsbygget, Augusta Charlotta (1858-06-20- ), Frans Edvard (1860-10-29- ), Karl Anders (1863-10-13- ), Emma Kristina (1867-07-26- ), Frans Axel (1870-08-22- ), Frans Edvard Klasson (1873-02-08 (i Vrigstad)- ), Anna Esselia (1878-01-24- ) &#8211; hennes o.\u00e4. son Gunnar Viktor Aldin (1900-03-22&#8211;1901-04-02).<\/p>\n\n\n\n<p>1905. Sonen Frans Edvard Klaesson (1873-02-08 (i Vrigstad)-19??), Anna Charlotta Andersdotter (1876-01-29 (i Svenarum)-1909-03-12 (i Grimsholmen)), Frans Gunnar Albin (1904-02-07 (i Vrigstad)- ), Edit Nanny (1905-10-01- ), Elna Olga Naemi (1906-12-28- ), Elin Augusta (1908-09-08- ). Frans p\u00e5k\u00f6rd av en bil och skadad 1937, v\u00e5rdad p\u00e5 Ryhov. Frans Edvards f\u00f6r\u00e4ldrar bor kvar.<\/p>\n\n\n\n<p>1909. Flyttar Anna Elisabet Karlsdotter (1874-06-17 (i Svenarum)- ) in fr\u00e5n Nydala och gifter sig med Frans Edvard &#8211; se ovan. Ut\u00f6ver ovan n\u00e4mda barn har hon med sig en dotter Elin Augusta (1900-05-12&#8211;1907-05-07). Tillsammans f\u00e5r de barnen Per Oskar David (1910-08-01- ), Ester Maria (1912-05-17- ), Karl Johan (1914-04-12- ).<\/p>\n\n\n\n<p>1934. H\u00e4r bor nu  Frans Edvard Klaesson (1873-02-08 -),  Anna Elisabet Karlsdotter (1874-06-17- ),  Karl Johan (1914-04-12- ), Elin Augusta Fransson (1908-09-08- ) och hennes son Nils Erik Reymond (1931-11-13- ).   <\/p>\n\n\n\n<p>Oscar Claesson Grip (1903- ).<\/p>\n\n\n\n<p><a href=\"https:\/\/vrigstadshembygdsforening.se\/Bilder\/Bild\/Torpk\/1986.pdf\" data-type=\"URL\" data-id=\"https:\/\/vrigstadshembygdsforening.se\/Bilder\/Bild\/Torpk\/1986.pdf\">Se karta<\/a>.<\/p>\n","protected":false},"excerpt":{"rendered":"<p>Torp under Lammaskog. Huset reparerat och tillbyggt 1920. Arrendet ett dagsverke per vecka + 120 kronor. Ladug\u00e5rden nybyggd 1936. Flyttad<\/p>\n","protected":false},"author":1,"featured_media":0,"parent":0,"menu_order":0,"comment_status":"closed","ping_status":"closed","template":"","meta":{"footnotes":""},"class_list":["post-4914","page","type-page","status-publish","hentry"],"_links":{"self":[{"href":"https:\/\/vrigstadshembygdsforening.se\/index.php?rest_route=\/wp\/v2\/pages\/4914","targetHints":{"allow":["GET"]}}],"collection":[{"href":"https:\/\/vrigstadshembygdsforening.se\/index.php?rest_route=\/wp\/v2\/pages"}],"about":[{"href":"https:\/\/vrigstadshembygdsforening.se\/index.php?rest_route=\/wp\/v2\/types\/page"}],"author":[{"embeddable":true,"href":"https:\/\/vrigstadshembygdsforening.se\/index.php?rest_route=\/wp\/v2\/users\/1"}],"replies":[{"embeddable":true,"href":"https:\/\/vrigstadshembygdsforening.se\/index.php?rest_route=%2Fwp%2Fv2%2Fcomments&post=4914"}],"version-history":[{"count":2,"href":"https:\/\/vrigstadshembygdsforening.se\/index.php?rest_route=\/wp\/v2\/pages\/4914\/revisions"}],"predecessor-version":[{"id":4917,"href":"https:\/\/vrigstadshembygdsforening.se\/index.php?rest_route=\/wp\/v2\/pages\/4914\/revisions\/4917"}],"wp:attachment":[{"href":"https:\/\/vrigstadshembygdsforening.se\/index.php?rest_route=%2Fwp%2Fv2%2Fmedia&parent=4914"}],"curies":[{"name":"wp","href":"https:\/\/api.w.org\/{rel}","templated":true}]}}