{"id":4905,"date":"2021-10-04T19:25:17","date_gmt":"2021-10-04T19:25:17","guid":{"rendered":"https:\/\/vrigstadshembygdsforening.se\/?page_id=4905"},"modified":"2021-10-04T19:25:18","modified_gmt":"2021-10-04T19:25:18","slug":"granemon","status":"publish","type":"page","link":"https:\/\/vrigstadshembygdsforening.se\/?page_id=4905","title":{"rendered":"Granemon"},"content":{"rendered":"\n<p>Under Horveryd V\u00e4strag\u00e5rd.<\/p>\n\n\n\n<p>1776. Nicolaus (1737- ), Kerstin (1731- ), Jonas (1758-04-10- ), Sara (1764- ), M\u00e5ns (1769- ).<\/p>\n\n\n\n<p>1792. Jonas Nilsson (1758-04-10- ) &#8211; se ovan, Maja (1762- ), Sara Stina (1798-01-18- ), Johannes (1801-01-16- ). De flyttade 1813 till Hylletofta.<\/p>\n\n\n\n<p>1805. \u00c4nkan Eva (1745- ), Katrina (1782- ). Kom fr\u00e5n K\u00e4llunda och flyttade till Hylletofta.<\/p>\n\n\n\n<p>1813. Samuel Bom (1779-09-20- ), Stina Magnusdotter (1774-09-02- ), Lena Sofia (1808-10-07- ). De flyttade 1816 till Ljunga.<\/p>\n\n\n\n<p>1817. Anders Jonasson (1753-06-13- ), Greta Gummesdotter (1756-08-27- ).<\/p>\n\n\n\n<p>1824. Anders Almqvist (1780- ), Stina Gudmundsdotter (1797-11-26- ), Anna Lisa (1818-07-20- ), Jonas Petter (1821-03-03- ), Gustaf (1823-05-11&#8211;1837-10-01), Claes Magnus (1825-11-03- ), Israel (1832-08-10- ), Johan Malkum (1836-12-31- ), Hedvig Christina (1840-04-06- ). Flyttar 1841 till \u00c5kersl\u00e4tt.<\/p>\n\n\n\n<p>1842. Jonas Peter Abrahamsson (1813-06-18- ), Anna Stina Petersdotter (1814-10-17- ), Israel August (1838-12-12- ), Maja Catharina (1842-01-25- ), Claes Abraham (1845-03-12- ). Inflyttade fr\u00e5n Stenshult. Flyttar 1845.<\/p>\n\n\n\n<p>1855. Fredrik Jaensson (1812-09-10- ).<\/p>\n\n\n\n<p>1858. Samuel Svensson (1825-12-16- ), Brita Cathrina Jaensdotter (1822-05-20- ), Klaes Johan (1855-05-01- ), Anna Kristina (1857-08-19- ), Ida Wilhelmina (1860-09-03- ). Flyttar 1858 fr\u00e5n Horveryd Backeg\u00e5rd och 1862 tillbaka till Horveryd Backeg\u00e5rd. <\/p>\n\n\n\n<p>1866. Anders Johan Persson (1838-02-22- ), Lotta Gustafsdotter (1845-10-11- ), Emma Kristina (1867-10-02- ), Anders Johan Alfrid (1869-09-08- ). Inflyttade fr\u00e5n Habo. Flyttar till Amerika 1869. &#8221;Rymt till Amerika&#8221; st\u00e5r det i husf\u00f6rh\u00f6rsl\u00e4ngden.<\/p>\n\n\n\n<p>1872. Gratialisten Karl Johan Frants (1815-12-06- ), Lena Kristofferdotter (1820-03-15- ), Johanna Matilda (1848-11-11- ), Elise Julie (1856-10-04- ), Augusta Josefina (1859-05-25- ), Nia Lovisa (1862-04-04- ), Amanda Elovea (1867-07-01- ). Inflyttade fr\u00e5n Ledstorpet. Flyttar 1876 till Lindeholm.<\/p>\n\n\n\n<p>1883. Arrendator Jonas Peter Andersson (1840-02-08- ), Anna Charlotta Magnisdotter (1836-11-08- ), Alfrida Josefina (1873-02-08&#8211;1886-08-22), Axel Emil (1875-01-12- ), Oscar Emanuel (1878-03-12- ), Anna Mathilda (1883-10-09- ). Inflyttade fr\u00e5n Stafudden. Flyttar 1886 till Lundholmen.<\/p>\n\n\n\n<p>1889. Arrendator Carl Johan Otosson (1860-09-30- ), Ida Vilhelmina Samuelsdotter (1860-09-03- ), Simon Gerhard Samuel (1890-06-21- ), Carl Algot Konrad (1892-12-27- ) &#8211; utflyttad till USA, Janne Oskar Enok (1895-08-05- ), Josef Ivar Natanael (1897-11-24- ), Signe Maria (1901&#8211;1901), David Martin Pontus (1903-05-03- ). <\/p>\n\n\n\n<p>1918. Janne Oskar Enok  (1895-08-05- ) &#8211; se ovan, Elin Charlotta Sofia Johansson (1893-01-08 (i Svenarum)- ), Karl Einar Natanael (1918-05-23 (i Vrigstad)- ). Inflyttade fr\u00e5n Stensberg. Flyttar 1919 till Horveryd \u00d6streg\u00e5rd.<\/p>\n\n\n\n<p>Carl Johan Otosson (1860-09-30- ), Ida Vilhelmina Samuelsdotter (1860-09-03- ) och  David Martin Pontus (1903-05-03- ) bor kvar 1933.<\/p>\n\n\n\n<p><a href=\"https:\/\/vrigstadshembygdsforening.se\/Bilder\/Bild\/Torpk\/1986.pdf\" data-type=\"URL\" data-id=\"https:\/\/vrigstadshembygdsforening.se\/Bilder\/Bild\/Torpk\/1986.pdf\">Se karta<\/a>.<\/p>\n","protected":false},"excerpt":{"rendered":"<p>Under Horveryd V\u00e4strag\u00e5rd. 1776. Nicolaus (1737- ), Kerstin (1731- ), Jonas (1758-04-10- ), Sara (1764- ), M\u00e5ns (1769- ). 1792.<\/p>\n","protected":false},"author":1,"featured_media":0,"parent":0,"menu_order":0,"comment_status":"closed","ping_status":"closed","template":"","meta":{"footnotes":""},"class_list":["post-4905","page","type-page","status-publish","hentry"],"_links":{"self":[{"href":"https:\/\/vrigstadshembygdsforening.se\/index.php?rest_route=\/wp\/v2\/pages\/4905","targetHints":{"allow":["GET"]}}],"collection":[{"href":"https:\/\/vrigstadshembygdsforening.se\/index.php?rest_route=\/wp\/v2\/pages"}],"about":[{"href":"https:\/\/vrigstadshembygdsforening.se\/index.php?rest_route=\/wp\/v2\/types\/page"}],"author":[{"embeddable":true,"href":"https:\/\/vrigstadshembygdsforening.se\/index.php?rest_route=\/wp\/v2\/users\/1"}],"replies":[{"embeddable":true,"href":"https:\/\/vrigstadshembygdsforening.se\/index.php?rest_route=%2Fwp%2Fv2%2Fcomments&post=4905"}],"version-history":[{"count":1,"href":"https:\/\/vrigstadshembygdsforening.se\/index.php?rest_route=\/wp\/v2\/pages\/4905\/revisions"}],"predecessor-version":[{"id":4906,"href":"https:\/\/vrigstadshembygdsforening.se\/index.php?rest_route=\/wp\/v2\/pages\/4905\/revisions\/4906"}],"wp:attachment":[{"href":"https:\/\/vrigstadshembygdsforening.se\/index.php?rest_route=%2Fwp%2Fv2%2Fmedia&parent=4905"}],"curies":[{"name":"wp","href":"https:\/\/api.w.org\/{rel}","templated":true}]}}