{"id":4840,"date":"2021-09-30T17:31:13","date_gmt":"2021-09-30T17:31:13","guid":{"rendered":"https:\/\/vrigstadshembygdsforening.se\/?page_id=4840"},"modified":"2021-09-30T19:45:17","modified_gmt":"2021-09-30T19:45:17","slug":"eriksdal-eriksdahl-nilsabygget-dalen","status":"publish","type":"page","link":"https:\/\/vrigstadshembygdsforening.se\/?page_id=4840","title":{"rendered":"Eriksdal\/Eriksdahl\/Nilsabygget\/Dalen"},"content":{"rendered":"\n<p>Backstuga under Horveryd. Sist boende var Jonas M\u00e5nsson med hustru Lena Petersdotter och sonen Lars. De flyttade in 1819 och flyttade 1820 till L\u00f6f\u00e4lla.<\/p>\n\n\n\n<p>1727. Ryttaren Johan Ridderberg (1691?- ), Kerstin J\u00f6nsdotter (1695?- ), Stina (1721?- ), Sven (1723?- ), Katrina (1725?- ), Marja.<\/p>\n\n\n\n<p>Ryttaren Petter Norberg, Elin Schog.<\/p>\n\n\n\n<p>Nils Knus, Kerstin.<\/p>\n\n\n\n<p>Gabriel Israelsson, Sara Hansdotter.<\/p>\n\n\n\n<p>Erik J\u00f6nsson, Maja Isaksdotter.<\/p>\n\n\n\n<p>1776. Torparen Nicolaus (1734- ), Maja (1722- ). Andra hustrun hette Brita Lisa.<\/p>\n\n\n\n<p>1796. Lisa (1723- ).<\/p>\n\n\n\n<p>1807. \u00c4nkan Eva (1744- ).<\/p>\n\n\n\n<p>1810. Torparen Johannes Pettersson (1782- ), Anika (1770- ).<\/p>\n\n\n\n<p>Torparen Sven Nilsson (1792-03-10- ), Fredrika Johannesdotter (1801-05-07- ), Lena Caj sa (1819- ). Dr\u00e4ng hos familen: Jonas Johannisson.<\/p>\n\n\n\n<p>\u00c4nkan Sara Jonasdotter (fattighjon), Maja Kjell (1774- ). Mannen tj\u00e4nar vid Svarvarebygget, .<\/p>\n\n\n\n<p>1817. Sven Nilsson (1792-08-10- ), Fredricka Johansdotter (1801-05-07- ), Lena (1819-12-17- ).<\/p>\n\n\n\n<p>1819. Torparen Jonas M\u00e5nsson (1775-11-14- ), Lena Petersdotter (1762-01-03- ), Sven (1806&#8211;12-17- ). Inflyttad 1819 fr\u00e5n L\u00f6ff\u00e4lla och utflyttade dit 1820.<\/p>\n","protected":false},"excerpt":{"rendered":"<p>Backstuga under Horveryd. Sist boende var Jonas M\u00e5nsson med hustru Lena Petersdotter och sonen Lars. De flyttade in 1819 och<\/p>\n","protected":false},"author":1,"featured_media":0,"parent":0,"menu_order":0,"comment_status":"closed","ping_status":"closed","template":"","meta":{"footnotes":""},"class_list":["post-4840","page","type-page","status-publish","hentry"],"_links":{"self":[{"href":"https:\/\/vrigstadshembygdsforening.se\/index.php?rest_route=\/wp\/v2\/pages\/4840","targetHints":{"allow":["GET"]}}],"collection":[{"href":"https:\/\/vrigstadshembygdsforening.se\/index.php?rest_route=\/wp\/v2\/pages"}],"about":[{"href":"https:\/\/vrigstadshembygdsforening.se\/index.php?rest_route=\/wp\/v2\/types\/page"}],"author":[{"embeddable":true,"href":"https:\/\/vrigstadshembygdsforening.se\/index.php?rest_route=\/wp\/v2\/users\/1"}],"replies":[{"embeddable":true,"href":"https:\/\/vrigstadshembygdsforening.se\/index.php?rest_route=%2Fwp%2Fv2%2Fcomments&post=4840"}],"version-history":[{"count":2,"href":"https:\/\/vrigstadshembygdsforening.se\/index.php?rest_route=\/wp\/v2\/pages\/4840\/revisions"}],"predecessor-version":[{"id":4842,"href":"https:\/\/vrigstadshembygdsforening.se\/index.php?rest_route=\/wp\/v2\/pages\/4840\/revisions\/4842"}],"wp:attachment":[{"href":"https:\/\/vrigstadshembygdsforening.se\/index.php?rest_route=%2Fwp%2Fv2%2Fmedia&parent=4840"}],"curies":[{"name":"wp","href":"https:\/\/api.w.org\/{rel}","templated":true}]}}