{"id":4834,"date":"2021-09-29T19:33:32","date_gmt":"2021-09-29T19:33:32","guid":{"rendered":"https:\/\/vrigstadshembygdsforening.se\/?page_id=4834"},"modified":"2021-09-29T19:33:32","modified_gmt":"2021-09-29T19:33:32","slug":"ekenas-2-lilla","status":"publish","type":"page","link":"https:\/\/vrigstadshembygdsforening.se\/?page_id=4834","title":{"rendered":"Eken\u00e4s 2 Lilla"},"content":{"rendered":"\n<p>Backstuga under hovslagarebost\u00e4llet Knutsbr\u00e5ten.<\/p>\n\n\n\n<p>1849. \u00c4nkan Maja Petersdotter (1790-10-01&#8211;1883). 1866 flyttar \u00e4nkan Johanna Gustava H\u00e5kansdotter (1921-03-21- ) hit tillsammans med Ida Lindahl (1856-04-22- ) och Johan Vigilius Lindahl (1859-01-31- ). 1886 flyttar Johanna Gustava med barn till Svenarum.<\/p>\n\n\n\n<p><a href=\"https:\/\/vrigstadshembygdsforening.se\/PDF\/1988.pdf\" data-type=\"URL\" data-id=\"https:\/\/vrigstadshembygdsforening.se\/PDF\/1988.pdf\">Se karta<\/a>.<\/p>\n","protected":false},"excerpt":{"rendered":"<p>Backstuga under hovslagarebost\u00e4llet Knutsbr\u00e5ten. 1849. \u00c4nkan Maja Petersdotter (1790-10-01&#8211;1883). 1866 flyttar \u00e4nkan Johanna Gustava H\u00e5kansdotter (1921-03-21- ) hit tillsammans med<\/p>\n","protected":false},"author":1,"featured_media":0,"parent":0,"menu_order":0,"comment_status":"closed","ping_status":"closed","template":"","meta":{"footnotes":""},"class_list":["post-4834","page","type-page","status-publish","hentry"],"_links":{"self":[{"href":"https:\/\/vrigstadshembygdsforening.se\/index.php?rest_route=\/wp\/v2\/pages\/4834","targetHints":{"allow":["GET"]}}],"collection":[{"href":"https:\/\/vrigstadshembygdsforening.se\/index.php?rest_route=\/wp\/v2\/pages"}],"about":[{"href":"https:\/\/vrigstadshembygdsforening.se\/index.php?rest_route=\/wp\/v2\/types\/page"}],"author":[{"embeddable":true,"href":"https:\/\/vrigstadshembygdsforening.se\/index.php?rest_route=\/wp\/v2\/users\/1"}],"replies":[{"embeddable":true,"href":"https:\/\/vrigstadshembygdsforening.se\/index.php?rest_route=%2Fwp%2Fv2%2Fcomments&post=4834"}],"version-history":[{"count":1,"href":"https:\/\/vrigstadshembygdsforening.se\/index.php?rest_route=\/wp\/v2\/pages\/4834\/revisions"}],"predecessor-version":[{"id":4835,"href":"https:\/\/vrigstadshembygdsforening.se\/index.php?rest_route=\/wp\/v2\/pages\/4834\/revisions\/4835"}],"wp:attachment":[{"href":"https:\/\/vrigstadshembygdsforening.se\/index.php?rest_route=%2Fwp%2Fv2%2Fmedia&parent=4834"}],"curies":[{"name":"wp","href":"https:\/\/api.w.org\/{rel}","templated":true}]}}