{"id":4706,"date":"2021-09-20T14:26:45","date_gmt":"2021-09-20T14:26:45","guid":{"rendered":"https:\/\/vrigstadshembygdsforening.se\/?page_id=4706"},"modified":"2021-09-20T15:50:56","modified_gmt":"2021-09-20T15:50:56","slug":"berglunda","status":"publish","type":"page","link":"https:\/\/vrigstadshembygdsforening.se\/?page_id=4706","title":{"rendered":"Berglunda"},"content":{"rendered":"\n<p>Torp under Lunnaberg.<\/p>\n\n\n\n<p>1823. Johan From (1783-02-10&#8211;1846-09-25), Anna Petersdotter (1781-07-03- ), Per Johan (1808-01-22- ), Johannes (1820-05-26- ),  Jonas Petter (1823-05-10- ), Gustaf (1825-10-30- ). Inflyttade fr\u00e5n S\u00e4by. Flyttar 1846-<\/p>\n\n\n\n<p>1846. Soldat Sven Gustaf Eld (1805-05-22- ), Stina Petersdotter (1794-02-05&#8211;1861-08-18), Anna Maria Fredrica (1832-07-17- ), Carl Johan (1834-04-19- ), Peter Magnus (1838-01-21- ). <\/p>\n\n\n\n<p>1860. Dottern Anna Maria Fredrica gifter sig 1860-03-30 med Anders Peter Andersson (1836-07-14- ). Han flyttar 1860 till Berglunda och de f\u00e5r barnen Lovisa Sofia (1860-12-21&#8211;186204-04), Anna Lovisa (1862-10-29- ), Anders Gustaf (1865-08-04&#8211;1866-05-03), Frans Gustaf (1867-04-10&#8211;186707-12), Ida Fredrika (1868-09-16- ). De flyttar till Amerika 1870.<\/p>\n\n\n\n<p>1870. Soldat Johan Nilsson Holm (1846-07-20- ). Inflyttad fr\u00e5n St. Sandsl\u00e4tt. Sonen Karl Johan (1869-06-10- ).<\/p>\n\n\n\n<p>1871. Frans Johan Pettersson (1845-11-30- ), Anna Maria Andersdotter (1845-04-13- ), Anders Emil (1870-05-11- ). Inflyttade fr\u00e5n S\u00e4vjedal.<\/p>\n\n\n\n<p>1872. Sven August Jonasson (1838-12-05&#8211;1898-05-31- (i Hagen)), Anna Kristina Petersdotter (1841-07-07- ), Karl Robert (1871-01-18- ), Per August (1872-10-11- ), Emma Kristiona (1874-01-28- ), Johan Allgott (1876-02-29- ), Frans Emil (1877-12-22- ), Klaes Edvard (1879-08-25- ), Oskar Reinhold (1882-05-04- ), Ottilia Josefina (1885-05-19- ). Inflyttade fr\u00e5n Kullen, Holkaryd. Flyttade 1889 till Hagen, Biskopsbo.<\/p>\n\n\n\n<p>1890. Jonas Malkolm Jonasson Johannesson (1835-11-25&#8211;1916 (i Hagen)), Carolina Kristina Johansdotter (1826-09-28 (i Nydala)- ), Frans August (1887-10-17- ), Hedvig Andrietta (1888-11-26- ). Inflyttade fr\u00e5n St. H\u00e4sthagen, Lundby. Flyttade 1904 till Ho\u00e5sen, Biskopsbo.<\/p>\n\n\n\n<p>1904. Sven Johan Vilhelm Nydal (1856-08-26 (i Hj\u00e4lmseryd)- ), Maria Cecilia Johannesdotter (1865-07-09 (i Hj\u00e4lmseryd)- ), Beda Sally Cecilia (1887-11-22- ), Axel Ragnar Bernhard (1899-04-10- ). Inflyttade fr\u00e5n Hjelmseryd. Flyttade 1909 till S\u00f6r\u00e4ng. Tv\u00e5 av barnen flyttade till Amerika.<\/p>\n\n\n\n<p>1909. Josef Natanael Karlsson (1883-09-05 (i Svenarum)&#8211;1932-08-26), Helena Sofia Andersdotter (1886-01-03 (i Sl\u00e4tth\u00f6g)- ), Johan Herbert (hennes son i f\u00f6rra \u00e4ktenskapet) (1908-07-05- ), Karl Erik Bertil (1919-05-17- ), Gustaf Axel Lennart (1921- 02-27- ), Vera Margit Maria (1922-12-22- ), Josef Allan Valdemar (1924-12-20- ). Inflyttade fr\u00e5n Hushall. De flyttade 1925 till Prinsalunden.<\/p>\n\n\n\n<p>1925. Samuel Petersson (1863-08-15 (i Stockaryd)- ), Johanna Sofia f. Magnusdotter (1868-04-21- ), Selma Ulrika Ingeborg (1907-05-28- ), Johan Henry Samuel (1904-07-26- ), Emma Martina Elisabet (1910-02-23- ), Henning Tunander (1899-07-21- )<\/p>\n\n\n\n<p>1934. Nils Helmer Fredriksson (1908-06-05- ), Oskar Fredrik Petersson (1876-06-04- ), Anna Sofia f. Johansson (1872-06-30- ), Britta Ingeg\u00e4rd (1915-09-12- ).<\/p>\n","protected":false},"excerpt":{"rendered":"<p>Torp under Lunnaberg. 1823. Johan From (1783-02-10&#8211;1846-09-25), Anna Petersdotter (1781-07-03- ), Per Johan (1808-01-22- ), Johannes (1820-05-26- ), Jonas Petter<\/p>\n","protected":false},"author":1,"featured_media":0,"parent":0,"menu_order":0,"comment_status":"closed","ping_status":"closed","template":"","meta":{"footnotes":""},"class_list":["post-4706","page","type-page","status-publish","hentry"],"_links":{"self":[{"href":"https:\/\/vrigstadshembygdsforening.se\/index.php?rest_route=\/wp\/v2\/pages\/4706","targetHints":{"allow":["GET"]}}],"collection":[{"href":"https:\/\/vrigstadshembygdsforening.se\/index.php?rest_route=\/wp\/v2\/pages"}],"about":[{"href":"https:\/\/vrigstadshembygdsforening.se\/index.php?rest_route=\/wp\/v2\/types\/page"}],"author":[{"embeddable":true,"href":"https:\/\/vrigstadshembygdsforening.se\/index.php?rest_route=\/wp\/v2\/users\/1"}],"replies":[{"embeddable":true,"href":"https:\/\/vrigstadshembygdsforening.se\/index.php?rest_route=%2Fwp%2Fv2%2Fcomments&post=4706"}],"version-history":[{"count":2,"href":"https:\/\/vrigstadshembygdsforening.se\/index.php?rest_route=\/wp\/v2\/pages\/4706\/revisions"}],"predecessor-version":[{"id":4709,"href":"https:\/\/vrigstadshembygdsforening.se\/index.php?rest_route=\/wp\/v2\/pages\/4706\/revisions\/4709"}],"wp:attachment":[{"href":"https:\/\/vrigstadshembygdsforening.se\/index.php?rest_route=%2Fwp%2Fv2%2Fmedia&parent=4706"}],"curies":[{"name":"wp","href":"https:\/\/api.w.org\/{rel}","templated":true}]}}