{"id":4613,"date":"2021-09-12T10:21:25","date_gmt":"2021-09-12T10:21:25","guid":{"rendered":"https:\/\/vrigstadshembygdsforening.se\/?page_id=4613"},"modified":"2021-09-12T14:59:01","modified_gmt":"2021-09-12T14:59:01","slug":"tva-generationer-lantbrevbarare","status":"publish","type":"page","link":"https:\/\/vrigstadshembygdsforening.se\/?page_id=4613","title":{"rendered":"Tv\u00e5 generationer lantbrevb\u00e4rare"},"content":{"rendered":"\n<p>Frans Algot Holm, indelt soldat och kyrkvaktm\u00e4stare, b\u00f6rjade den 1 december 1912 att b\u00e4ra ut post p\u00e5 linjen Vrigstad-Gettersryd-Virestorp-\u00c5kak\u00f6p-Vrigstad. Turen gick tv\u00e5 g\u00e5nger i veckan, till en b\u00f6rjan till fots, men senare per cykel. P\u00e5 vintrarna k\u00f6rde han med h\u00e4st. Han slutade som lantbrevb\u00e4rare den 31 juli 1939 och eftertr\u00e4ddes d\u00e5 av sin son Albin.<\/p>\n\n\n\n<figure class=\"wp-block-image size-full is-style-default\"><img loading=\"lazy\" decoding=\"async\" width=\"700\" height=\"448\" src=\"https:\/\/media.vrigstadshembygdsforening.se\/\/1979.150.jpg\" alt=\"\" class=\"wp-image-4614\" srcset=\"https:\/\/media.vrigstadshembygdsforening.se\/1979.150.jpg 700w, https:\/\/media.vrigstadshembygdsforening.se\/1979.150-300x192.jpg 300w\" sizes=\"auto, (max-width: 700px) 100vw, 700px\" \/><figcaption>Frans Algot Holm<\/figcaption><\/figure>\n\n\n\n<p>Albin Holm (1894-1968) eftertr\u00e4dde allts\u00e5 sin far som lantbrevb\u00e4rare 1939. Han k\u00f6rde samma tur som sin far varje dag &#8211; oftast med moped eller cykel. P\u00e5 vintern anv\u00e4nde han h\u00e4st som sin far. Albin pensionerades 1961.<\/p>\n\n\n\n<figure class=\"wp-block-image size-full is-style-default\"><img loading=\"lazy\" decoding=\"async\" width=\"700\" height=\"456\" src=\"https:\/\/media.vrigstadshembygdsforening.se\/\/1979.149.jpg\" alt=\"\" class=\"wp-image-4615\" srcset=\"https:\/\/media.vrigstadshembygdsforening.se\/1979.149.jpg 700w, https:\/\/media.vrigstadshembygdsforening.se\/1979.149-300x195.jpg 300w\" sizes=\"auto, (max-width: 700px) 100vw, 700px\" \/><figcaption>Albin Holm<\/figcaption><\/figure>\n\n\n\n<figure class=\"wp-block-image size-full is-style-default\"><img loading=\"lazy\" decoding=\"async\" width=\"700\" height=\"790\" src=\"https:\/\/media.vrigstadshembygdsforening.se\/\/2109_Postgang.jpg\" alt=\"\" class=\"wp-image-4616\" srcset=\"https:\/\/media.vrigstadshembygdsforening.se\/2109_Postgang.jpg 700w, https:\/\/media.vrigstadshembygdsforening.se\/2109_Postgang-266x300.jpg 266w\" sizes=\"auto, (max-width: 700px) 100vw, 700px\" \/><\/figure>\n\n\n\n<p>Ovan syns den postg\u00e5ng som b\u00e5de far och son Holm hade.<\/p>\n","protected":false},"excerpt":{"rendered":"<p>Frans Algot Holm, indelt soldat och kyrkvaktm\u00e4stare, b\u00f6rjade den 1 december 1912 att b\u00e4ra ut post p\u00e5 linjen Vrigstad-Gettersryd-Virestorp-\u00c5kak\u00f6p-Vrigstad. Turen<\/p>\n","protected":false},"author":1,"featured_media":0,"parent":0,"menu_order":0,"comment_status":"closed","ping_status":"closed","template":"","meta":{"footnotes":""},"class_list":["post-4613","page","type-page","status-publish","hentry"],"_links":{"self":[{"href":"https:\/\/vrigstadshembygdsforening.se\/index.php?rest_route=\/wp\/v2\/pages\/4613","targetHints":{"allow":["GET"]}}],"collection":[{"href":"https:\/\/vrigstadshembygdsforening.se\/index.php?rest_route=\/wp\/v2\/pages"}],"about":[{"href":"https:\/\/vrigstadshembygdsforening.se\/index.php?rest_route=\/wp\/v2\/types\/page"}],"author":[{"embeddable":true,"href":"https:\/\/vrigstadshembygdsforening.se\/index.php?rest_route=\/wp\/v2\/users\/1"}],"replies":[{"embeddable":true,"href":"https:\/\/vrigstadshembygdsforening.se\/index.php?rest_route=%2Fwp%2Fv2%2Fcomments&post=4613"}],"version-history":[{"count":2,"href":"https:\/\/vrigstadshembygdsforening.se\/index.php?rest_route=\/wp\/v2\/pages\/4613\/revisions"}],"predecessor-version":[{"id":4620,"href":"https:\/\/vrigstadshembygdsforening.se\/index.php?rest_route=\/wp\/v2\/pages\/4613\/revisions\/4620"}],"wp:attachment":[{"href":"https:\/\/vrigstadshembygdsforening.se\/index.php?rest_route=%2Fwp%2Fv2%2Fmedia&parent=4613"}],"curies":[{"name":"wp","href":"https:\/\/api.w.org\/{rel}","templated":true}]}}