{"id":4580,"date":"2021-08-03T15:49:03","date_gmt":"2021-08-03T15:49:03","guid":{"rendered":"https:\/\/vrigstadshembygdsforening.se\/?page_id=4580"},"modified":"2021-08-03T15:53:35","modified_gmt":"2021-08-03T15:53:35","slug":"vrigstads-ambulerande-folkskola","status":"publish","type":"page","link":"https:\/\/vrigstadshembygdsforening.se\/?page_id=4580","title":{"rendered":"Vrigstads ambulerande folkskola"},"content":{"rendered":"\n<p>Parallellt med att den fasta skolan\/folkskolan fick ett fastst\u00e4llt reglemente 1847, fick \u00e4ven den ambulatoriska skolan ett enligt 1842 \u00e5rs folkskolestadga. Undervisningstidens l\u00e4ngd kunde h\u00e4r best\u00e4mmas i samr\u00e5d mellan skolstyrelsen och f\u00f6rsamlingen.<br><br>Undervisningstiden fastst\u00e4lldes till cirka tio veckor i varje rote. Den ambulatoriska skolan uppeh\u00f6ll sig i vardera rotarna Holkaryd, Virestorp, \u00c5kak\u00f6p och Horveryd \u2013 cirka fem veckor p\u00e5 v\u00e5ren och fem veckor p\u00e5 h\u00f6sten. Den ambulerande folkskolan b\u00f6rjade i Holkaryd den 13 oktober 1847.<br><br>Efter varje period transporterades b\u00e4nkar, b\u00f6cker och annan materiel till n\u00e4sta rote. Lokal uppl\u00e4ts i n\u00e5gon av rotens g\u00e5rdar fram till p\u00e5 1860-talet. 1862 byggdes skolhus i Virestorp, 1865 i Holkaryd och 1867 i \u00c5kak\u00f6p. Sm\u00e5skolebarnen hade mycket kortare kurs och kunde inte g\u00e5 s\u00e5 l\u00e5ngt. De kan ha undervisats i m\u00e5nga olika stugor.<br><br>1897 blir det ambulerande skola mellan Holkaryd och \u00c5kak\u00f6p. S\u00e5 sm\u00e5ningom blir det heltidsl\u00e4sning i hela socknen.<br><br>Den ambulerande undervisningen verkar ha upph\u00f6rt 1897 i Virestorps skolrote, 1904 i \u00c5kak\u00f6ps skolrote och 1909 i Holkaryds skolrote. Det var hela tiden kantorn som ambulerade. Han m\u00e5ste g\u00e5 till fots till de olika rotarna. Till Holkaryd var det knappt 5 km, till \u00c5kak\u00f6p och Virestorp var det dubbelt s\u00e5 l\u00e5ngt.<\/p>\n\n\n\n<figure class=\"wp-block-image size-full is-style-default\"><img loading=\"lazy\" decoding=\"async\" width=\"800\" height=\"695\" src=\"https:\/\/media.vrigstadshembygdsforening.se\/\/Sid-33.jpg\" alt=\"\" class=\"wp-image-4583\" srcset=\"https:\/\/media.vrigstadshembygdsforening.se\/Sid-33.jpg 800w, https:\/\/media.vrigstadshembygdsforening.se\/Sid-33-300x261.jpg 300w, https:\/\/media.vrigstadshembygdsforening.se\/Sid-33-768x667.jpg 768w\" sizes=\"auto, (max-width: 800px) 100vw, 800px\" \/><figcaption>Antalet undervisningsdagar varierade lite mellan \u00e5ren, enligt Cel\u00e9ns anteckningar.<\/figcaption><\/figure>\n","protected":false},"excerpt":{"rendered":"<p>Parallellt med att den fasta skolan\/folkskolan fick ett fastst\u00e4llt reglemente 1847, fick \u00e4ven den ambulatoriska skolan ett enligt 1842 \u00e5rs<\/p>\n","protected":false},"author":1,"featured_media":0,"parent":0,"menu_order":0,"comment_status":"closed","ping_status":"closed","template":"","meta":{"footnotes":""},"class_list":["post-4580","page","type-page","status-publish","hentry"],"_links":{"self":[{"href":"https:\/\/vrigstadshembygdsforening.se\/index.php?rest_route=\/wp\/v2\/pages\/4580","targetHints":{"allow":["GET"]}}],"collection":[{"href":"https:\/\/vrigstadshembygdsforening.se\/index.php?rest_route=\/wp\/v2\/pages"}],"about":[{"href":"https:\/\/vrigstadshembygdsforening.se\/index.php?rest_route=\/wp\/v2\/types\/page"}],"author":[{"embeddable":true,"href":"https:\/\/vrigstadshembygdsforening.se\/index.php?rest_route=\/wp\/v2\/users\/1"}],"replies":[{"embeddable":true,"href":"https:\/\/vrigstadshembygdsforening.se\/index.php?rest_route=%2Fwp%2Fv2%2Fcomments&post=4580"}],"version-history":[{"count":2,"href":"https:\/\/vrigstadshembygdsforening.se\/index.php?rest_route=\/wp\/v2\/pages\/4580\/revisions"}],"predecessor-version":[{"id":4584,"href":"https:\/\/vrigstadshembygdsforening.se\/index.php?rest_route=\/wp\/v2\/pages\/4580\/revisions\/4584"}],"wp:attachment":[{"href":"https:\/\/vrigstadshembygdsforening.se\/index.php?rest_route=%2Fwp%2Fv2%2Fmedia&parent=4580"}],"curies":[{"name":"wp","href":"https:\/\/api.w.org\/{rel}","templated":true}]}}