{"id":4510,"date":"2021-03-31T20:33:03","date_gmt":"2021-03-31T20:33:03","guid":{"rendered":"https:\/\/vrigstadshembygdsforening.se\/?page_id=4510"},"modified":"2021-03-31T20:33:04","modified_gmt":"2021-03-31T20:33:04","slug":"arsmotesprotokoll-2021","status":"publish","type":"page","link":"https:\/\/vrigstadshembygdsforening.se\/?page_id=4510","title":{"rendered":"\u00c5rsm\u00f6tesprotokoll 2021"},"content":{"rendered":"\n<p><strong>Plats:<\/strong> Digitalt via Teams<br><strong>N\u00e4rvarande:<\/strong> 16 medlemmar<\/p>\n\n\n\n<p><strong>\u00a7&nbsp; 1<\/strong>&nbsp;&nbsp;&nbsp;&nbsp;&nbsp;&nbsp;&nbsp;&nbsp;&nbsp;&nbsp;&nbsp;&nbsp; B\u00f6rje Cronvall h\u00e4lsade v\u00e4lkommen och f\u00f6rklarade \u00e5rsm\u00f6tet \u00f6ppnat.<\/p>\n\n\n\n<p><strong>\u00a7&nbsp; 2<\/strong>&nbsp;&nbsp;&nbsp;&nbsp;&nbsp;&nbsp;&nbsp;&nbsp;&nbsp;&nbsp;&nbsp;&nbsp; Till ordf\u00f6rande f\u00f6r m\u00f6tet valdes B\u00f6rje Cronvall.<\/p>\n\n\n\n<p><strong>\u00a7&nbsp; 3<\/strong>&nbsp;&nbsp;&nbsp; &nbsp;&nbsp;&nbsp;&nbsp;&nbsp;&nbsp;&nbsp;&nbsp;&nbsp; Till sekreterare f\u00f6r m\u00f6tet valdes Kerstin Carlsson.<\/p>\n\n\n\n<p><strong>\u00a7 &nbsp;4<\/strong>&nbsp; &nbsp;&nbsp;&nbsp;&nbsp;&nbsp;&nbsp;&nbsp;&nbsp;&nbsp;&nbsp; Till att justera dagens protokoll valdes Bengt Sverlander och Eva H\u00f6gberg.<\/p>\n\n\n\n<p><strong>\u00a7&nbsp; 5<\/strong>&nbsp;&nbsp;&nbsp;&nbsp;&nbsp;&nbsp;&nbsp;&nbsp;&nbsp;&nbsp;&nbsp;&nbsp; \u00c5rsm\u00f6tet f\u00f6rklarades vara stadgeenligt utlyst.<\/p>\n\n\n\n<p><strong>\u00a7&nbsp; 6<\/strong>&nbsp;&nbsp;&nbsp;&nbsp;&nbsp;&nbsp;&nbsp;&nbsp;&nbsp;&nbsp;&nbsp;&nbsp; Den f\u00f6reslagna dagordningen godk\u00e4ndes.<\/p>\n\n\n\n<p><strong>\u00a7&nbsp; 7<\/strong>&nbsp;&nbsp;&nbsp;&nbsp;&nbsp;&nbsp;&nbsp;&nbsp;&nbsp;&nbsp;&nbsp;&nbsp; B\u00f6rje Cronvall f\u00f6redrog \u00e5rsber\u00e4ttelsen i ord och bild.<\/p>\n\n\n\n<p><strong>\u00a7&nbsp; 8<\/strong>&nbsp;&nbsp;&nbsp;&nbsp;&nbsp;&nbsp;&nbsp;&nbsp;&nbsp;&nbsp;&nbsp;&nbsp; Kassarapporten f\u00f6redrogs av Marita Magnusson och revisionsber\u00e4ttelsen f\u00f6redrogs av Torbj\u00f6rn Johansson. Rapporterna lades med godk\u00e4nnande till handlingarna.<\/p>\n\n\n\n<p><strong>\u00a7&nbsp; 9<\/strong>&nbsp;&nbsp;&nbsp;&nbsp;&nbsp;&nbsp;&nbsp;&nbsp;&nbsp;&nbsp;&nbsp;&nbsp; Styrelsen beviljades ansvarsfrihet f\u00f6r det g\u00e5ngna \u00e5ret.<\/p>\n\n\n\n<p><strong>\u00a7 10<\/strong>&nbsp;&nbsp;&nbsp;&nbsp;&nbsp;&nbsp;&nbsp;&nbsp;&nbsp;&nbsp;&nbsp; Val av ordinarie styrelseledam\u00f6ter f\u00f6r perioden 2021-2022. Omval av Marie Olofsson, B\u00f6rje Cronvall, Andreas Ljung och Catharina Andersson. Valda tom 2021 \u00e4r Kerstin Carlsson, Marita Magnusson och Sven-Olof Svensson.<\/p>\n\n\n\n<p><strong>\u00a7 11<\/strong>\u00a0\u00a0\u00a0\u00a0\u00a0\u00a0\u00a0\u00a0\u00a0\u00a0\u00a0 Val av styrelsesuppleanter f\u00f6r perioden 2021-2022. Omval av Ted Wolfram och Sten-Anders Carlsson. Valda tom 2021 \u00e4r Bengt Gunnarsson och Lennart Davidsson.<\/p>\n\n\n\n<p><strong>\u00a7 12<\/strong>&nbsp;&nbsp;&nbsp;&nbsp;&nbsp;&nbsp;&nbsp;&nbsp;&nbsp;&nbsp;&nbsp; Till ordf\u00f6rande f\u00f6r verksamhets\u00e5ret 2021 valdes B\u00f6rje Cronvall.<\/p>\n\n\n\n<p><strong>\u00a7 13<\/strong>\u00a0\u00a0\u00a0\u00a0\u00a0\u00a0\u00a0\u00a0\u00a0\u00a0\u00a0Till revisorer f\u00f6r 2021 omvaldes Torbj\u00f6rn Johansson och Kersti Frigert.<\/p>\n\n\n\n<p>Till revisorssuppleanter omvaldes Else-Marie Karlsson och Thomas Wilhelmsson.<\/p>\n\n\n\n<p><strong>\u00a7 14<\/strong>&nbsp;&nbsp;&nbsp;&nbsp;&nbsp;&nbsp;&nbsp;&nbsp;&nbsp;&nbsp;&nbsp; Till ledamot i S\u00e4vsj\u00f6 kommuns hembygdsr\u00e5d valdes B\u00f6rje Cronvall.<\/p>\n\n\n\n<p><strong>\u00a7 15<\/strong>&nbsp;&nbsp;&nbsp;&nbsp;&nbsp;&nbsp;&nbsp;&nbsp;&nbsp;&nbsp;&nbsp; Till kaffekommitt\u00e9 omvaldes Ann-Britt Lagerkvist, Birgitta Johansson, Gunvor Johansson och Pia L\u00f6nnborg.<\/p>\n\n\n\n<p><strong>\u00a7 16<\/strong>\u00a0\u00a0\u00a0\u00a0\u00a0\u00a0\u00a0\u00a0\u00a0\u00a0\u00a0 Till valberedning valdes Lennart Fyhrlund (omval) och Robin Hammarstedt (nyval).<\/p>\n\n\n\n<p><strong>\u00a7 17<\/strong>&nbsp;&nbsp;&nbsp;&nbsp;&nbsp;&nbsp;&nbsp;&nbsp;&nbsp;&nbsp;&nbsp; Styrelsen f\u00f6resl\u00e5r of\u00f6r\u00e4ndrad \u00e5rsavgift f\u00f6r 2022: 100 kronor f\u00f6r enskild medlem och 50 kr f\u00f6r barn och ungdom tom 25 \u00e5r. \u00c5rsm\u00f6tet beslutade bifalla styrelsens f\u00f6rslag.<\/p>\n\n\n\n<p><strong>\u00a7 18&nbsp;&nbsp;&nbsp;&nbsp;&nbsp;&nbsp;&nbsp;&nbsp;&nbsp;&nbsp;&nbsp; <\/strong>\u00d6vriga fr\u00e5gor. A. Ordf informerade om hur arbetet med informationsskyltarna i samh\u00e4llet fortskrider.<\/p>\n\n\n\n<p><strong>\u00a7 19&nbsp;&nbsp;&nbsp;&nbsp;&nbsp;&nbsp;&nbsp;&nbsp;&nbsp;&nbsp;&nbsp; <\/strong>Ordf. tackar f\u00f6r f\u00f6rtroendet \u00e5 styrelsens v\u00e4gnar och avslutar m\u00f6tet. Bengt Sverlander riktar ett tack till styrelsen f\u00f6r ett gott arbete.<\/p>\n\n\n\n<p>Dag som ovan<\/p>\n\n\n\n<p>Kerstin Carlsson\u00a0\u00a0\u00a0\u00a0\u00a0\u00a0\u00a0\u00a0\u00a0\u00a0\u00a0\u00a0 B\u00f6rje Cronvall<br>Sekr.\u00a0\u00a0\u00a0\u00a0\u00a0\u00a0\u00a0\u00a0\u00a0\u00a0\u00a0\u00a0\u00a0\u00a0\u00a0\u00a0\u00a0\u00a0\u00a0\u00a0\u00a0\u00a0\u00a0\u00a0\u00a0\u00a0\u00a0\u00a0\u00a0\u00a0 \u00a0\u00a0\u00a0\u00a0\u00a0\u00a0\u00a0\u00a0\u00a0 Ordf.<\/p>\n\n\n\n<p>Justeras <br><br>Bengt Sverlander\u00a0\u00a0\u00a0\u00a0\u00a0\u00a0\u00a0\u00a0\u00a0\u00a0\u00a0 Eva H\u00f6gberg\u00a0\u00a0\u00a0\u00a0\u00a0\u00a0\u00a0\u00a0<\/p>\n","protected":false},"excerpt":{"rendered":"<p>Plats: Digitalt via TeamsN\u00e4rvarande: 16 medlemmar \u00a7&nbsp; 1&nbsp;&nbsp;&nbsp;&nbsp;&nbsp;&nbsp;&nbsp;&nbsp;&nbsp;&nbsp;&nbsp;&nbsp; B\u00f6rje Cronvall h\u00e4lsade v\u00e4lkommen och f\u00f6rklarade \u00e5rsm\u00f6tet \u00f6ppnat. \u00a7&nbsp; 2&nbsp;&nbsp;&nbsp;&nbsp;&nbsp;&nbsp;&nbsp;&nbsp;&nbsp;&nbsp;&nbsp;&nbsp; Till ordf\u00f6rande<\/p>\n","protected":false},"author":1,"featured_media":0,"parent":0,"menu_order":0,"comment_status":"closed","ping_status":"closed","template":"","meta":{"footnotes":""},"class_list":["post-4510","page","type-page","status-publish","hentry"],"_links":{"self":[{"href":"https:\/\/vrigstadshembygdsforening.se\/index.php?rest_route=\/wp\/v2\/pages\/4510","targetHints":{"allow":["GET"]}}],"collection":[{"href":"https:\/\/vrigstadshembygdsforening.se\/index.php?rest_route=\/wp\/v2\/pages"}],"about":[{"href":"https:\/\/vrigstadshembygdsforening.se\/index.php?rest_route=\/wp\/v2\/types\/page"}],"author":[{"embeddable":true,"href":"https:\/\/vrigstadshembygdsforening.se\/index.php?rest_route=\/wp\/v2\/users\/1"}],"replies":[{"embeddable":true,"href":"https:\/\/vrigstadshembygdsforening.se\/index.php?rest_route=%2Fwp%2Fv2%2Fcomments&post=4510"}],"version-history":[{"count":1,"href":"https:\/\/vrigstadshembygdsforening.se\/index.php?rest_route=\/wp\/v2\/pages\/4510\/revisions"}],"predecessor-version":[{"id":4511,"href":"https:\/\/vrigstadshembygdsforening.se\/index.php?rest_route=\/wp\/v2\/pages\/4510\/revisions\/4511"}],"wp:attachment":[{"href":"https:\/\/vrigstadshembygdsforening.se\/index.php?rest_route=%2Fwp%2Fv2%2Fmedia&parent=4510"}],"curies":[{"name":"wp","href":"https:\/\/api.w.org\/{rel}","templated":true}]}}