{"id":4399,"date":"2020-11-04T15:16:41","date_gmt":"2020-11-04T15:16:41","guid":{"rendered":"http:\/\/vrigstadshembygdsforening.se\/?page_id=4399"},"modified":"2021-12-20T18:01:39","modified_gmt":"2021-12-20T18:01:39","slug":"fran-sandbank-till-larplatta-skolorna-i-vrigstads-socken-forr-och-nu","status":"publish","type":"page","link":"https:\/\/vrigstadshembygdsforening.se\/?page_id=4399","title":{"rendered":"Fr\u00e5n sandb\u00e4nk till l\u00e4rplatta. Skolorna i Vrigstads socken &#8211; f\u00f6rr och nu"},"content":{"rendered":"\n<p>Skolan i Vrigstad var en av de f\u00f6rsta landsbygdsskolorna i landet. Redan 1648 startade G\u00f6ran Gyllenstierna skolan\/pedagogin som utan n\u00e4mnv\u00e4rt avbrott h\u00e5llits vid liv sedan dess. Det som g\u00f6r den \u00e4n mer unik \u00e4r att de donationsg\u00e5rdar som avsattes till l\u00e4rarens l\u00f6n under 1600-1800-talets fortfarande genererar medel till skolan i Vrigstad och de elever som g\u00e5r d\u00e4r.<\/p>\n\n\n\n<p>I boken g\u00f6r vi en utf\u00f6rlig historiebeskrivning av skolorna i Vrigstad (fr\u00e5n \u00e5r 1648), Holkaryd, Virestorp och \u00c5kak\u00f6p. Vi skriver om byggnader, l\u00e4rare, politiska beslut m.m., om en privatskola i Vrigstad och den nationella skolans utveckling. Vi har ocks\u00e5 med ett par omfattande kapitel med elevers ber\u00e4ttelser och foton fr\u00e5n skolans v\u00e4rld. Boken avslutas med ett omfattande personregister.<\/p>\n\n\n\n<p>Boken uts\u00e5gs till \u00c5rets hembygdsbok i J\u00f6nk\u00f6pings l\u00e4n \u00e5r 2000.<\/p>\n\n\n\n<figure class=\"wp-block-image size-large\"><img loading=\"lazy\" decoding=\"async\" width=\"350\" height=\"457\" src=\"https:\/\/media.vrigstadshembygdsforening.se\/\/Omslag_skolbok-1.jpg\" alt=\"\" class=\"wp-image-4378\" srcset=\"https:\/\/media.vrigstadshembygdsforening.se\/Omslag_skolbok-1.jpg 350w, https:\/\/media.vrigstadshembygdsforening.se\/Omslag_skolbok-1-230x300.jpg 230w\" sizes=\"auto, (max-width: 350px) 100vw, 350px\" \/><\/figure>\n\n\n\n<p>Boken kostar 150 kr f\u00f6r medlemmar och 200 kr f\u00f6r \u00f6vriga. F\u00f6r leverans, inklusive Postens f\u00f6rpackning med porto, tillkommer 79 kr. Betalning via Swish123 471 36 40 eller via bankgiro 5560-4292. Ange namn och adress samt vad du best\u00e4llt.<\/p>\n\n\n\n<p>Bokkommitt\u00e9: B\u00f6rje Cronvall, Kerstin Carlsson, Carl-Gustav Liew och Stig Marz.<\/p>\n\n\n\n<p>Boken \u00e4r tryckt i 500 ex och omfattar 321 sidor.<\/p>\n\n\n\n<p>Ett stort tack till f\u00f6ljande f\u00f6retag som l\u00e4mnat ett bidrag till tryckning av boken: AB Lundbergs Pressgjuteri, CIRCLE K\/B Gunnarsons Servicebutik AB, CMF Bilservice AB, Dan\u2019s Fritidsbod AB\/Sportringen, JB Transport AB, Jotos\/Thors Livs, Ostkaksbageriet i Vrigstad AB, Sunnerby Lantbruk, S\u00e4vsj\u00f6 kommun, Vrigstad Alltj\u00e4nst AB och Vrigstad F\u00f6retagstj\u00e4nst AB.<\/p>\n","protected":false},"excerpt":{"rendered":"<p>Skolan i Vrigstad var en av de f\u00f6rsta landsbygdsskolorna i landet. Redan 1648 startade G\u00f6ran Gyllenstierna skolan\/pedagogin som utan n\u00e4mnv\u00e4rt<\/p>\n","protected":false},"author":1,"featured_media":0,"parent":0,"menu_order":0,"comment_status":"closed","ping_status":"closed","template":"","meta":{"footnotes":""},"class_list":["post-4399","page","type-page","status-publish","hentry"],"_links":{"self":[{"href":"https:\/\/vrigstadshembygdsforening.se\/index.php?rest_route=\/wp\/v2\/pages\/4399","targetHints":{"allow":["GET"]}}],"collection":[{"href":"https:\/\/vrigstadshembygdsforening.se\/index.php?rest_route=\/wp\/v2\/pages"}],"about":[{"href":"https:\/\/vrigstadshembygdsforening.se\/index.php?rest_route=\/wp\/v2\/types\/page"}],"author":[{"embeddable":true,"href":"https:\/\/vrigstadshembygdsforening.se\/index.php?rest_route=\/wp\/v2\/users\/1"}],"replies":[{"embeddable":true,"href":"https:\/\/vrigstadshembygdsforening.se\/index.php?rest_route=%2Fwp%2Fv2%2Fcomments&post=4399"}],"version-history":[{"count":4,"href":"https:\/\/vrigstadshembygdsforening.se\/index.php?rest_route=\/wp\/v2\/pages\/4399\/revisions"}],"predecessor-version":[{"id":5127,"href":"https:\/\/vrigstadshembygdsforening.se\/index.php?rest_route=\/wp\/v2\/pages\/4399\/revisions\/5127"}],"wp:attachment":[{"href":"https:\/\/vrigstadshembygdsforening.se\/index.php?rest_route=%2Fwp%2Fv2%2Fmedia&parent=4399"}],"curies":[{"name":"wp","href":"https:\/\/api.w.org\/{rel}","templated":true}]}}