{"id":415,"date":"2015-07-16T18:51:01","date_gmt":"2015-07-16T18:51:01","guid":{"rendered":"http:\/\/vrigstadshembygdsforening.se\/?page_id=415"},"modified":"2020-08-18T15:37:42","modified_gmt":"2020-08-18T15:37:42","slug":"vrigstads-gamla-kyrka-arkeologisk-undersokning","status":"publish","type":"page","link":"https:\/\/vrigstadshembygdsforening.se\/?page_id=415","title":{"rendered":"Vrigstads gamla kyrka &#8211; arkeologisk unders\u00f6kning"},"content":{"rendered":"<p>J\u00f6nk\u00f6pings l\u00e4ns museum har i samband med schaktning inf\u00f6r bergv\u00e4rmekonvertering i Vrigstads kyrka gjort en arkeologisk unders\u00f6kning &#8211; som resulterat i Arkeologisk rapport 2009:17 av Anna Kloo Andersson.<\/p>\n<p>Vid schaktningarna f\u00f6r ledningsdragningen \u00f6vervakades arbetet av J\u00f6nk\u00f6pings l\u00e4ns museum. M\u00e5ls\u00e4ttningen med unders\u00f6kningen var att dokumentera eventuella fynd och l\u00e4mningar fr\u00e5n den gamla stenkyrkan som revs i samband med att den nya byggdes 1865.<\/p>\n<p>Vid schaktningarna framkom delar av grundmuren till den gamla kyrkan. Ett fundament p\u00e5tr\u00e4ffades utanf\u00f6r den medeltida kyrkans murar. Det verkade dock slarvigt uppbyggt och i rapporten antar man att det \u00e4r m\u00f6jligt att fundamentet endast haft n\u00e5gon funktion i samband med rivningen av kyrkan.<\/p>\n<p>Bland de fynd som gjordes kan n\u00e4mnas ett mynt i de omr\u00f6rda massorna ovanp\u00e5 grundmuren till den gamla kyrkans l\u00e5nghusv\u00e4gg. Det \u00e4r ett ett\u00f6res mynt pr\u00e4glat \u00e5r 1719 eller 1720 under Ulrika Eleonora. Man p\u00e5tr\u00e4ffade ocks\u00e5 n\u00e5gra kisthandtag, en slaggbit samt n\u00e5gra 2-3 millimeter tjocka metalltr\u00e5dar som var 5-15 cm l\u00e5nga. Man p\u00e5tr\u00e4ffade ocks\u00e5 en 3,5 cm bred bit av textil. Den \u00e4r v\u00e4vd och m\u00f6rkbrun till svart och ovanp\u00e5 den \u00e4r n\u00e5gon typ av dekoration p\u00e5sydd.<\/p>\n<p>Eftersom schaktningen gjordes p\u00e5 en kyrkog\u00e5rd p\u00e5tr\u00e4ffades ocks\u00e5 ben fr\u00e5n m\u00e4nniskor. Benen var obr\u00e4nda och kommer fr\u00e5n b\u00e5de vuxna individer och barn. Det \u00e4r fragment fr\u00e5n kraniet, \u00f6verarmen, underarmen, b\u00e4clenet samt l\u00e5rbenet men \u00e4ven av oidentifierade fragment fr\u00e5n andra kroppsdelar.<br \/>\nDessutom p\u00e5tr\u00e4ffades n\u00e5gra ob\u00e4rnda ben fr\u00e5n djur s\u00e5som f\u00e5gel n\u00f6tkreatur och f\u00e5r.<\/p>\n<p>Det \u00e4r inte m\u00f6jligt att avg\u00f6ra hur gamla dessa ben \u00e4r utan att g\u00f6ra en C14-analys &#8211; vilket dock inte l\u00e5g inom ramen f\u00f6r detta projekt.<\/p>\n<p>Alla funna ben lades i en liten grop och t\u00e4cktes \u00f6ver i respektive schakt d\u00e4r de hade p\u00e5tr\u00e4ffats.<\/p>\n","protected":false},"excerpt":{"rendered":"<p>J\u00f6nk\u00f6pings l\u00e4ns museum har i samband med schaktning inf\u00f6r bergv\u00e4rmekonvertering i Vrigstads kyrka gjort en arkeologisk unders\u00f6kning &#8211; som resulterat<\/p>\n","protected":false},"author":1,"featured_media":0,"parent":0,"menu_order":0,"comment_status":"closed","ping_status":"open","template":"","meta":{"footnotes":""},"class_list":["post-415","page","type-page","status-publish","hentry"],"_links":{"self":[{"href":"https:\/\/vrigstadshembygdsforening.se\/index.php?rest_route=\/wp\/v2\/pages\/415","targetHints":{"allow":["GET"]}}],"collection":[{"href":"https:\/\/vrigstadshembygdsforening.se\/index.php?rest_route=\/wp\/v2\/pages"}],"about":[{"href":"https:\/\/vrigstadshembygdsforening.se\/index.php?rest_route=\/wp\/v2\/types\/page"}],"author":[{"embeddable":true,"href":"https:\/\/vrigstadshembygdsforening.se\/index.php?rest_route=\/wp\/v2\/users\/1"}],"replies":[{"embeddable":true,"href":"https:\/\/vrigstadshembygdsforening.se\/index.php?rest_route=%2Fwp%2Fv2%2Fcomments&post=415"}],"version-history":[{"count":1,"href":"https:\/\/vrigstadshembygdsforening.se\/index.php?rest_route=\/wp\/v2\/pages\/415\/revisions"}],"predecessor-version":[{"id":417,"href":"https:\/\/vrigstadshembygdsforening.se\/index.php?rest_route=\/wp\/v2\/pages\/415\/revisions\/417"}],"wp:attachment":[{"href":"https:\/\/vrigstadshembygdsforening.se\/index.php?rest_route=%2Fwp%2Fv2%2Fmedia&parent=415"}],"curies":[{"name":"wp","href":"https:\/\/api.w.org\/{rel}","templated":true}]}}