{"id":411,"date":"2015-07-16T18:46:08","date_gmt":"2015-07-16T18:46:08","guid":{"rendered":"http:\/\/vrigstadshembygdsforening.se\/?page_id=411"},"modified":"2020-08-18T15:37:34","modified_gmt":"2020-08-18T15:37:34","slug":"vrigstads-gamla-kyrka","status":"publish","type":"page","link":"https:\/\/vrigstadshembygdsforening.se\/?page_id=411","title":{"rendered":"Vrigstads gamla kyrka"},"content":{"rendered":"<p>N\u00e4r den gamla kyrkan i Vrigstad revs 1865 tog man tillvara ett s.k. remstycke (bj\u00e4lken mellan tak och mur) av ek och f\u00f6rde det till Statens historiska museum i Stockholm.<\/p>\n<figure id=\"attachment_412\" aria-describedby=\"caption-attachment-412\" style=\"width: 700px\" class=\"wp-caption alignnone\"><a href=\"https:\/\/media.vrigstadshembygdsforening.se\/\/2015\/07\/Fakta_kyrkor_ga-k.jpg\"><img loading=\"lazy\" decoding=\"async\" class=\"wp-image-412 size-full\" src=\"https:\/\/media.vrigstadshembygdsforening.se\/\/2015\/07\/Fakta_kyrkor_ga-k.jpg\" alt=\"Fakta_kyrkor_ga k\" width=\"700\" height=\"458\" srcset=\"https:\/\/media.vrigstadshembygdsforening.se\/2015\/07\/Fakta_kyrkor_ga-k.jpg 700w, https:\/\/media.vrigstadshembygdsforening.se\/2015\/07\/Fakta_kyrkor_ga-k-300x196.jpg 300w\" sizes=\"auto, (max-width: 700px) 100vw, 700px\" \/><\/a><figcaption id=\"caption-attachment-412\" class=\"wp-caption-text\">N\u00e4r rivningen av Vrigstads gamla medeltidskyrka kommit s\u00e5 h\u00e4r l\u00e5ngt stoppades rivningen. Man hade d\u00e5 uppt\u00e4ckt de m\u00e4rkliga romanska m\u00e5lningarna. N\u00e4r dessa avtecknats \u00e5terupptogs rivningsarbetet.<\/figcaption><\/figure>\n<p>P\u00e5 uppdrag av Vrigstads hembygdsf\u00f6rening har en datering av remstycket gjorts. Forskare i Stockholm har med hj\u00e4lp av en metod som kallas dendrokronologi visat att tr\u00e4det, som plankan \u00e4r gjord av, avverkades 1095!<br \/>\nDetta betyder allts\u00e5 att kyrkan byggdes redan omkring \u00e5r 1100 &#8211; d.v.s. redan innan munkarna kom till Nydala \u00e5r 1143.<\/p>\n<p>Remstycker \u00e4r mycket vackert snidat, se nedan. Hembygdsf\u00f6reningen har tillskrivt museet om att f\u00e5 tillbaka en av stockarna till Vrigstad. Svar p\u00e5 denna beg\u00e4ran har inte kommit \u00e4nnu.<span style=\"font-size: small;\"><span style=\"font-size: small;\"><span style=\"font-family: Verdana;\"><span style=\"font-family: Verdana; font-size: small;\"><br \/>\n<\/span><br \/>\n<img loading=\"lazy\" decoding=\"async\" src=\"https:\/\/vrigstadshembygdsforening.se\/Fakta_Vrigstad\/Kyrkan\/kysnid.jpg\" alt=\"\" width=\"336\" height=\"299\" border=\"0\"><\/span>&nbsp;<\/span><\/span><\/p>\n","protected":false},"excerpt":{"rendered":"<p>N\u00e4r den gamla kyrkan i Vrigstad revs 1865 tog man tillvara ett s.k. remstycke (bj\u00e4lken mellan tak och mur) av<\/p>\n","protected":false},"author":1,"featured_media":0,"parent":0,"menu_order":0,"comment_status":"closed","ping_status":"open","template":"","meta":{"footnotes":""},"class_list":["post-411","page","type-page","status-publish","hentry"],"_links":{"self":[{"href":"https:\/\/vrigstadshembygdsforening.se\/index.php?rest_route=\/wp\/v2\/pages\/411","targetHints":{"allow":["GET"]}}],"collection":[{"href":"https:\/\/vrigstadshembygdsforening.se\/index.php?rest_route=\/wp\/v2\/pages"}],"about":[{"href":"https:\/\/vrigstadshembygdsforening.se\/index.php?rest_route=\/wp\/v2\/types\/page"}],"author":[{"embeddable":true,"href":"https:\/\/vrigstadshembygdsforening.se\/index.php?rest_route=\/wp\/v2\/users\/1"}],"replies":[{"embeddable":true,"href":"https:\/\/vrigstadshembygdsforening.se\/index.php?rest_route=%2Fwp%2Fv2%2Fcomments&post=411"}],"version-history":[{"count":2,"href":"https:\/\/vrigstadshembygdsforening.se\/index.php?rest_route=\/wp\/v2\/pages\/411\/revisions"}],"predecessor-version":[{"id":4293,"href":"https:\/\/vrigstadshembygdsforening.se\/index.php?rest_route=\/wp\/v2\/pages\/411\/revisions\/4293"}],"wp:attachment":[{"href":"https:\/\/vrigstadshembygdsforening.se\/index.php?rest_route=%2Fwp%2Fv2%2Fmedia&parent=411"}],"curies":[{"name":"wp","href":"https:\/\/api.w.org\/{rel}","templated":true}]}}