{"id":4098,"date":"2020-02-19T10:32:48","date_gmt":"2020-02-19T10:32:48","guid":{"rendered":"http:\/\/vrigstadshembygdsforening.se\/?page_id=4098"},"modified":"2020-02-19T10:37:40","modified_gmt":"2020-02-19T10:37:40","slug":"vrigstads-skytteforening","status":"publish","type":"page","link":"https:\/\/vrigstadshembygdsforening.se\/?page_id=4098","title":{"rendered":"Vrigstads Skyttef\u00f6rening"},"content":{"rendered":"\n<p>Vrigstads Skyttef\u00f6rening bildades 1902. F\u00f6rste ordf\u00f6rande var kronoj\u00e4garen P. J. Hallstr\u00f6m. Kass\u00f6r var J. K. Bengtsson och sekreterare J. A. Cel\u00e9n.<\/p>\n\n\n\n<p>Tidigare, redan 1861, hade fabrik\u00f6r Fredrik Runstedt bildat V\u00e4stra H\u00e4rads skarpskyttef\u00f6rening, som tidvis hade \u00f6ver 100 medlemmar. H\u00e4r f\u00f6rde Runstedt bef\u00e4let och korpral J. A. Gr\u00e4ns var instrukt\u00f6r. <\/p>\n\n\n\n<p>Skyttef\u00f6reningen anlade 1902 en skjutbana p\u00e5 Biskopsbos mark, vid tidigare vattenverket, och uppf\u00f6rde 1903 den s.k. skyttepaviljongen.<\/p>\n\n\n\n<figure class=\"wp-block-image size-large\"><img loading=\"lazy\" decoding=\"async\" width=\"700\" height=\"386\" src=\"https:\/\/media.vrigstadshembygdsforening.se\/\/1915_ovning.jpg\" alt=\"\" class=\"wp-image-4099\" srcset=\"https:\/\/media.vrigstadshembygdsforening.se\/1915_ovning.jpg 700w, https:\/\/media.vrigstadshembygdsforening.se\/1915_ovning-300x165.jpg 300w\" sizes=\"auto, (max-width: 700px) 100vw, 700px\" \/><figcaption>En skjut\u00f6vning 1915. H\u00e4r syns bl.a. Fridolf Jakobsson, Erik Carlstr\u00f6m, Josef Karlsson, Josef Viss, Josef Rylander och David Arvidsson.<\/figcaption><\/figure>\n\n\n\n<p>F\u00f6reningen anordnade \u00e4ven skyttefester som engagerade hela samh\u00e4llet.<\/p>\n\n\n\n<figure class=\"wp-block-image size-large\"><img loading=\"lazy\" decoding=\"async\" width=\"700\" height=\"396\" src=\"https:\/\/media.vrigstadshembygdsforening.se\/\/Skyttefest_1905.jpg\" alt=\"\" class=\"wp-image-4100\" srcset=\"https:\/\/media.vrigstadshembygdsforening.se\/Skyttefest_1905.jpg 700w, https:\/\/media.vrigstadshembygdsforening.se\/Skyttefest_1905-300x170.jpg 300w\" sizes=\"auto, (max-width: 700px) 100vw, 700px\" \/><figcaption>P\u00e5 bilden har g\u00e4ster p\u00e5 Wadells pensionat kl\u00e4tt ut sig f\u00f6r att delta i festen \u00e5r 1905. Bilden \u00e4r tagen inne p\u00e5 pensionatets g\u00e5rd, i bakgrunden syns handlanden Bengtssons lager.<\/figcaption><\/figure>\n\n\n\n<div class=\"wp-block-image\"><figure class=\"alignleft size-large\"><img loading=\"lazy\" decoding=\"async\" width=\"346\" height=\"500\" src=\"https:\/\/media.vrigstadshembygdsforening.se\/\/Standar.jpg\" alt=\"\" class=\"wp-image-4101\" srcset=\"https:\/\/media.vrigstadshembygdsforening.se\/Standar.jpg 346w, https:\/\/media.vrigstadshembygdsforening.se\/Standar-208x300.jpg 208w\" sizes=\"auto, (max-width: 346px) 100vw, 346px\" \/><figcaption>Georg Sj\u00f6gren med f\u00f6reningens standar fr\u00e5n 1904.<\/figcaption><\/figure><\/div>\n\n\n\n<p><\/p>\n\n\n\n<figure class=\"wp-block-image size-large\"><img loading=\"lazy\" decoding=\"async\" width=\"500\" height=\"348\" src=\"https:\/\/media.vrigstadshembygdsforening.se\/\/Medlemskort.jpg\" alt=\"\" class=\"wp-image-4105\" srcset=\"https:\/\/media.vrigstadshembygdsforening.se\/Medlemskort.jpg 500w, https:\/\/media.vrigstadshembygdsforening.se\/Medlemskort-300x209.jpg 300w\" sizes=\"auto, (max-width: 500px) 100vw, 500px\" \/><\/figure>\n","protected":false},"excerpt":{"rendered":"<p>Vrigstads Skyttef\u00f6rening bildades 1902. F\u00f6rste ordf\u00f6rande var kronoj\u00e4garen P. J. Hallstr\u00f6m. Kass\u00f6r var J. K. Bengtsson och sekreterare J. A.<\/p>\n","protected":false},"author":1,"featured_media":0,"parent":0,"menu_order":0,"comment_status":"closed","ping_status":"closed","template":"","meta":{"footnotes":""},"class_list":["post-4098","page","type-page","status-publish","hentry"],"_links":{"self":[{"href":"https:\/\/vrigstadshembygdsforening.se\/index.php?rest_route=\/wp\/v2\/pages\/4098","targetHints":{"allow":["GET"]}}],"collection":[{"href":"https:\/\/vrigstadshembygdsforening.se\/index.php?rest_route=\/wp\/v2\/pages"}],"about":[{"href":"https:\/\/vrigstadshembygdsforening.se\/index.php?rest_route=\/wp\/v2\/types\/page"}],"author":[{"embeddable":true,"href":"https:\/\/vrigstadshembygdsforening.se\/index.php?rest_route=\/wp\/v2\/users\/1"}],"replies":[{"embeddable":true,"href":"https:\/\/vrigstadshembygdsforening.se\/index.php?rest_route=%2Fwp%2Fv2%2Fcomments&post=4098"}],"version-history":[{"count":3,"href":"https:\/\/vrigstadshembygdsforening.se\/index.php?rest_route=\/wp\/v2\/pages\/4098\/revisions"}],"predecessor-version":[{"id":4106,"href":"https:\/\/vrigstadshembygdsforening.se\/index.php?rest_route=\/wp\/v2\/pages\/4098\/revisions\/4106"}],"wp:attachment":[{"href":"https:\/\/vrigstadshembygdsforening.se\/index.php?rest_route=%2Fwp%2Fv2%2Fmedia&parent=4098"}],"curies":[{"name":"wp","href":"https:\/\/api.w.org\/{rel}","templated":true}]}}