{"id":4023,"date":"2019-11-05T17:31:32","date_gmt":"2019-11-05T17:31:32","guid":{"rendered":"http:\/\/vrigstadshembygdsforening.se\/?page_id=4023"},"modified":"2022-01-11T14:46:46","modified_gmt":"2022-01-11T14:46:46","slug":"vrigstads-provinsiallakaredistrikts-historia","status":"publish","type":"page","link":"https:\/\/vrigstadshembygdsforening.se\/?page_id=4023","title":{"rendered":"Vrigstads provinsiall\u00e4karedistrikts historia"},"content":{"rendered":"\n<p>\u00c4nnu s\u00e5 sent som under f\u00f6rsta tredjedelen av f\u00f6reg\u00e5ende \u00e5rhundrade h\u00f6rde hela V\u00e4stra h\u00e4rad till J\u00f6nk\u00f6pings l\u00e4karedistrikt och hade ingen annan officiell l\u00e4kare \u00e4n provinsiall\u00e4karen i J\u00f6nk\u00f6ping. Enligt gammal tradition brukade dock unga l\u00e4kare &#8211; exempelvis bataljonsl\u00e4karna vid J\u00f6nk\u00f6pings regemente &#8211; l\u00e4ngre eller kortare tid uppeh\u00e5lla sig i Vrigstad som praktiserande. <br>D\u00e5 befolkningen inte i l\u00e4ngden k\u00e4nde sig bel\u00e5ten h\u00e4rmed, \u00e5tog den sig en frivillig avgift f\u00f6r varje mantalsskriven person till hyresbidrag \u00e5t en st\u00e4ndig l\u00e4kare. Men d\u00e5 uppst\u00e4lldes som villkor att l\u00e4karen skulle bo i Vrigstads kyrkby. <br>Ungef\u00e4r samtidigt byggde ett bolag , den s. k. Bolagsg\u00e5rden till apotekslokal i och l\u00e4karbostad. Den f\u00f6rsta l\u00e4karen, som bodde i den nya byggnaden, var C. A. B\u00e4ckstr\u00f6m, vilken tj\u00e4nstgjorde som provinsiall\u00e4kare i Vrigstad \u00e5r 1846-1850. Han eftertr\u00e4ddes av J. C. F. H\u00e6ffner, 1850-1862, och C. D. Lindskog, 1863-1885. Lindskog k\u00f6pte alla aktierna i Bolagsg\u00e5rden och blev ensam \u00e4gare till densamma. Olof Paulsson, 1886-1889, och J. F. A. Lindegren, 1889-1900. Under Lindegrens tid reglerades provinsiall\u00e4karetj\u00e4nsterna, och hyresbidraget fr\u00e5n kommunen upph\u00f6rde. H. Johansson, 1901-1906, C A. Floren 1906-1912, H. V. Kindblom, 1913-1915, Magnus Nordman 1915-1917. Hjalmar T\u00f6rner 1918-1919, Sigurd W\u00e5lstedt 1919-1922, och fr\u00e5n 1922 G. Hult\u00e9n. <br>Av alla tecken att d\u00f6ma har det i Vrigstad funnits l\u00e4kemedel att k\u00f6pa \u00e4nda fr\u00e5n den s. k. pr\u00e4stmedicinens dagar. Hos Falkenberg p\u00e5 Biskopsbo kunde n\u00e4mligen de vanligaste l\u00e4kemedlen erh\u00e5llas redan vid 1800-talets b\u00f6rjan. P\u00e5 1810-talet gjordes detta medicinf\u00f6rr\u00e5d till en sockeninr\u00e4ttning och kallades Vrigstads sockenapotek. Detta apotek utvecklades \u00e5r 1842 till en f\u00f6rfattningsenlig filial under apoteket i J\u00f6nk\u00f6ping. S\u00e5 sm\u00e5ningom blev apoteket sj\u00e4lvst\u00e4ndigt. \u00c5r 1870 \u00f6ppnade Vrigstads apotek till och med filial i N\u00e4ssj\u00f6. Denna filial blev sedermera sj\u00e4lvst\u00e4ndigt apotek. <br>Lokal f\u00f6r apoteket i Vrigstad var Bolagsg\u00e5rden \u00e4nda till p\u00e5 1880-talet, d\u00e5 apoteket flyttade till M\u00f6rkadala, som d\u00e5 ans\u00e5gs vara en synnerligen l\u00e4mplig lokal. Under slutet av 1890-talet fick Vrigstad-apoteket filial i S\u00e4vsj\u00f6. <br>\u00c5r 1909 tilltr\u00e4dde apotekaren Cl. J. Persson apoteket i Vrigstad. Ett par \u00e5r d\u00e4refter beg\u00e4rde Persson att f\u00e5 \u00e4ndra filialen i S\u00e4vsj\u00f6 till stamapotek och degradera Vrigstad till minsta m\u00f6jliga, n\u00e4mligen till medikamentsf\u00f6rr\u00e5d, vilket han ocks\u00e5 fick. Samtidigt f\u00f6rbands Vrigstad betala en \u00e5rlig hyresers\u00e4ttning, eller h\u00e5lla l\u00e4mplig lokal f\u00f6r n\u00e4mnda medikamentsf\u00f6rr\u00e5d. <br>Vid samma tid fick tj\u00e4nstg\u00f6rande provinsiall\u00e4karen till\u00e5telse att tills vidare bos\u00e4tta sig i S\u00e4vsj\u00f6. Det s\u00e5g allts\u00e5 ut som om Vrigstad skulle bli ber\u00f6vat de r\u00e4ttigheter som det av \u00e5lder haft som centralpunkt i provinsiall\u00e4karedistriktet. I anledning d\u00e4rav gick kommunen i f\u00f6rfattning om fr\u00e5gans \u00e4ndam\u00e5lsenliga l\u00f6sning. Resultatet framg\u00e5r av Kungl. brev den 19 nov. 1920 vilket slutar s\u00e5lunda: &#8221;Vidare hava vi i funnit gott att f\u00f6reskriva att innehavaren av apoteket i S\u00e4vsj\u00f6 skall vara skyldig att i under i samma brev angiva villkor tillhandah\u00e5lla ifr\u00e5gavarande medikamentsf\u00f6rr\u00e5d, s\u00e5 l\u00e4nge Vrigstads kommun kostnadsfritt tillhandah\u00e5ller s\u00e5v\u00e4l lokaler f\u00f6r medicinf\u00f6rr\u00e5d som bostad \u00e5t dess f\u00f6rest\u00e5ndare.&#8221; <br>Kort d\u00e4refter uppf\u00f6rde kommunen en av myndigheterna godk\u00e4nd byggnad f\u00f6r ifr\u00e5gavarande \u00e4ndam\u00e5l samt ink\u00f6pte Villa Solhaga till bostad \u00e5t l\u00e4karen. Till att g\u00e4lda byggnationssumman upptogs ett tio\u00e5rigt amorteringsl\u00e5n. Medel till l\u00e4karbostaden tillhandah\u00f6lls av sparbanken utan r\u00e4nta, och i \u00e5r har bankens \u00e5rsst\u00e4mma beslutat att av reservfonden avst\u00e5 en summa av 45,000 kronor till t\u00e4ckande av den f\u00f6r l\u00e4karbostadens ink\u00f6p och iordningsst\u00e4ilande uppkomna i kostnaden. Med h\u00e4nsyn till de ekonomiska uppoffringar, som gjorts f\u00f6r l\u00e4karfr\u00e5gans ordnande, och i betraktande av samh\u00e4llets traditioner som centralpunkt f\u00f6r den omgivande bygden \u00e4r det goda f\u00f6ruts\u00e4ttningar f\u00f6r att befolkningen f\u00f6r framtiden alltj\u00e4mt skall \u00e4ga f\u00f6rm\u00e5nen av att ha l\u00e4kare och apotek i Vrigstad. <br>Tidningsklipp 1930. <\/p>\n","protected":false},"excerpt":{"rendered":"<p>\u00c4nnu s\u00e5 sent som under f\u00f6rsta tredjedelen av f\u00f6reg\u00e5ende \u00e5rhundrade h\u00f6rde hela V\u00e4stra h\u00e4rad till J\u00f6nk\u00f6pings l\u00e4karedistrikt och hade ingen<\/p>\n","protected":false},"author":1,"featured_media":0,"parent":0,"menu_order":0,"comment_status":"closed","ping_status":"closed","template":"","meta":{"footnotes":""},"class_list":["post-4023","page","type-page","status-publish","hentry"],"_links":{"self":[{"href":"https:\/\/vrigstadshembygdsforening.se\/index.php?rest_route=\/wp\/v2\/pages\/4023","targetHints":{"allow":["GET"]}}],"collection":[{"href":"https:\/\/vrigstadshembygdsforening.se\/index.php?rest_route=\/wp\/v2\/pages"}],"about":[{"href":"https:\/\/vrigstadshembygdsforening.se\/index.php?rest_route=\/wp\/v2\/types\/page"}],"author":[{"embeddable":true,"href":"https:\/\/vrigstadshembygdsforening.se\/index.php?rest_route=\/wp\/v2\/users\/1"}],"replies":[{"embeddable":true,"href":"https:\/\/vrigstadshembygdsforening.se\/index.php?rest_route=%2Fwp%2Fv2%2Fcomments&post=4023"}],"version-history":[{"count":4,"href":"https:\/\/vrigstadshembygdsforening.se\/index.php?rest_route=\/wp\/v2\/pages\/4023\/revisions"}],"predecessor-version":[{"id":5138,"href":"https:\/\/vrigstadshembygdsforening.se\/index.php?rest_route=\/wp\/v2\/pages\/4023\/revisions\/5138"}],"wp:attachment":[{"href":"https:\/\/vrigstadshembygdsforening.se\/index.php?rest_route=%2Fwp%2Fv2%2Fmedia&parent=4023"}],"curies":[{"name":"wp","href":"https:\/\/api.w.org\/{rel}","templated":true}]}}