{"id":3921,"date":"2019-07-29T20:55:04","date_gmt":"2019-07-29T20:55:04","guid":{"rendered":"http:\/\/vrigstadshembygdsforening.se\/?page_id=3921"},"modified":"2019-07-29T20:55:04","modified_gmt":"2019-07-29T20:55:04","slug":"berattelsen-om-fyra-kvinnor-fredrique-runstedt-karolina-widerstrom-gerda-wigstrom-och-ulla-linder","status":"publish","type":"page","link":"https:\/\/vrigstadshembygdsforening.se\/?page_id=3921","title":{"rendered":"Ber\u00e4ttelsen om fyra kvinnor &#8211; Fredrique Runstedt, Karolina Widerstr\u00f6m, Gerda Wigstr\u00f6m och Ulla Linder"},"content":{"rendered":"<p>Personerna \u00e4r f\u00f6ljande:<br \/>\nFredrique Runstedt, vid vars grav vi nu st\u00e5r<br \/>\nSveriges f\u00f6rsta kvinnliga l\u00e4kare Karolina Widerstr\u00f6m<br \/>\nSjuksk\u00f6terskan Gerda Wigstr\u00f6m<br \/>\nF\u00f6rfattarinnan Ulla Linder<\/p>\n<p>Man kan nog s\u00e4ga att allt tog sin b\u00f6rjan hos Sveriges f\u00f6rsta kvinnliga l\u00e4kare, Karolina Widerstr\u00f6m i Stockholm. Karolina f\u00f6ddes 1856 i Helsingborg och studerade f\u00f6rst till gymnastikl\u00e4rare men \u00f6vertalades att forts\u00e4tta studierna till l\u00e4kare, vilket hon ocks\u00e5 gjorde. 1888, vid 32 \u00e5rs \u00e5lder, avlade hon sin l\u00e4karexamen vid Karolinska institutet och blev d\u00e4rmed Sveriges f\u00f6rsta kvinnliga legitimerade l\u00e4kare. Hon specialiserade sig p\u00e5 kvinnomedicin och gynekologi.<\/p>\n<p>1889 \u00f6ppnade hon sin privatklinik i Stockholm. Till sin hj\u00e4lp hade hon sjuksk\u00f6terskan Gerda Wigstr\u00f6m. De b\u00e5da f\u00f6rkovrade sig i yrket genom studier utomlands bl.a. i Tyskland och Frankrike d\u00e4r de studerade operationsteknik.<\/p>\n<p>Ett av Karolinas stora intresse bredvid praktiken, var sexualupplysning. Hon reste land och rike runt och h\u00f6ll f\u00f6redrag i \u00e4mnet. Hennes m\u00e5l var att detta skulle inf\u00f6ras som ett \u00e4mne i den svenska skolan. 1933 bildades RFSU f\u00f6r att f\u00f6rverkliga Karolinas id\u00e9. F\u00f6rst 1955 kom sexualupplysning att bli ett obligatoriskt \u00e4mne i skolan.<\/p>\n<p>Karolina fick aldrig uppleva detta, hon avled 1949, allts\u00e5 sex \u00e5r f\u00f6re reformens genomf\u00f6rande.<\/p>\n<p>Som jag n\u00e4mnde hade Karolina en sjuksk\u00f6terska som hette Gerda Wigstr\u00f6m. Hon och Karolina bodde tillsammans. Men s\u00e5 h\u00e4nde n\u00e5got. Gerda flyttade till Vrigstad 1895 och en Maria Aspman blev Karolinas nya livskamrat. De kamperade ihop till 1944 d\u00e5 Maria gick ur tiden. Karolina levde ytterligare fem \u00e5r och avled 1949 vid 93 \u00e5rs \u00e5lder.<\/p>\n<p>S\u00e5 till n\u00e4sta person i handlingen, Gerda Wigstr\u00f6m. Gerda var j\u00e4mn\u00e5rig med Karolina, allts\u00e5 f\u00f6dd 1856. \u00c4ven hon var sk\u00e5nska, f\u00f6dd i Raus, Malm\u00f6hu l\u00e4n. Som jag nyss n\u00e4mnde flyttade hon till Vrigstad 1895 fr\u00e5n Stockholm. Hon hyrde in sig i Lunnaberg d\u00e4r hon bodde till 1900. Hon flyttade d\u00e5 in i sitt nyuppf\u00f6rda hus \u201dGranebo\u201d, som idag \u00e4gs av Klas Hjalmarskog med adress Gerda Wigstr\u00f6ms v\u00e4g 8. Gerda Wigstr\u00f6ms v\u00e4g g\u00e5r in vid och bakom busstationen mot skolan. Gerda har allts\u00e5 f\u00e5tt en egen v\u00e4g uppkallad efter sig.<\/p>\n<p>Att Gerda och Fredrique hade ett n\u00e4ra f\u00f6rh\u00e5llande \u00e4r omvittnat av \u00e4ldre vrigstadbor. Men s\u00e5dant talade man tyst om vid den h\u00e4r tiden. Skiljsm\u00e4ssan fr\u00e5n Karolina var inte helt bekymmersfri, vilket framg\u00e5r av bevarade brev mellan dessa.<\/p>\n<p>I ett brev daterat Lunnaberg den 9 november 1895 skriver Gerda till Karolina: \u201d <em>K\u00e4ra Lina! Fredrique har skrivit till dig ang\u00e5ende v\u00e5ra gemensamma aff\u00e4rer, jag orkade ej skriva sj\u00e4lv, men som jag de senaste dagarna varit b\u00e4ttre har jag t\u00e4nkt p\u00e5 och kommit ih\u00e5g en del saker. Vill du l\u00f6sa dig till mina tv\u00e5 depositionsbevis och i s\u00e5 fall f\u00e5r jag v\u00e4l s\u00e4nda fullmakt. S\u00e5 hade jag 30 kr. i guld tyska mark, vill du k\u00f6pa dem eller l\u00e5ta v\u00e4xla dem i svenskt mynt. Mina obligationer \u00e4r ocks\u00e5 b\u00e4st att jag f\u00e5r hit\u201d.<\/em><\/p>\n<p>L\u00e4ngre fram i brevet skriver hon att av de 1 500 kronor hon l\u00e5nat av Karolina vid deras f\u00f6rsta utlandsresa har hon avbetalat 870 kr. Allts\u00e5 kvarst\u00e5r 130 kr. och inte 600 kr, som Karolina h\u00e4vdar.<\/p>\n<p>I ett annat brev skriver Gerda:\u201d <em>Som du minns fick jag ett par handv\u00e4vda gardiner av dig. Dem har du kvar, vill du ej k\u00f6pa dem av mig s\u00e5 s\u00e4nd dessa hit. En svart urna som jag f\u00e5tt av Hults \u00e4r ocks\u00e5 kvar. Den kan du ocks\u00e5 f\u00e5 k\u00f6pa om du s\u00e5 vill.\u201d <\/em><\/p>\n<p>Det var mycket skriverier om prylar hit och dit. I ett brev st\u00e5r det bl.a. \u201d<em>Om jag ej missminner mig finns i Solbacken (Karolinas sommarst\u00e4lle) 35 st. tr\u00e4dg\u00e5rdssn\u00e4ckor \u00e1 20 \u00f6re styck, vill du k\u00f6pa dem eller s\u00e4nda dem? Min stora tr\u00e4dg\u00e5rdskanna fick jag ej hit, ist\u00e4llet s\u00e4ndes till mig en liten obrukbar, vilken jag s\u00e4nder tillbaks.\u201d<\/em><\/p>\n<p>Gerda k\u00f6per i S\u00e4vsj\u00f6 en stor kanna f\u00f6r 1.75 och ber Karolina s\u00e4nda pengar f\u00f6r denna. Trots br\u00e5k om sm\u00e5saker skickar varje \u00e5r Gerda en jul- och ny\u00e5rsh\u00e4lsning till Karolina.<\/p>\n<p>Den 5 januari 1901 d\u00f6r Gerdas mor, f\u00f6rfattarinnan Eva Wigstr\u00f6m i Helsingborg. Hon har tidvis vistats hos Gerda i Vrigstad. Hon begravs h\u00e4r p\u00e5 Vrigstads kyrkog\u00e5rd och Gerdas far och syster flyttar till Gerda i Granebo. N\u00e4r fabrik\u00f6ren Fredrik Runstedt begravdes 1899 hade Gerdas mor f\u00f6rfattat en dikt som l\u00e4stes vid graven.<\/p>\n<p>Gerda fick se sig sviken \u00e4n en g\u00e5ng. F\u00f6rfattarinnan Ulla Linder kom till Vrigstad. Hon flyttar in hos Fredrique Runstedt i fastigheten Run\u00f6 (Runstedtska fastigheten). Detta kunde troligen inte Gerda Wigstr\u00f6m acceptera, varf\u00f6r hon 1910 s\u00e5lde sitt hus Granebo och flyttar fr\u00e5n Vrigstad. Mammans grav gr\u00e4vdes upp och stoftet flyttades fr\u00e5n Vrigstad till Helsingborg.<\/p>\n<p>Gerdas mor Eva var folklivsforskare och f\u00f6rfattare och skrev under pseudonymen AVE (Eva bakv\u00e4nt). Hon fick en st\u00e5tlig gravsten rest \u00f6ver sig p\u00e5 Helsingborgs kyrkog\u00e5rd med inskriften:\u201d <em>\u00c5t AVE restes stenen f\u00f6r \u00e4del diktning f\u00f6r gagnande forskning av tacksamma landsm\u00e4n\u201d.<\/em><\/p>\n<p>Gerda dog 1936 i Helsingborg.<\/p>\n<p>F\u00f6rfattarinnan Ulla Linder kom, som jag sa, till Vrigstad 1909 och bosatte sig hos Fredrique Runstedt. Fredriques f\u00f6r\u00e4ldrar var b\u00e5da d\u00f6da.<\/p>\n<p>Fredriques far Fredrik Runstedt hade betytt mycket f\u00f6r Vrigstads utveckling. Han kom till Vrigstad redan 1848 d\u00e5 han grundade Runstedtska f\u00e4rgeriet. Detta intresserade Ulla och hon fick Fredrique att ber\u00e4tta hela hans levnadshistoria. Resultatet blev en nyckelroman fr\u00e5n Vrigstad som kom ut i tv\u00e5 band 1913 med titeln \u201dByarydskungen\u201d. Byaryd \u00e4r allts\u00e5 Vrigstad och huvudpersonen \u201dKungen\u201d i boken heter Erik \u00d6rnberg, som d\u00e5 \u00e4r Fredrik Runstedt. Handelspatronen Johan Ek f\u00e5r i boken heta patron L\u00f6nnblad o.s.v.<\/p>\n<p>Ulla var en kreativ kvinna och hon gjorde ett f\u00f6rs\u00f6k att bilda en \u201dVrigstadgrupp\u201d av konstn\u00e4rer, f\u00f6rfattare och andra kulturarbetare. Ulla fanns ju redan p\u00e5 plats liksom Ernst Jotson, som bodde i Wadells pensionat. Konstn\u00e4ren Hugo Carlberg kom 1912 och f\u00f6rfattaren Carl Svensson Graner, hyrde in sig i Lunnaberga. De enda som var erk\u00e4nda av dessa var Hugo Carlberg och Ulla sj\u00e4lv. Hon f\u00f6rs\u00f6kte d\u00e5 f\u00e5 mera etablerade f\u00f6rfattare till gruppen och en dag kom Elin W\u00e4gner p\u00e5 bes\u00f6k f\u00f6r att f\u00e5 information om projektet. Hon kom i s\u00e4llskap med journalisten och f\u00f6rfattaren Ester Blenda Nordstr\u00f6m p\u00e5 motorcykel till Vrigstad, vilket v\u00e4ckte stor uppm\u00e4rksamhet. Ester Blenda \u00e4r just nu aktuell i en utst\u00e4llning p\u00e5 Skarhults slott i Sk\u00e5ne. N\u00e5gra kanske har l\u00e4st biografin om henne \u201dEtt j\u00e4vla solsken\u201d.<\/p>\n<p>Tyv\u00e4rr rann Ullas projekt ut i sanden. Det har dock l\u00e4mnat n\u00e5gra sp\u00e5r efter sig. F\u00f6rutom Ullas nyckelroman \u201dByarydskungen\u201d skrev hon ocks\u00e5 en ungdomsbok med titeln \u201dGunnar och Granebobarnen\u201d. Troligen syftar hon p\u00e5 Gerda Wigstr\u00f6ms hus Granebo. Ernst Jotson skrev boken \u201dDen underbare prinsen\u201d och Carl Svensson Graner gav ut boken \u201dSkogarnas folk\u201d d\u00e4r bilden p\u00e5 omslaget \u00e4r tecknat av Hugo Carlberg.<\/p>\n<p>Ulla och Fredrique bor i Run\u00f6 till 1916 d\u00e5 Fredrique k\u00f6per fastigheten Annelund, nuvarande adress V\u00e4xj\u00f6v\u00e4gen 2 och de b\u00e5da flyttar dit. De d\u00f6per om fastigheten till Solhaga. H\u00e4r d\u00f6r Fredrique 1919. Ulla bor kvar till 1921 d\u00e5 hon flyttar till Torgl\u00e4genhet 6. Kommunen k\u00f6per Solhaga av Ulla och huset blir l\u00e4karmottagning och bostad f\u00f6r provinsiall\u00e4karen Gustaf Hult\u00e9n. H\u00f6sten 1922 flyttar Ulla fr\u00e5n Vrigstad. Hon g\u00e5r ur tiden 1954 i Flen, S\u00f6dermanland.<\/p>\n<p>Fredrique Runstedt, vid vars grav vi nu st\u00e5r, f\u00f6ddes den 24 augusti 1852 i Vrigstad som f\u00f6rsta och enda barn till f\u00e4rgerifabrik\u00f6ren Fredrik Runstedt och hans hustru Stina Lovisa Tolf.<\/p>\n<p>Fredrique var en livlig flicka under uppv\u00e4xten och var vad man brukar s\u00e4ga en \u201dpojkflicka\u201d. Flickan skulle ju ha en ordentlig utbildning tyckte fadern Fredrik varf\u00f6r hon skickades till Aurora Storckenfelts flickskola i J\u00f6nk\u00f6ping.<\/p>\n<p>Efter utbildningen i J\u00f6nk\u00f6ping fick hon p\u00e5 f\u00f6r\u00e4ldrarnas bekostnad m\u00f6jlighet att g\u00f6ra resor b\u00e5de inom och utom landet. P\u00e5 det s\u00e4ttet skaffade hon sig goda kontakter och spr\u00e5kkunskaper, allt med tanke p\u00e5 hennes kommande engagemang i faderns f\u00f6retag, Runstedtska F\u00e4rgeriet h\u00e4r i Vrigstad.<\/p>\n<p>I unga \u00e5r drabbades Fredrique av en reumatisk feber, som gjorde att hon d\u00e4refter hela livet igenom led av hj\u00e4rtbesv\u00e4r. Kanske var det sjukdomen som gjorde att hon fick kontakt med l\u00e4karen Karolina Widerstr\u00f6m?<\/p>\n<p>Trots sin sjukdom s\u00e5 hade hon en vilja att s\u00e4tta sig in i faderna f\u00f6retag. Fadern arrenderade Biskopsbo d\u00e5 f\u00e4rgeriet var i stort behov av br\u00e4nsle till de stora f\u00e4rgpannorna. P\u00e5 Biskopsbo kunde han genom avverkning t\u00e4cka br\u00e4nslebehovet. Fredrique satte sig v\u00e4l in i sk\u00f6tseln av b\u00e5de f\u00e4rgeriet och Biskopsbo.<\/p>\n<p>Apotekaren Persson kom till Vrigstad 1908. I ett brev jag fick fr\u00e5n hans son\u00a0 beskriver han Fredrique helt kort s\u00e5 h\u00e4r:<em> \u201dFr\u00f6ken Runstedt hon b\u00e5de h\u00f6rdes och syntes n\u00e4r hon var ute. D\u00e4r satt hon i sin gigg, karlklippt och med cigarr i munnen och den stora gulf\u00e4rgade Ulmerdoggen springande runt ekipaget, under ideliga skall. Ibland om somrarna kunde man se en sp\u00e4d kvinna bredvid henne. Det sades vara en f\u00f6rfattarinna.\u201d<\/em><\/p>\n<p>I ett annat brev skriver han om Fredrique s\u00e5 h\u00e4r: <em>\u201dF\u00e4rgeriet \u00e4gt och drivet av en fr\u00f6ken Runstedt, en medel\u00e5lders , manhaftig kvinna med kortklippt gr\u00e5tt h\u00e5r. Hon k\u00f6r sj\u00e4lv sina h\u00e4star och har vid sina utflykter s\u00e4llskap av en stor gul hund, som genom sitt sk\u00e4llande upplyser folk om vad som sker. Att den b\u00e5lda fr\u00f6ken \u00e4r manhaftig, understryks av att hon sk\u00f6ter piska och t\u00f6mmar p\u00e5 ett perfekt s\u00e4tt samt att hon alltid\u00a0 har en stor cigarr i munnen.\u201d\u00a0 <\/em><\/p>\n<p>Hennes manhaftighet p\u00e5talas ocks\u00e5 av Gustaf Dahl.<\/p>\n<p>Efter att Ulla Linder och Fredrique flyttat till Solhaga 1916, b\u00f6rjade Fredrique k\u00e4nna att krafterna b\u00f6rjade avta. Hon \u00f6verl\u00e4t d\u00e5 fastigheten till Ulla. Den 8 april 1919 avled Fredrique vid 67 \u00e5rs \u00e5lder. Hon hade d\u00e5 s\u00e5lt f\u00e4rgeriet 1912 till Axel Dahlquist.<\/p>\n<p>\u00a9 Stig Marz<\/p>\n","protected":false},"excerpt":{"rendered":"<p>Personerna \u00e4r f\u00f6ljande: Fredrique Runstedt, vid vars grav vi nu st\u00e5r Sveriges f\u00f6rsta kvinnliga l\u00e4kare Karolina Widerstr\u00f6m Sjuksk\u00f6terskan Gerda Wigstr\u00f6m<\/p>\n","protected":false},"author":1,"featured_media":0,"parent":0,"menu_order":0,"comment_status":"closed","ping_status":"closed","template":"","meta":{"footnotes":""},"class_list":["post-3921","page","type-page","status-publish","hentry"],"_links":{"self":[{"href":"https:\/\/vrigstadshembygdsforening.se\/index.php?rest_route=\/wp\/v2\/pages\/3921","targetHints":{"allow":["GET"]}}],"collection":[{"href":"https:\/\/vrigstadshembygdsforening.se\/index.php?rest_route=\/wp\/v2\/pages"}],"about":[{"href":"https:\/\/vrigstadshembygdsforening.se\/index.php?rest_route=\/wp\/v2\/types\/page"}],"author":[{"embeddable":true,"href":"https:\/\/vrigstadshembygdsforening.se\/index.php?rest_route=\/wp\/v2\/users\/1"}],"replies":[{"embeddable":true,"href":"https:\/\/vrigstadshembygdsforening.se\/index.php?rest_route=%2Fwp%2Fv2%2Fcomments&post=3921"}],"version-history":[{"count":1,"href":"https:\/\/vrigstadshembygdsforening.se\/index.php?rest_route=\/wp\/v2\/pages\/3921\/revisions"}],"predecessor-version":[{"id":3922,"href":"https:\/\/vrigstadshembygdsforening.se\/index.php?rest_route=\/wp\/v2\/pages\/3921\/revisions\/3922"}],"wp:attachment":[{"href":"https:\/\/vrigstadshembygdsforening.se\/index.php?rest_route=%2Fwp%2Fv2%2Fmedia&parent=3921"}],"curies":[{"name":"wp","href":"https:\/\/api.w.org\/{rel}","templated":true}]}}