{"id":392,"date":"2015-07-16T08:59:07","date_gmt":"2015-07-16T08:59:07","guid":{"rendered":"http:\/\/vrigstadshembygdsforening.se\/?page_id=392"},"modified":"2020-08-18T16:32:45","modified_gmt":"2020-08-18T16:32:45","slug":"filadelfiaforsamlingen-i-vrigstad","status":"publish","type":"page","link":"https:\/\/vrigstadshembygdsforening.se\/?page_id=392","title":{"rendered":"Filadelfiaf\u00f6rsamlingen i Vrigstad"},"content":{"rendered":"<p align=\"left\">Utdrag ur Filadelfiaf\u00f6rsamlingens jubileumsskrift \u00c5ttio \u00e5r! som gavs ut 2007. Texten speglar tillkomsten av f\u00f6rsamlingen.<\/p>\n<p align=\"left\">N\u00e4r nya kristna f\u00f6rsamlingar bildats har det som regel berott p\u00e5 m\u00e5nga bidragande orsaker. Ibland har det varit f\u00f6r att man velat pr\u00f6va nya s\u00e4tt att arbeta eller tolkat Bibeln olika. Det som kan r\u00e4knas till f\u00f6rsamlingens b\u00f6rjan \u00e4r h\u00f6sten 1926 d\u00e5 Robert H\u00e4gg bad en evangelist i Helgelsef\u00f6rbundet, Arvid Karlsson i Boestad, att h\u00e5lla m\u00f6ten i Sunnerby missionshus, som inte var knutet till n\u00e5got samfund. H\u00e4r blev det v\u00e4ckelse under vintern 1926-27. F\u00f6rutom Arvid Karlsson medverkade Oscar Finn\u00e9r och Valter Eidersj\u00f6, fr\u00e5n Helgelsef\u00f6rbundet, i m\u00e5nga m\u00f6ten under vintern. F\u00f6rkunnelsen handlade i stort sett om alla Bibelns sanningar d\u00e4r omv\u00e4ndelse fr\u00e5n det gamla syndalivet till ett nytt liv i Kristus stod i centrum. Dop i vatten efter det att man blivit omv\u00e4nd f\u00f6rkunnades dock inte p\u00e5 grund av att den tidens frikyrkomedlemmar inte praktiserade detta s\u00e4tt att d\u00f6pa.<\/p>\n<p align=\"left\">Evangelisterna sj\u00e4lva var dock helt \u00f6vertygade om att dopet kommer efter ett personligt st\u00e4llningstagande till evangeliet. F\u00f6r att inte skapa splittring och sl\u00e5 igen \u201d\u00f6ppna d\u00f6rrar\u201d avstod man emellertid fr\u00e5n dopfr\u00e5gan i f\u00f6rkunnelsen. Men de nyomv\u00e4nda, som till st\u00f6rre delen var ungdomar, b\u00f6rjade genast att l\u00e4sa Bibeln p\u00e5 egen hand och fann d\u00e5 att Bibeln talade om att fr\u00e4lsningen f\u00f6regick dopet. P\u00e5 beg\u00e4ran h\u00f6lls d\u00e5 bibelstudier om dopet. P\u00e5 sommaren 1927, den 2 juli, h\u00f6lls en dopf\u00f6rr\u00e4ttning i sj\u00f6n Pelikroken, d\u00e5 elva unga m\u00e4n och en ung kvinna d\u00f6ptes. Dopf\u00f6rr\u00e4ttare var Valter Eidersj\u00f6.<\/p>\n<p>S\u00f6ndagen den 7 augusti 1927, i Sunnerby missionshus, bildades den nya f\u00f6rsamlingen, som fick namnet Betaniaf\u00f6rsamlingen. I detta m\u00f6te medverkade bland andra Arvid Karlsson och en mission\u00e4r vid namn Kaminsky. Till f\u00f6rest\u00e5ndare valdes Rudolf Karlsson, till \u00e4ldste Arvid Karlsson och Oscar Finn\u00e9r. Kass\u00f6r blev Robert H\u00e4gg och sekreterare Hilding Sj\u00f6gren. Diakoner blev Gustaf H\u00e5rd och Anna Carlsson. F\u00f6rutom predikan, b\u00f6n f\u00f6r den nya styrelsen och nattvardsfirande, upptogs en kollekt som inbringade 24 kronor och 60 \u00f6re.<\/p>\n<p>Vid \u00e5rsm\u00f6tet n\u00e5gra m\u00e5nader senare, den 1 januari 1928, bestod f\u00f6rsamlingen av 24 medlemmar, 19 \u201dbr\u00f6der\u201d och 5 \u201dsystrar\u201d. R\u00e4kenskaperna det f\u00f6rsta \u00e5ret omsl\u00f6t 221 kronor och 52 \u00f6re. Att l\u00e4gga m\u00e4rke till \u00e4r att f\u00f6rsamlingen bildades som en f\u00f6rsamling inom Helgelsef\u00f6rbundet, s\u00e5ledes inte som en del av Pingstr\u00f6relsen. Detta blev en senare fr\u00e5ga. De f\u00f6rsta medlemmarna var i stort sett i 20-30 \u00e5rs \u00e5lder. N\u00e5gra var under 20 \u00e5r.<\/p>\n<p>Ett problem som genast uppstod var fr\u00e5gan om m\u00f6teslokal. En l\u00f6sning blev att k\u00f6ket p\u00e5 pensionat Granhacken fick anv\u00e4ndas f\u00f6r m\u00f6ten. En annan plats d\u00e4r m\u00f6ten h\u00f6lls var Blomsholm, en liten stuga vid S\u00e4vsj\u00f6v\u00e4gen, vilken \u00e4gdes av en \u00e4ldre dam, som allm\u00e4nt gick under namnet \u201dBulla-Kristina\u201d. Denna stuga rymde 15-20 personer. I Sunnerby missionshus fick ocks\u00e5 m\u00f6ten h\u00e5llas. Avsaknaden av en egen m\u00f6teslokal var naturligtvis mycket otillfredsst\u00e4llande. D\u00e4rf\u00f6r arbetades det febrilt med att l\u00f6sa lokalfr\u00e5gan. Redan den 27 april 1929 beslutades att bygga ett kapell s\u00e5 fort tomt anskaffats. Den fr\u00e5gan l\u00f6stes genom att f\u00f6rsamlingen fick k\u00f6pa den tomt som \u00e4ven den nuvarande kyrkan \u00e4r byggd p\u00e5. En stor hj\u00e4lp i detta sammanhang var doktor Gustaf Hult\u00e9n, som var kommunal f\u00f6rtroendeman p\u00e5 den tiden. Tomtpriset var 100 kronor.<\/p>\n<p align=\"left\">Den 15 juli samma \u00e5r valdes en byggnadskommitt\u00e9 best\u00e5ende av 7 \u201dbr\u00f6der\u201d. Efter att p\u00e5 vanligt s\u00e4tt ha diskuterat olika f\u00f6rslag till kapellbygge och infordran av anbud beslutade byggnadskommitt\u00e9n den 28 mars 1930 att f\u00f6resl\u00e5 f\u00f6rsamlingen att anta ett anbud fr\u00e5n Hjalmar Johansson. Denne erbj\u00f6d sig \u201datt uppf\u00f6ra byggnaden f\u00f6r en summa av tiotusen kronor, i enlighet med ritning och arbetsbeskrivning, med undantag av grunden och transporter av tr\u00e4virke, tross, murtegel och byggnadsmaterial. An budet avser vanligt glas med p\u00e5\u00f6kning av priset f\u00f6r vad isglas kos tar mer\u2026\u201d (citat ur protokoll fr\u00e5n den 28 mars 1930).<\/p>\n<p align=\"left\">P\u00e5 f\u00f6rsamlingsm\u00f6te den 6 april 1930 besl\u00f6t f\u00f6rsamlingen enh\u00e4lligt att l\u00e5ta Hjalmar Johansson bygga. Denne byggm\u00e4stare var vid denna tid inte medlem av f\u00f6rsamlingen men blev det senare genom dop i det kapell han sj\u00e4lv byggt.<\/p>\n<p>Kapellet stod invigningsklan redan under h\u00f6sten samma \u00e5r, n\u00e4rmare best\u00e4mt den 25-26 oktober.<\/p>\n<p>I b\u00f6rjan av f\u00f6rsamlingens historia var det inte m\u00f6jligt att anst\u00e4lla n\u00e5gon egen pastor utan tillresande predikanter och evangelister anlitades. De flesta av dessa var pingstv\u00e4nner eller r\u00e4knades som sympatis\u00f6rer till Pingstr\u00f6relsen, som d\u00e5 var p\u00e5 stark frammarsch i Sverige. Betaniaf\u00f6rsamlingens medlemmar uppskattade pingstevangelisternas budskap och s\u00e5 sm\u00e5ningom f\u00f6ddes tanken p\u00e5 att klart deklarera att f\u00f6rsamlingen skulle bli en del av Pingstr\u00f6relsen. Den 17 augusti 1930, allts\u00e5 tre \u00e5r efter f\u00f6rsamlingens bildande, antogs nya stadgar samt besl\u00f6ts att bli en Pingstf\u00f6rsamling. N\u00e4rvarande var 30 medlemmar av de 58 som f\u00f6rsamlingen nu bestod av. Myndiga och d\u00e4rmed r\u00f6stber\u00e4ttigade var 24 av de n\u00e4rvarande. Till ordf\u00f6rande valdes Rudolf Carlsson, vice ordf\u00f6rande Eskil Knutson kass\u00f6r Robert H\u00e4gg. Till suppleanter valdes Ivar Gustafsson och Gustav H\u00e5rd.<\/p>\n<p align=\"left\">Efter kapellinvigning och antagande av nya stadgar stod f\u00f6rsamlingen v\u00e4l rustad f\u00f6r att utveckla f\u00f6rsamlings-verksamheten. 1933 \u00e4r ett \u00e5r som man minns med stor gl\u00e4dje d\u00e5 det var en stor v\u00e4ckelse i bygden som medf\u00f6rde att medlems-antalet n\u00e4stan f\u00f6rdubblades, fr\u00e5n 62 till 120. Dopf\u00f6rr\u00e4ttningar h\u00f6lls under vissa tider varannan helg. En g\u00e5ng d\u00f6ptes 14 personer, tv\u00e5 veckor senare 16 personer och ytterligare tv\u00e5 veckor senare 12 personer. Till stor hj\u00e4lp i f\u00f6rsamlingen under denna tid var evangelisten Anders Edmund.<\/p>\n<p align=\"left\">Den 3 juni 1934 besl\u00f6ts att k\u00f6pa en tomt samt bygga ett kapell i Hylletofta. Lite mer \u00e4n ett \u00e5r senare var tomtfr\u00e5gan klar och en byggnadskommitt\u00e9 tillsattes f\u00f6r att utarbeta ett f\u00f6rslag. Byggm\u00e4stare Hjalmar Johansson fick i uppdrag att bygga kapellet f\u00f6r 4300 kronor. 1974 f\u00f6rs\u00f6kte f\u00f6rsamlingen s\u00e4lja kapellet men d\u00e5 ingen k\u00f6pare anm\u00e4lde sig dr\u00f6jde det till 1977 innan kapellet s\u00e5ldes. \u00c4ven i Nydala uppf\u00f6rdes ett kapell, i b\u00f6rjan av 1940-talet. En livlig verksamhet, bland annat med egen s\u00f6ndagsskola bedrevs under m\u00e5nga \u00e5r. Fastigheten s\u00e5ldes under 1990-talet d\u00e5 verksamheten flyttats till Vrigstad. Under de \u00e5r som f\u00f6ljde kan man s\u00e4ga att f\u00f6rsamlingen gick in i en tid av traditionell frikyrklig verksamhet. M\u00f6tesverksam\u00adheten var mycket livlig b\u00e5de i Vrigstad och p\u00e5 utposterna. Den f\u00f6rsta julottan h\u00f6lls julen 1937 tillsammans med Vrigstads kyrka och Missionsf\u00f6rsamlingen. Detta var troligen upptakten till samarbetet mellan kyrkorna i Vrigstad, vilket senare har skett p\u00e5 m\u00e5nga olika s\u00e4tt.<\/p>\n<p align=\"left\">Under 1978 f\u00e4rdigst\u00e4lldes och invigdes den nya kyrkan.<br \/>\n<a href=\"https:\/\/media.vrigstadshembygdsforening.se\/\/2015\/07\/Fakta_kyrkor_filadelfia.jpg\"><img loading=\"lazy\" decoding=\"async\" class=\"alignnone size-full wp-image-393\" src=\"https:\/\/media.vrigstadshembygdsforening.se\/\/2015\/07\/Fakta_kyrkor_filadelfia.jpg\" alt=\"Fakta_kyrkor_filadelfia\" width=\"700\" height=\"467\" srcset=\"https:\/\/media.vrigstadshembygdsforening.se\/2015\/07\/Fakta_kyrkor_filadelfia.jpg 700w, https:\/\/media.vrigstadshembygdsforening.se\/2015\/07\/Fakta_kyrkor_filadelfia-300x200.jpg 300w\" sizes=\"auto, (max-width: 700px) 100vw, 700px\" \/><\/a><\/p>\n","protected":false},"excerpt":{"rendered":"<p>Utdrag ur Filadelfiaf\u00f6rsamlingens jubileumsskrift \u00c5ttio \u00e5r! som gavs ut 2007. Texten speglar tillkomsten av f\u00f6rsamlingen. N\u00e4r nya kristna f\u00f6rsamlingar bildats<\/p>\n","protected":false},"author":1,"featured_media":0,"parent":0,"menu_order":0,"comment_status":"closed","ping_status":"open","template":"","meta":{"footnotes":""},"class_list":["post-392","page","type-page","status-publish","hentry"],"_links":{"self":[{"href":"https:\/\/vrigstadshembygdsforening.se\/index.php?rest_route=\/wp\/v2\/pages\/392","targetHints":{"allow":["GET"]}}],"collection":[{"href":"https:\/\/vrigstadshembygdsforening.se\/index.php?rest_route=\/wp\/v2\/pages"}],"about":[{"href":"https:\/\/vrigstadshembygdsforening.se\/index.php?rest_route=\/wp\/v2\/types\/page"}],"author":[{"embeddable":true,"href":"https:\/\/vrigstadshembygdsforening.se\/index.php?rest_route=\/wp\/v2\/users\/1"}],"replies":[{"embeddable":true,"href":"https:\/\/vrigstadshembygdsforening.se\/index.php?rest_route=%2Fwp%2Fv2%2Fcomments&post=392"}],"version-history":[{"count":2,"href":"https:\/\/vrigstadshembygdsforening.se\/index.php?rest_route=\/wp\/v2\/pages\/392\/revisions"}],"predecessor-version":[{"id":4341,"href":"https:\/\/vrigstadshembygdsforening.se\/index.php?rest_route=\/wp\/v2\/pages\/392\/revisions\/4341"}],"wp:attachment":[{"href":"https:\/\/vrigstadshembygdsforening.se\/index.php?rest_route=%2Fwp%2Fv2%2Fmedia&parent=392"}],"curies":[{"name":"wp","href":"https:\/\/api.w.org\/{rel}","templated":true}]}}