{"id":3909,"date":"2019-07-24T20:05:28","date_gmt":"2019-07-24T20:05:28","guid":{"rendered":"http:\/\/vrigstadshembygdsforening.se\/?page_id=3909"},"modified":"2019-07-29T21:08:30","modified_gmt":"2019-07-29T21:08:30","slug":"thunander-rudolf","status":"publish","type":"page","link":"https:\/\/vrigstadshembygdsforening.se\/?page_id=3909","title":{"rendered":"Thunander Rudolf"},"content":{"rendered":"<p>Enligt pr\u00e4stens antackningar i f\u00f6delseboken var Rudolf f\u00f6dd den 1 januari 1921. Det kan vara b\u00e5de sant och falskt. Han har ber\u00e4ttat att n\u00e4r fadern fr\u00e5gade barnmorskan om barnet var f\u00f6tt f\u00f6re eller efter 12-slaget blev svaret \u2013 \u201dhan \u00e4r f\u00f6dd i slaget\u201d. Det kunde allts\u00e5 lika g\u00e4rna varit den 31 december 1920, men man besl\u00f6t att 1921 skulle vara hans f\u00f6delse\u00e5r.<\/p>\n<p>Rudolf f\u00f6ddes Svenarum och var son till Hans Axel Josua Thunander, f\u00f6dd 23\/3 1888, och Nanny Emilia Lovisa, f\u00f6dd Henriksson den 15\/2 1891. Hans var disponent vid Hagafors stolfabrik.<\/p>\n<p>Rudolf var n\u00e4st \u00e4ldsta barnen och fick totalt fem syskon, varav ett tvillingpar. Alla pojkarna hette Hans som ett av f\u00f6rnamnen \u2013 s\u00e5 \u00e4ven Rudolf som allts\u00e5 hette Hans Rudolf.<\/p>\n<p>Sj\u00e4lvstudier har varit naturligt f\u00f6r Rudolf. Hemma i Svenarum studerade han f\u00f6r att ta studenten som privatist. Detta gjorde han vid sidan om arbetet p\u00e5 Hagafors stolfabrik.<\/p>\n<p>Efter studentexamen och milit\u00e4rtj\u00e4nstg\u00f6ring vid Kronobergs regemente, som avslutades med reservofficersexamen, gifte han sig med Kerstin, f\u00f6dd Svensson den 2\/10 1920. Kerstin var barn till Mandli och Nanna Svensson. Vid giftem\u00e5let den 16\/9 1944 st\u00e5r Rudolf som officersaspirant i de officiella handlingarna. Nio dagar senare flyttar de till Enebacken i Vrigstad, nuvarande J\u00f6nk\u00f6pingsv\u00e4gen 5. Senare flyttar de till Boliden, V\u00e4xj\u00f6v\u00e4gen 18, innan de k\u00f6per hus p\u00e5 Tegn\u00e9rv\u00e4gen. Paret fick sedan tre barn: Ulla, Johan och Hans.<\/p>\n<p>1946 avled Mandli Svensson och d\u00e5 \u00f6vertogs ledningen av skofabriken av sonen Svenning Svensson och sv\u00e4rsonen Rudolf Thunander. Rudolf hade dock andra ambitioner \u00e4n att f\u00f6rbli vid sin l\u00e4st. Han b\u00f6rjade att studera tyska, engelska och kristendom. Detta resulterade i en ny yrkesbana. N\u00e5gon g\u00e5ng under 1960-talets b\u00f6rjan blev han l\u00e4rare vid realskolan och senare i h\u00f6gstadiet i S\u00e4vsj\u00f6 i engelska och tyska. Han undervisade \u00e4ven vid en yrkesskola.<\/p>\n<p>Tittar man t.ex. p\u00e5 Liber l\u00e4romedels hemsida ser man att han gett ut ett antal l\u00e4romedel, skrivna antingen av Rudolf sj\u00e4lv eller tillsammans med andra. Han arbetade \u00e4ven f\u00f6r l\u00e4nsskoln\u00e4mnden med l\u00e4rarnas fortbildning.<\/p>\n<p>Hans stora hembygds- och historiaintresse fick ytterligare ett lyft efter att han g\u00e5tt i pension. D\u00e5 b\u00f6rjade han l\u00e4sa historia p\u00e5 universitetet i V\u00e4xj\u00f6 och 1994 doktorerade han med avhandlingen \u201dHovr\u00e4tt i funktion, G\u00f6ta Hovr\u00e4tt och brottm\u00e5len 1635-1699\u201d. Under studietiden hann han publicera tv\u00e5 b\u00f6cker \u2013 \u201dF\u00f6rbjuden k\u00e4rlek\u201d som behandlar sexualbrott i 1600-talets Sverige samt \u201dSkytten och Draken\u201d som ber\u00e4ttar om tv\u00e5 sm\u00e5l\u00e4ndska adelsm\u00e4n som p\u00e5 1600-talet \u00e4gnade sig \u00e5t sj\u00f6r\u00f6veri p\u00e5 \u00d6stesj\u00f6n.<\/p>\n<p>Rudolf var ocks\u00e5 en f\u00f6reningsm\u00e4nniska. Hans betydelse f\u00f6r Vrigstads hembygdsf\u00f6rening \u00e4r enorm. Dels hans faktiska kunskaper och dels hans ber\u00e4ttarf\u00f6rm\u00e5ga d\u00e4r han med medm\u00e4nsklig humor och v\u00e4rme kunde beskriva m\u00e4nniskor han m\u00f6tt eller h\u00f6rt talas om.<\/p>\n<p>Rudolf var den som tog initiativet till att blida Vrigstads hembygdsf\u00f6rening 1948 och han blev ocks\u00e5 f\u00f6reningens f\u00f6rsta ordf\u00f6rande. Men redan 1945 skriver Rudolf i en tidningsartikel att en hembygdsf\u00f6rening i Vrigstad planeras. Han forts\u00e4tter s\u00e5 h\u00e4r:\u00a0<em>Det \u00e4r en stor brist, att det inte finns en s\u00e5dan organisation med uppgift att samla och bevara minnena fr\u00e5n g\u00e5ngen tid. \u201dUr forntids grund skall framtid spira\u201d lyder hembygdsf\u00f6reningarnas vackra motto. Det \u00e4r att hoppas, att en s\u00e5dan f\u00f6rening, n\u00e4r den kommer till st\u00e5nd, f\u00e5r stor anslutning och m\u00e5ngas st\u00f6d, i synnerhet som Vrigstad \u00e4r s\u00e5 rikt p\u00e5 v\u00e4rdefulla minnesm\u00e4rken och har en s\u00e5 intressant historia\u201d.<\/em><\/p>\n<p>N\u00e4r han sedan slutade som ordf\u00f6rande \u00f6vertog han sysslan som kass\u00f6r och han hade kvar denna uppgift fram till sin bortg\u00e5ng. P\u00e5 hembygdsf\u00f6reningens hemsida har vi publicerat n\u00e5gra av de m\u00e5nga f\u00f6redrag som Rudolf h\u00f6ll.<\/p>\n<p>N\u00e4r Stiftelsen Gamla Bankg\u00e5rden i Vrigstad bildades var Rudolf en sj\u00e4lvskriven representant fr\u00e5n hembygdsf\u00f6reningen. Han hade sj\u00e4lv suttit med i Vrigstads Sparbanks styrelse som ordf\u00f6rande och han hade inf\u00f6r bankens 100-\u00e5rsjubileum ocks\u00e5 sammanst\u00e4llt en skrift om banken 1867-1967.<\/p>\n<p>Redan 1952 visade Rudolf prov p\u00e5 sina historiakunskaper d\u00e5 hans kr\u00f6nikespel \u201dDet rika Nova Vallis\u201d uppf\u00f6rdes f\u00f6r f\u00f6rsta g\u00e5ngen i samband med Nydala klosters 850-\u00e5rsfirande. Rudolf sj\u00e4lv medverkade som munken Ingar. Spelet uppf\u00f6rdes igen 1993 och har sedan fortsatt att spelas. Rudolf har efter sin bortg\u00e5ng ersatts av sonen Hans i spelet.<\/p>\n<p>Rudolf har \u00e4ven varit engagerad i kommunpolitiken och har bl.a. suttit somk ordf\u00f6rande i Kommunfullm\u00e4ktige och i andra kommunala sammanhang. Han har ocks\u00e5 varit en flitig skribent i v\u00e5ra tidningar, d\u00e4r han ofta presenterade historiska fakta med koppling till Vrigstad.<\/p>\n<p>Rudolf, bl.a. tillsammans med framf\u00f6r allt Stig Marz, har ocks\u00e5 varit ansvariga f\u00f6r utgivningen av flera hembygdsb\u00f6cker om Vrigstad. Rudolf sista bok \u201dLuther i V\u00e4rnamo och andra historier fr\u00e5n Sm\u00e5lands inre\u201d kan varmt rekommenderas. H\u00e4r ber\u00e4ttas om m\u00e5nga personer fr\u00e5n Vrigstad \u2013 om \u00e4n med en del fingerade namn. Boken inleds med ett citat fr\u00e5n en anonym Stavlundabo: \u201dVi satt hos g\u00e4stgivar\u2019n till l\u00e5ngt fram p\u00e5 natten och lj\u00f6g. Men sen p\u00e5 morgonen, n\u00e4r jag t\u00e4nkte efter, s\u00e5 var det sant alltihop\u201d.<\/p>\n<p>Rudolf avled den 21 december 2003.<\/p>\n<p>\u00a9 Vrigstads hembygdsf\u00f6rening<\/p>\n","protected":false},"excerpt":{"rendered":"<p>Enligt pr\u00e4stens antackningar i f\u00f6delseboken var Rudolf f\u00f6dd den 1 januari 1921. Det kan vara b\u00e5de sant och falskt. Han<\/p>\n","protected":false},"author":1,"featured_media":0,"parent":0,"menu_order":0,"comment_status":"closed","ping_status":"closed","template":"","meta":{"footnotes":""},"class_list":["post-3909","page","type-page","status-publish","hentry"],"_links":{"self":[{"href":"https:\/\/vrigstadshembygdsforening.se\/index.php?rest_route=\/wp\/v2\/pages\/3909","targetHints":{"allow":["GET"]}}],"collection":[{"href":"https:\/\/vrigstadshembygdsforening.se\/index.php?rest_route=\/wp\/v2\/pages"}],"about":[{"href":"https:\/\/vrigstadshembygdsforening.se\/index.php?rest_route=\/wp\/v2\/types\/page"}],"author":[{"embeddable":true,"href":"https:\/\/vrigstadshembygdsforening.se\/index.php?rest_route=\/wp\/v2\/users\/1"}],"replies":[{"embeddable":true,"href":"https:\/\/vrigstadshembygdsforening.se\/index.php?rest_route=%2Fwp%2Fv2%2Fcomments&post=3909"}],"version-history":[{"count":2,"href":"https:\/\/vrigstadshembygdsforening.se\/index.php?rest_route=\/wp\/v2\/pages\/3909\/revisions"}],"predecessor-version":[{"id":3932,"href":"https:\/\/vrigstadshembygdsforening.se\/index.php?rest_route=\/wp\/v2\/pages\/3909\/revisions\/3932"}],"wp:attachment":[{"href":"https:\/\/vrigstadshembygdsforening.se\/index.php?rest_route=%2Fwp%2Fv2%2Fmedia&parent=3909"}],"curies":[{"name":"wp","href":"https:\/\/api.w.org\/{rel}","templated":true}]}}