{"id":3895,"date":"2019-07-18T16:56:43","date_gmt":"2019-07-18T16:56:43","guid":{"rendered":"http:\/\/vrigstadshembygdsforening.se\/?page_id=3895"},"modified":"2019-07-18T17:03:21","modified_gmt":"2019-07-18T17:03:21","slug":"medlemsskrift-2004","status":"publish","type":"page","link":"https:\/\/vrigstadshembygdsforening.se\/?page_id=3895","title":{"rendered":"Medlemsskrift 2004"},"content":{"rendered":"<h1><strong>En h\u00e4lsning fr\u00e5n <\/strong><strong>Vrigstads hembygdsf\u00f6rening 2004<\/strong><\/h1>\n<p><a href=\"https:\/\/media.vrigstadshembygdsforening.se\/\/Kopstad_50.jpg\"><img loading=\"lazy\" decoding=\"async\" class=\"size-full wp-image-3896 alignleft\" src=\"https:\/\/media.vrigstadshembygdsforening.se\/\/Kopstad_50.jpg\" alt=\"\" width=\"350\" height=\"488\" srcset=\"https:\/\/media.vrigstadshembygdsforening.se\/Kopstad_50.jpg 350w, https:\/\/media.vrigstadshembygdsforening.se\/Kopstad_50-215x300.jpg 215w\" sizes=\"auto, (max-width: 350px) 100vw, 350px\" \/><\/a><em>I b\u00f6rjan av 50-talet gjorde hembygdsf\u00f6reningen en utflykt till fornminnena i K\u00f6pstad. <\/em><\/p>\n<p><em>L\u00e4ngst till h\u00f6ger p\u00e5 bilden finns tv\u00e5 av f\u00f6reningens tidigare ordf\u00f6rande \u2013 Rudolf Thunander och Henry Renshult.<\/em><\/p>\n<p><em>\u00d6vriga p\u00e5 bilden fr.v. Erik Cronvall, Margith Str\u00e5nge, Gunilla Wilsson, Stina Svensson och Lisa Johansson.<\/em><\/p>\n<p>&nbsp;<\/p>\n<p>&nbsp;<\/p>\n<p>&nbsp;<\/p>\n<p>&nbsp;<\/p>\n<p>&nbsp;<\/p>\n<p>&nbsp;<\/p>\n<p>&nbsp;<\/p>\n<p><strong>Inneh\u00e5ller:<\/strong><br \/>\nTill minne av Rudolf Thunander<br \/>\nEtt tack f\u00f6r penningg\u00e5vor<br \/>\nBrevsamling sk\u00e4nkt till Gamla Bankg\u00e5rden<br \/>\nInbjudan till \u00e5rsm\u00f6te<\/p>\n<h2><strong>Till minne av Rudolf Thunander<br \/>\n(1921-2003)<\/strong><\/h2>\n<p>N\u00e4r v\u00e5r v\u00e4n och styrelseledamot Rudolf Thunander gick ur tiden den 21 december 2003 avslutades en livsg\u00e4rning som till stor del \u00e4gnats \u00e5t kulturellt arbete, inte minst inom v\u00e5r hembygdsf\u00f6rening.<\/p>\n<p>Det var Rudolf som var initiativtagare till f\u00f6reningens bildande. Detta skedde vid ett m\u00f6te, under Rudolfs ledning, p\u00e5 Granbacken den 8 juni 1948.<\/p>\n<p>Men redan 1945 skriver Rudolf i en tidningsartikel att en hembygdsf\u00f6rening i Vrigstad planeras. Han forts\u00e4tter s\u00e5 h\u00e4r: <em>Det \u00e4r en stor brist, att det inte finns en s\u00e5dan organisation med uppgift att samla och bevara minnena fr\u00e5n g\u00e5ngen tid. \u201dUr forntids grund skall framtid spira\u201d lyder hembygdsf\u00f6reningarnas vackra motto. Det \u00e4r att hoppas, att en s\u00e5dan f\u00f6rening, n\u00e4r den kommer till st\u00e5nd, f\u00e5r stor anslutning och m\u00e5ngas st\u00f6d, i synnerhet som Vrigstad \u00e4r s\u00e5 rikt p\u00e5 v\u00e4rdefulla minnesm\u00e4rken och har en s\u00e5 intressant historia\u201d.<\/em><\/p>\n<p>Det blev Rudolf sj\u00e4lv som fick f\u00f6rverkliga visionen. Han blev ocks\u00e5 f\u00f6reningens f\u00f6rste ordf\u00f6rande. Den posten innehade han till 1956 d\u00e5 han eftertr\u00e4ddes av Henry Renshult f\u00f6r att ist\u00e4llet bli f\u00f6reningens kass\u00f6r, en syssla som han sedan innehade till sin bortg\u00e5ng.<\/p>\n<p>I 55 \u00e5r hade allts\u00e5 Rudolf innehaft dessa tunga poster inom v\u00e5r styrelse. Det b\u00e4r respekt och aktning med sig.<\/p>\n<p>Rudolf svarade f\u00f6r kontinuiteten i v\u00e5rt hembygdsarbete och vi i styrelsen k\u00e4nde v\u00e4rdet av och tryggheten i att ha honom i v\u00e5rt arbetslag.<\/p>\n<p>N\u00e4r fantasin tr\u00f6t i v\u00e5rt programarbete visste vi att Rudolf alltid kunde rycka in och ta en temakv\u00e4ll och gl\u00e4dja oss med n\u00e5got ur sin rika fatabur.<\/p>\n<p>Under \u00e5ren har b\u00e5de b\u00f6cker och mindre tryck utgivits i f\u00f6reningens regi. Med sin fantastiska f\u00f6rm\u00e5ga att behandla svenska spr\u00e5ket var Rudolf den sj\u00e4lvskrivne huvudf\u00f6rfattaren och redakt\u00f6ren.<\/p>\n<p>Trots att sjukdomen b\u00f6rjat bryta ner hans krafter st\u00e4llde Rudolf upp och delade med sig av sitt stora kunnande. Det var i slutet av augusti, fyra m\u00e5nader f\u00f6re hans bortg\u00e5ng, d\u00e5 deltagarna i Studief\u00f6rbundet Vuxenskolans projekt om lanthandel, kvarnar och s\u00e5gar gjorde en utflykt till olika objekt i kommunen. Vi i Vrigstad hade valt att visa Boskvarn.<\/p>\n<p><a href=\"https:\/\/media.vrigstadshembygdsforening.se\/\/rudolf.gif\"><img loading=\"lazy\" decoding=\"async\" class=\"size-full wp-image-3897 alignleft\" src=\"https:\/\/media.vrigstadshembygdsforening.se\/\/rudolf.gif\" alt=\"\" width=\"350\" height=\"513\" \/><\/a>H\u00e4r samlades deltagarna kring Rudolf och fick h\u00f6ra honom p\u00e5 sitt oefterh\u00e4rmliga s\u00e4tt ber\u00e4tta om de farligheter som doldes i det brusande fallet bl.a. den l\u00f6mske fiolspelande n\u00e4cken, som ocks\u00e5 d\u00f6k upp\u00a0till resen\u00e4rernas f\u00f6rtjusning.<\/p>\n<p>Informationen vid Boskvarn blev Rudolfs sista framtr\u00e4dande.<\/p>\n<p>Rudolfs personk\u00e4nnedom kom v\u00e4l till pass vid de kyrkog\u00e5rdsvandringar som f\u00f6reningen anordnat vid ett flertal tillf\u00e4llen. Dessa vandringar inleddes alltid med att Rudolf l\u00e4ste Anders \u00d6sterlings dikt \u201dLantlig kyrkog\u00e5rd\u201d.<\/p>\n<p>&nbsp;<\/p>\n<p>&nbsp;<\/p>\n<p>&nbsp;<\/p>\n<p>&nbsp;<\/p>\n<p>&nbsp;<\/p>\n<p><em>Det \u00e4r ett folk av levande personer,<br \/>\n<\/em><em>ehuru boende p\u00e5 undantaget,<br \/>\n<\/em><em>och den som l\u00e4ser korsens inskriptioner<br \/>\n<\/em><em>blir snart bekant med hela byalaget.<\/em><\/p>\n<p><em>Se blott en stenmur skiljer fr\u00e5n varandra,<br \/>\n<\/em><em>en by f\u00f6r livet och en by f\u00f6r d\u00f6den,<br \/>\n<\/em><em>och var den ena dock \u00e4r lik den andra,<br \/>\n<\/em><em>med sol och lummighet och m\u00e4nnisko\u00f6den.<\/em><\/p>\n<p>Nu vilar sj\u00e4lv Rudolf p\u00e5 Vrigstads kyrkog\u00e5rd. Vi kommer att bevara hans minne med stor tacksamhet och v\u00f6rdnad.<br \/>\nStyrelsen.\u00a0<strong>\u00a0\u00a0\u00a0 <\/strong><\/p>\n<h2><strong>Tack<\/strong><\/h2>\n<p>Vrigstads hembygdsf\u00f6renings styrelse vill ocks\u00e5 framf\u00f6ra ett varmt tack till alla hembygdsv\u00e4nner f\u00f6r de penningg\u00e5vor som sk\u00e4nktes till f\u00f6reningen i samband med Rudolf Thunanders begravning.<\/p>\n<p>Totalt sk\u00e4nktes \u00f6ver 13\u00a0000 kronor till f\u00f6reningen. F\u00f6reningen diskuterar f\u00f6r n\u00e4rvarande m\u00f6jligheten att avs\u00e4tta dessa pengar i en fond till Rudolfs minne. Om planerna realiseras \u00e4r m\u00e5ls\u00e4ttningen att stimulera t.ex. skolelevers arbete med att studera och sprida kunskap om v\u00e5r hembygd genom utdelning av ett \u00e5rligt stipendium.<\/p>\n<h2><strong>Brevsamling sk\u00e4nkt till Gamla Bankg\u00e5rden<\/strong><\/h2>\n<p>I samband med iordningst\u00e4llandet av Gamla Bankg\u00e5rden \u00f6verl\u00e4mnade Elisabeth Ralf, till stiftelsen, en brevsamling omfattande cirka 300 brev. Det \u00e4r brev skrivna av Anna och Alfred Dahl till dottern Anna-Beth, f\u00f6dd 1894 i Sunnerby Norreg\u00e5rd och gift med musikprofessor Einar Ralf, Stockholm.<\/p>\n<p>Elisabeth \u00e4r dotter till Anna-Beth och Einar. I samlingen finns ocks\u00e5 brev fr\u00e5n de \u00e4ldre syskonen Gustaf och Anders Dahl. Breven \u00e4r skrivna under perioden 1909 till b\u00f6rjan av 1960-talet.<\/p>\n<p>H\u00e4r nedan presenterar vi n\u00e5gra utdrag med f\u00f6rklarande kommentarer.<\/p>\n<p>Breven \u00e4r under katalogisering.<\/p>\n<p><strong>Utdrag ur brev fr\u00e5n Anna Dahl till dottern Anna-Beth<\/strong><\/p>\n<p>28\/2 1940: Vi har haft Finlandsafton med mycket underh\u00e5llning. G\u00e4rda serverade kaffe ikl\u00e4dd r\u00e4v. En finsk lotta, som bor hos landsfiskalen i Stockaryd, sa n\u00e5gra tackord. Beh\u00e5llningen var god, men en droppe i hafvet till allt som beh\u00f6vs. Per var h\u00e4r idag, han sa: \u201dRoosevelt har inte mer \u00e5 s\u00e4 te om i Amerika, \u00e4n jag i Vregstad\u201d, sunt f\u00f6rnuft. Fru Hegg (ordf\u00f6rarens) i Sunnerby \u00e4r d\u00f6d.<\/p>\n<p><strong>Kommentar:<\/strong> <em>\u201dFinlands sak \u00e4r v\u00e5r\u201d hette det. M\u00e5nga insatser gjordes f\u00f6r att bist\u00e5 v\u00e5ra grannar. Bl.a. ordnades flera s\u00e5 kallade Finlandsaftnar med f\u00f6rs\u00e4ljning av sk\u00e4nkta f\u00f6rem\u00e5l. G\u00e4rda \u00e4r Gerda Petersson i Stenshult. Per \u00e4r troligtvis Per Johan, allm\u00e4nt kallad PJ fr\u00e5n Sunnerby S\u00f6derg\u00e5rd. Fru Hegg \u00e4r Josefina Charlotta Hegg (1860-1940), f\u00f6dd Hafstr\u00f6m, gift med kommunaln\u00e4mndsordf. Claes August Hegg i Sunnerby \u00d6streg\u00e5rd.<\/em><\/p>\n<p><strong>4\/11 1940<\/strong>: I g\u00e5r var det sp\u00e4nnande h\u00e4r. En sp\u00e4rrballong gick alldeles \u00f6fver huset. Jag h\u00f6rde tre skott och d\u00e5 stod h\u00e4r utanf\u00f6r n\u00e5gra och f\u00f6rs\u00f6kte skjuta ned ballongen, den fortsatte och blev tagen i Horveryd. D\u00e5 de skulle binda den, fick en pojke ett slag av en lina, s\u00e5 att han m\u00e5ste resa till J\u00f6nk\u00f6ping f\u00f6r v\u00e5rd af ett \u00f6ga, som visst tr\u00e4ffades. Milit\u00e4rbilar har tagit hand om fyndet.<\/p>\n<p><strong>Kommentar:<\/strong><em> I Horveryd lyckades n\u00e5gra bybor f\u00e5 tag i wiren, som sl\u00e4pade i marken, och sno den flera varv om ett flyttblock. Och s\u00e5 var ballongen fast. Den som skadades i \u00f6gat var Ture Ekenbrant.<\/em><\/p>\n<p><strong>Alfreds brev till dottern Anna-Beth<\/strong><\/p>\n<p><strong>21\/4 1943: <\/strong>Om den skr\u00e4ckinjagande eldsv\u00e5dan i l\u00f6rdags natt m\u00e5 anf\u00f6ras n\u00e5got om Wrigstadsbornas hj\u00e4lpsamhet.<\/p>\n<p>Verkstaden var ju inrymd i gamla missionshuset, ett hus av ansenliga dimensioner samt helt av timmer, som tillika med \u00e5tskilliga eldf\u00e4ngda saker g\u00e5vo s\u00e5dan n\u00e4ring \u00e5t elden, att sprutorna f\u00f6rm\u00e5dde intet. Och p\u00e5 c:a 2 timmar l\u00e5g huset med allt inneh\u00e5ll j\u00e4mnat med grunden.<\/p>\n<p>P\u00e5 \u00f6vre botten hade en arbetare sin bostad. D\u00e4r hade han samlat f\u00f6r bos\u00e4ttning och f\u00f6rest\u00e5ende gifterm\u00e5l och hade ocks\u00e5 bland annat kontant 640 kr. inneliggande. Han v\u00e4cktes av intr\u00e4ngande l\u00e5gor och m\u00e5ste \u00e4ntra sig ner vid sidan av gaveln, ikl\u00e4dd blott skjorta och byxor.<\/p>\n<p>Han blev f\u00f6rem\u00e5l f\u00f6r allas med\u00f6mkan, listor sattes ig\u00e5ng. Och i m\u00e5ndags s\u00e5g jag en lista i vilken f\u00f6rekommo flera poster p\u00e5 100 och 50 kr. f\u00f6rutom de m\u00e5nga p\u00e5 10 kr. Han fick dessutom nya kl\u00e4der. Var inte detta fint av Wrigstadsborna!<\/p>\n<p><strong>Kommentar:<\/strong><em> Huset som brann var det hus som uppf\u00f6rdes 1862 till missionshus och l\u00e5g utefter V\u00e4xj\u00f6v\u00e4gen. 1931 s\u00e5ldes huset och blev bilverkstad. Den som hade sin bostad i \u00f6vre v\u00e5ningen var John Lindberg (1918-1974), allm\u00e4nt kallad \u201dMusse\u201d. P\u00e5 tomten uppf\u00f6rdes en ny bilverkstad d\u00e4r idag Lars Andersson bedriver annan verksamhet. <\/em><\/p>\n<p><strong>13\/11 1944:<\/strong> Ni har ju h\u00f6rt n\u00e5got om busstationen, som blivit rest p\u00e5 Granebo\u00e5kern.<\/p>\n<p>Byggnaden, 34 m. l\u00e5ng \u00e4r ungef\u00e4r dubbelt s\u00e5 stor som j\u00e4rnv\u00e4gsstationen i S\u00e4vsj\u00f6, med m\u00e5nga lokaliteter f\u00f6r r\u00f6relsen, d\u00e4ribland v\u00e4nt- o matsal 12 m. l\u00e5ng, dessutom stort takutspr\u00e5ng dels f\u00f6r skydd \u00e5t passagerare vid p\u00e5- eller avstigande, dels f\u00f6r promenad \u00e5 \u201dperrongen\u201d.<\/p>\n<p>Det hela verkar vederh\u00e4ftigt, stabilt och v\u00e4lgjort. Stationen, som kommer att kosta mer \u00e4n 50.000:-, skall vara f\u00e4rdig till jul. Sen \u00e5terst\u00e5r passagerare-frekvensen, f\u00f6r vilken utrymmet ber\u00e4knats.<\/p>\n<p>Man r\u00e4knar tydligen med V\u00e4xj\u00f6-J\u00f6nk\u00f6pingslinjen och att en ansenlig genomg\u00e5ende trafik skall framkallas den v\u00e4gen. Den som lever f\u00e5r se.<\/p>\n<p><strong>Kommentar:<\/strong><em> Alfred fick tyv\u00e4rr inte leva och se hur trafiken utvecklades vid busstationen. Han avled den 5 februari 1945 drygt tv\u00e5 m\u00e5nader efter det att han skrev om busstationen till sin dotter.<\/em><\/p>\n<p><strong>Brodern Gustaf:s brev till systern Anna-Beth<\/strong><\/p>\n<p><strong>20\/11 1911:<\/strong> Garcon bet ihj\u00e4l en byracka (Moppes son) i g\u00e5r. Det som blev kvar ligger delvis p\u00e5 torget, en annan del fastnade i ett cykelhjul och \u00e5terfinnes nog h\u00e4r och d\u00e4r p\u00e5 v\u00e4gen till Nydala.<\/p>\n<p>Och s\u00e5 sp\u00f6kar det lite i mitt rum. Kl. 1.15 hvarje natt. Det \u00e4r n\u00e5gon som d\u00e5 kommer in genom d\u00f6rren och sedan trevar p\u00e5 v\u00e4ggen \u00f6fver min s\u00e4ng. Antagligen vill det g\u00e5 in till Gustafsch\u00f6lds men som kl\u00e4dsk\u00e5pet st\u00e5r f\u00f6r d\u00f6rren s\u00f6ker det v\u00e4l efter n\u00e5got h\u00e5l p\u00e5 v\u00e4ggen. Och det \u00e4r verkligen en stor lucka i tapeten.<\/p>\n<p><a href=\"https:\/\/media.vrigstadshembygdsforening.se\/\/garcon.gif\"><img loading=\"lazy\" decoding=\"async\" class=\"size-full wp-image-3899 alignleft\" src=\"https:\/\/media.vrigstadshembygdsforening.se\/\/garcon.gif\" alt=\"\" width=\"350\" height=\"269\" \/><\/a><\/p>\n<p>Kommentar:<em> Gustaf studerade i Lund vid tillf\u00e4llet men var hemma p\u00e5 bes\u00f6k d\u00e5 han skrev brevet. Garcon var fr\u00f6ken Fredrika Runstedts hund och var en bj\u00e4sse p\u00e5 c:a 70 kg av \u201ddanskdogg\u201d ras. Vem Moppe och den olycksdrabbade Moppes son var f\u00f6rt\u00e4ljer inte historien.<br \/>\nTeckning av Gustaf Dahl.<\/em><\/p>\n<p>&nbsp;<\/p>\n<p>&nbsp;<\/p>\n<p>&nbsp;<\/p>\n<p><em>I annat sammanhang har Gustaf ber\u00e4ttat om andra hundar i 1900-talets b\u00f6rjan i Vrigstad. Det var apotekaren Berggrens foxterrier Gej, som r\u00e4knades till en bland de ettrigaste slagsk\u00e4mparna i samh\u00e4llet. S\u00e5 var det doktor Lindegrens ullh\u00e5rige Lollo, patron Eks svartvita Snappe, skoll\u00e4raren Celens lilla \u00e4ckliga Boj, som hade en ringlad svans, vilken h\u00e4ngde ned mot ryggen och n\u00f6tte den h\u00e5rl\u00f6s och naken.<\/em><\/p>\n<p><em>Minnesgoda vrigstadbor kommer s\u00e4kert ih\u00e5g en annan Garcon, som \u00e4gdes av fabrik\u00f6r Axel Dahlqvist p\u00e5 1940-50-talet. Denne Garcon hade f\u00e5tt sitt namn efter fr\u00f6ken Runstedts mordlystne hund. <\/em><\/p>\n<p><em>Med Gustafsch\u00f6lds avses kaptenskan Elin Gustafsch\u00f6ld (1833-1917), som vid den tiden (1911) \u00e4gde bankg\u00e5rden d\u00e4r hon bodde tillsammans med dottern Elin Charlotta (1854-1936).\u00a0\u00a0 <\/em><\/p>\n<h2><strong>Inbjudan till \u00e5rsm\u00f6te med Vrigstads hembygdsf\u00f6rening<\/strong><\/h2>\n<p>V\u00e4lkommen till \u00e5rsm\u00f6te med Vrigstads Hembygdsf\u00f6rening torsdagen den 15 april, kl. 19.00 i F\u00f6rsamlingshemmet.<\/p>\n<p><strong>Program:<\/strong><\/p>\n<ul>\n<li>\u00c5rsm\u00f6tesf\u00f6rhandlingar.<\/li>\n<li>2003 \u00e5rs verksamhetsber\u00e4ttelse presenteras i ord och bild av Stig Marz.<\/li>\n<li>S\u00e5 minns vi Rudolf Thunander \u2013 Stig Marz ger ett axplock bilder fr\u00e5n sina videofilmer.<\/li>\n<li>Servering.<\/li>\n<li><strong>Gamla och nya medlemmar h\u00e4lsas hj\u00e4rtligt v\u00e4lkomna!<\/strong><\/li>\n<\/ul>\n<p>Information om Vrigstad, om hembygdsf\u00f6reningen, kommande och genomf\u00f6rda aktiviteter mm hittar du p\u00e5 Vrigstads hembygdsf\u00f6renings hemsida hem.passagen.se\/becl.<\/p>\n","protected":false},"excerpt":{"rendered":"<p>En h\u00e4lsning fr\u00e5n Vrigstads hembygdsf\u00f6rening 2004 I b\u00f6rjan av 50-talet gjorde hembygdsf\u00f6reningen en utflykt till fornminnena i K\u00f6pstad. L\u00e4ngst till<\/p>\n","protected":false},"author":1,"featured_media":0,"parent":0,"menu_order":0,"comment_status":"closed","ping_status":"closed","template":"","meta":{"footnotes":""},"class_list":["post-3895","page","type-page","status-publish","hentry"],"_links":{"self":[{"href":"https:\/\/vrigstadshembygdsforening.se\/index.php?rest_route=\/wp\/v2\/pages\/3895","targetHints":{"allow":["GET"]}}],"collection":[{"href":"https:\/\/vrigstadshembygdsforening.se\/index.php?rest_route=\/wp\/v2\/pages"}],"about":[{"href":"https:\/\/vrigstadshembygdsforening.se\/index.php?rest_route=\/wp\/v2\/types\/page"}],"author":[{"embeddable":true,"href":"https:\/\/vrigstadshembygdsforening.se\/index.php?rest_route=\/wp\/v2\/users\/1"}],"replies":[{"embeddable":true,"href":"https:\/\/vrigstadshembygdsforening.se\/index.php?rest_route=%2Fwp%2Fv2%2Fcomments&post=3895"}],"version-history":[{"count":4,"href":"https:\/\/vrigstadshembygdsforening.se\/index.php?rest_route=\/wp\/v2\/pages\/3895\/revisions"}],"predecessor-version":[{"id":3905,"href":"https:\/\/vrigstadshembygdsforening.se\/index.php?rest_route=\/wp\/v2\/pages\/3895\/revisions\/3905"}],"wp:attachment":[{"href":"https:\/\/vrigstadshembygdsforening.se\/index.php?rest_route=%2Fwp%2Fv2%2Fmedia&parent=3895"}],"curies":[{"name":"wp","href":"https:\/\/api.w.org\/{rel}","templated":true}]}}