{"id":382,"date":"2015-07-16T08:45:21","date_gmt":"2015-07-16T08:45:21","guid":{"rendered":"http:\/\/vrigstadshembygdsforening.se\/?page_id=382"},"modified":"2020-08-18T15:19:47","modified_gmt":"2020-08-18T15:19:47","slug":"korta-fakta-om-vrigstad-under-1800-talet","status":"publish","type":"page","link":"https:\/\/vrigstadshembygdsforening.se\/?page_id=382","title":{"rendered":"Korta fakta om Vrigstad under 1800-talet"},"content":{"rendered":"<p><strong><span style=\"font-family: Verdana; font-size: small;\">Fakta om Vrigstad h\u00e4mtade ur sockenst\u00e4mmoprotokoll.<\/span><\/strong><\/p>\n<table border=\"1\" width=\"100%\">\n<tbody>\n<tr>\n<td valign=\"top\" width=\"10%\">1806<\/td>\n<td width=\"90%\">St\u00e4mman beslutar reparera kyrkan genom skarp rappning och takf\u00f6rb\u00e4ttring. Kostnad 78 riksdaler.<\/td>\n<\/tr>\n<tr>\n<td valign=\"top\" width=\"10%\">1807<\/td>\n<td width=\"90%\">Besl\u00f6ts om skallg\u00e5ng p\u00e5 varg, som varit framme och orsakat skador inom socknen.<br \/>\nTillg\u00e5ngen p\u00e5 s\u00e4d var s\u00e5 d\u00e5lig i socknen att man tvingades k\u00f6pa tv\u00e5 tunnor r\u00e5g i Eksj\u00f6 f\u00f6r utdelning till fattigunderst\u00f6d.<\/td>\n<\/tr>\n<tr>\n<td valign=\"top\" width=\"10%\">1808<\/td>\n<td width=\"90%\">Handlarna i J\u00f6nk\u00f6ping hade monopol p\u00e5 handeln vid Vrigstads marknader. Handlarna hade uppf\u00f6rt marknadsbodar, med inredda rum, d\u00e4r de bodde i samband med marknaderna. N\u00e4r det inte var marknad uppl\u00e4ts rummen till fattiga personer. F\u00f6rsamlingen f\u00f6rbj\u00f6d detta och om inte f\u00f6rbudet efterlevdes skulle handlarna sj\u00e4lva f\u00e5 underh\u00e5lla dessa fattiga.<\/td>\n<\/tr>\n<tr>\n<td valign=\"top\" width=\"10%\">1809<\/td>\n<td width=\"90%\">Hus, foder och spannm\u00e5l hade brunnit upp vid en eldsv\u00e5da i Tjurkullen. Den gemensamma brandstodskassan kunde endast bidra med 16 riksdaler varf\u00f6r varje helg\u00e5rd dessutom skulle l\u00e4mna bl.a. tv\u00e5 timmertr\u00e4d 14 alnar l\u00e5nga, fyra tr\u00e4d 12 alnar l\u00e5nga och fyra tr\u00e4d 10 alnar l\u00e5nga samt en planka och tv\u00e5 br\u00e4der.<\/td>\n<\/tr>\n<tr>\n<td valign=\"top\" width=\"10%\">1811<\/td>\n<td width=\"90%\">Vrigstad socken skulle till kriget mot Ryssland bidra med sex m\u00e4n. Lottning skulle ske bland de 38 m\u00e4n som var i r\u00e4tt \u00e5lder. F\u00f6r att undvika lottning besl\u00f6t f\u00f6rsamlingen att erbjuda sex frivilla 50 riksdaler banko vardera.<\/td>\n<\/tr>\n<tr>\n<td valign=\"top\" width=\"10%\">1813<\/td>\n<td width=\"90%\">Kunglig M:t hade tillskrivit f\u00f6rsamlingen r\u00f6rande tills\u00e4ttningen av en barnmorska. F\u00f6rsamlingen svarade: &#8221;F\u00f6rsamlingens samtliga ledam\u00f6ter v\u00f6rdade med underd\u00e5nig tacksamhet Kunglig M:ts visa och n\u00e5diga avsikter att befr\u00e4mja vid alla tillf\u00e4llen sitt folks v\u00e4lf\u00e4rd och s\u00e4llhet, men fann det vara f\u00f6r kostsamt f\u00f6r en f\u00f6rsamling att h\u00e5lla barnmorska. Och d\u00e5 f\u00f6rsamlingen l\u00e5g mellan tvenne st\u00e4der kunde vid sv\u00e5rare fall barnmorska h\u00e4mtas fr\u00e5n dessa&#8221;.<\/td>\n<\/tr>\n<tr>\n<td valign=\"top\" width=\"10%\">1814<\/td>\n<td width=\"90%\">Den svenska h\u00e4ren som under Sveriges kronprins, senare Karl XIV Johans, ledning deltagit i kriget mot Napoleon hade kommit hem. Bland Vrigstadsbor som varit med i h\u00e4ren fanns s\u00e5v\u00e4l d\u00f6dade som leml\u00e4stade. F\u00f6rsamlingen beslutade om underst\u00f6d till de drabbade och frivilliga bidrag gavs med st\u00f6rre och mindre belopp.<\/td>\n<\/tr>\n<tr>\n<td valign=\"top\" width=\"10%\">1817<\/td>\n<td width=\"90%\">B\u00e5de kyrkans mellanklocka och lillklocka var obrukbara. Den ena var spr\u00e4ckt och den andra hade mist m\u00e4rlan till kl\u00e4ppen. F\u00f6rsamlingen besl\u00f6t att gjuta om mellanklockan med malmen fr\u00e5n lillklockan, allt till en kostnad av 300 riksdaler riksg\u00e4ld.<\/td>\n<\/tr>\n<tr>\n<td valign=\"top\" width=\"10%\">1819<\/td>\n<td width=\"90%\">Pedagogin som greve G\u00f6ran Gyllenstierna inr\u00e4ttade 1862 hade f\u00f6rfallit. Pastorn anm\u00e4lde att barnen vid konfirmations- undervisningen icke kunde l\u00e4sa rent innantill och knappt kunde stava. St\u00e4mman besl\u00f6t d\u00e4rf\u00f6r att pedagogen Thorelius under tv\u00e5 timmar varje helgdag, f\u00f6re gudstj\u00e4nsten, skulle samla barnen i \u00e5ldrarna 10-16 \u00e5r f\u00f6r undervisning.<\/td>\n<\/tr>\n<tr>\n<td valign=\"top\" width=\"10%\">1822<\/td>\n<td width=\"90%\">Hovj\u00e4gm\u00e4stare C. G. Falkenberg, Biskopsbo, hade medverkat till inr\u00e4ttandet av ett sockenapotek i Vrigstad.<\/td>\n<\/tr>\n<tr>\n<td valign=\"top\" width=\"10%\">1824<\/td>\n<td width=\"90%\">Tillsammans med grannsocknarna Nydala, Hj\u00e4lmseryd och Stockaryd fick man en barnmorska.<\/td>\n<\/tr>\n<tr>\n<td valign=\"top\" width=\"10%\">1825<\/td>\n<td width=\"90%\">Beslut fattades om skolhusbyggnad vid pedagogbost\u00e4llet.<\/td>\n<\/tr>\n<tr>\n<td valign=\"top\" width=\"10%\">1827<\/td>\n<td width=\"90%\">Det var problem med sedligheten. F\u00f6rsamlingen beslutade tills\u00e4tta ordningsm\u00e4n efter en skrivelse fr\u00e5n kyrkoherde J. H. Carlstr\u00f6m, med bl.a. f\u00f6ljande inneh\u00e5ll: &#8221; &#8230; det var n\u00f6dv\u00e4ndigt att tills\u00e4tta ordningsm\u00e4n i varje rote, s\u00e5 att kristliga f\u00f6r\u00e4ldrar som sedliga barn ej m\u00e5 frukta av en tygell\u00f6s hop bliva antingen v\u00e5ldf\u00f6rda eller \u00e5tminstone blottst\u00e4llda att f\u00f6rlora oskuld och samvetslugn&#8221;.<\/td>\n<\/tr>\n<tr>\n<td valign=\"top\" width=\"10%\">1831<\/td>\n<td width=\"90%\">Det f\u00f6rekommer grova anm\u00e4rkningar p\u00e5 Vrigstads g\u00e4stgiveri och krog. Av protokoll framg\u00e5r &#8221;att m\u00e5nga kyrkobes\u00f6kande p\u00e5 s\u00f6n- och h\u00e4lgdagar, i st\u00e4llet f\u00f6r att g\u00e5 till kyrkan stannade de p\u00e5 krogen och fortsatte d\u00e4r hela dagen med supande och sv\u00e4rjande&#8221;.<br \/>\nF\u00f6r att f\u00f6rb\u00e4ttra kyrkoordningen besl\u00f6t man ocks\u00e5 att den som kom in i kyrkan efter &#8221;syndabek\u00e4nnelsen&#8221; och den som gick ut f\u00f6re &#8221;Fader v\u00e5r&#8221; skulle b\u00f6ta 16 skilling banco.<\/td>\n<\/tr>\n<tr>\n<td valign=\"top\" width=\"10%\">1832<\/td>\n<td width=\"90%\">F\u00f6rsamlingen tillfr\u00e5gades av pastorn om man skulle bilda en m\u00e5ttlighetsf\u00f6rening, f\u00f6r att f\u00e5 bukt med det omfattande supandet. F\u00f6rsamlingen ville dock inte g\u00e5 med p\u00e5 detta, d\u00e5 man ans\u00e5g att l\u00f6ftet ej skulle kunna h\u00e5llas.<\/td>\n<\/tr>\n<tr>\n<td valign=\"top\" width=\"10%\">1842<\/td>\n<td width=\"90%\">F\u00f6rsamlingen ans\u00f6kte om tillst\u00e5nd hos kommerskollegium att f\u00f6r f\u00e4rgare B. G: Svanberg, J\u00f6nk\u00f6ping, f\u00e5 anl\u00e4gga f\u00e4rgeri i kyrkbyn &#8211; s\u00e5 att allm\u00e4nheten skulle kunna f\u00e5 sina vadmal f\u00e4rgade.<\/td>\n<\/tr>\n<tr>\n<td valign=\"top\" width=\"10%\">1844<\/td>\n<td width=\"90%\">En sockenn\u00e4mnd valdes, en f\u00f6reg\u00e5ngare till kommunaln\u00e4mnden som kom 20 \u00e5r senare.<br \/>\nF\u00f6rsamlingen gav tillst\u00e5nd till f\u00e4rgare A. Forsander, Sk\u00e4rvete, att f\u00e5r anl\u00e4gga f\u00e4rgeri och A. L. M\u00f6rk, V\u00e4rnamo, att \u00f6ppna handelsbod.<br \/>\nF\u00f6rsamlingen fattar beslut om att f\u00f6rbjuda f\u00f6rs\u00e4ljning av starka drycker vid marknaderna.<\/td>\n<\/tr>\n<tr>\n<td valign=\"top\" width=\"10%\">1848<\/td>\n<td width=\"90%\">En folkskoll\u00e4rare blev tillsatt och en ambulerande skola inr\u00e4ttad.<\/td>\n<\/tr>\n<tr>\n<td valign=\"top\" width=\"10%\">1852<\/td>\n<td width=\"90%\">Klockarel\u00f6nen fastst\u00e4lldes till \u00e5tta kappar spannm\u00e5l, h\u00e4lften r\u00e5g och h\u00e4ften korn av varje f\u00f6rmedlat mantal, samt kontant av varje mantal 32 skilling. Vid lysning till \u00e4ktenskap skulle hemmans\u00e4gares\u00f6ner betala 16 skilling och andra 8 skilling, Fattiga skulle vara fria.<\/td>\n<\/tr>\n<tr>\n<td valign=\"top\" width=\"10%\">1855<\/td>\n<td width=\"90%\">Sparbank inr\u00e4ttas och styrelse valdes. De insatta pengarna placerades i bank i J\u00f6nk\u00f6ping.<\/td>\n<\/tr>\n<tr>\n<td valign=\"top\" width=\"10%\">1859<\/td>\n<td width=\"90%\">Ny sockenstuga byggdes, med bl.a. bostadsrum f\u00f6r kantorn och folkskoll\u00e4raren.<br \/>\nMan besl\u00f6t ocks\u00e5 inr\u00e4tta tv\u00e5 sm\u00e5skolor och tills\u00e4tta sm\u00e5skoll\u00e4rarinnor, med vardera en l\u00f6n p\u00e5 50 riksdaler samt husrum och mat d\u00e4r skolorna h\u00f6lls.<\/td>\n<\/tr>\n<tr>\n<td valign=\"top\" width=\"10%\">1861<\/td>\n<td width=\"90%\">Den andliga v\u00e4ckelsen hade f\u00e5tt en stark st\u00e4llning i Vrigstad. Handlanden A. L. M\u00f6rk m.fl. skrev till sockenst\u00e4mman och beg\u00e4rde att sockenstugan skulle uppl\u00e5tas f\u00f6r de andliga sammankomsterna. Sockenst\u00e4mman var av motsatt uppfattning och fattade i st\u00e4llet f\u00f6rbud f\u00f6r s\u00e5dana sammankomster i enskilda hus.<\/td>\n<\/tr>\n<tr>\n<td valign=\"top\" width=\"10%\">1862<\/td>\n<td width=\"90%\">Genom en ny kunglig f\u00f6rordning upph\u00f6rde sockenst\u00e4mmans funktion som organ f\u00f6r f\u00f6rsamlingen. Man fick i st\u00e4llet en separat kyrkost\u00e4mma och en kommunaln\u00e4mnd.<\/td>\n<\/tr>\n<\/tbody>\n<\/table>\n","protected":false},"excerpt":{"rendered":"<p>Fakta om Vrigstad h\u00e4mtade ur sockenst\u00e4mmoprotokoll. 1806 St\u00e4mman beslutar reparera kyrkan genom skarp rappning och takf\u00f6rb\u00e4ttring. Kostnad 78 riksdaler. 1807<\/p>\n","protected":false},"author":1,"featured_media":0,"parent":0,"menu_order":0,"comment_status":"closed","ping_status":"open","template":"","meta":{"footnotes":""},"class_list":["post-382","page","type-page","status-publish","hentry"],"_links":{"self":[{"href":"https:\/\/vrigstadshembygdsforening.se\/index.php?rest_route=\/wp\/v2\/pages\/382","targetHints":{"allow":["GET"]}}],"collection":[{"href":"https:\/\/vrigstadshembygdsforening.se\/index.php?rest_route=\/wp\/v2\/pages"}],"about":[{"href":"https:\/\/vrigstadshembygdsforening.se\/index.php?rest_route=\/wp\/v2\/types\/page"}],"author":[{"embeddable":true,"href":"https:\/\/vrigstadshembygdsforening.se\/index.php?rest_route=\/wp\/v2\/users\/1"}],"replies":[{"embeddable":true,"href":"https:\/\/vrigstadshembygdsforening.se\/index.php?rest_route=%2Fwp%2Fv2%2Fcomments&post=382"}],"version-history":[{"count":2,"href":"https:\/\/vrigstadshembygdsforening.se\/index.php?rest_route=\/wp\/v2\/pages\/382\/revisions"}],"predecessor-version":[{"id":828,"href":"https:\/\/vrigstadshembygdsforening.se\/index.php?rest_route=\/wp\/v2\/pages\/382\/revisions\/828"}],"wp:attachment":[{"href":"https:\/\/vrigstadshembygdsforening.se\/index.php?rest_route=%2Fwp%2Fv2%2Fmedia&parent=382"}],"curies":[{"name":"wp","href":"https:\/\/api.w.org\/{rel}","templated":true}]}}