{"id":3785,"date":"2019-02-22T17:09:12","date_gmt":"2019-02-22T17:09:12","guid":{"rendered":"http:\/\/vrigstadshembygdsforening.se\/?page_id=3785"},"modified":"2019-02-22T17:09:12","modified_gmt":"2019-02-22T17:09:12","slug":"im-vrigstadgarden","status":"publish","type":"page","link":"https:\/\/vrigstadshembygdsforening.se\/?page_id=3785","title":{"rendered":"IM Vrigstadg\u00e5rden"},"content":{"rendered":"<p>Vrigstadg\u00e5rden, tidigare\u00a0Vrigstadhemmet,\u00a0har drivits av IM sedan 1945, d\u00e5 huset ink\u00f6ptes f\u00f6r att fungera som boende f\u00f6r polska kvinnor som kom direkt ifr\u00e5n andra v\u00e4rldskrigets koncentrationsl\u00e4ger. Det var det f\u00f6rsta IM-hemmet i Sverige.<\/p>\n<p>Under \u00e5ren har Vrigstadg\u00e5rden fungerat som boende f\u00f6r flyktingar fr\u00e5n flera olika l\u00e4nder och IM har h\u00e4r kunnat erbjuda en fristad. Med \u00e5ren har verksamheten f\u00f6r\u00e4ndrats utifr\u00e5n samh\u00e4llets behov och i nutid har\u00a0h\u00e4r funnits\u00a0ett tillf\u00e4lligt boende f\u00f6r ensamkommande flyktingbarn, l\u00e4gerverksamhet och spr\u00e5kcaf\u00e9.<\/p>\n<p>Vrigstadg\u00e5rden fungerar \u00e4ven som kursg\u00e5rd f\u00f6r IMs kurser och inspirationsdagar, men ocks\u00e5 som vanligt pensionat f\u00f6r grupper, bl.a anh\u00f6rigv\u00e5rdare som kommer p\u00e5 rekreationsveckor.<\/p>\n<p>P\u00e5 torsdagar, en g\u00e5ng per m\u00e5nad, har det sedan b\u00f6rjan av 2000-talet serverats sopplunch.<\/p>\n<figure id=\"attachment_3786\" aria-describedby=\"caption-attachment-3786\" style=\"width: 700px\" class=\"wp-caption alignnone\"><a href=\"https:\/\/media.vrigstadshembygdsforening.se\/\/W_D1.jpg\"><img loading=\"lazy\" decoding=\"async\" class=\"size-full wp-image-3786\" src=\"https:\/\/media.vrigstadshembygdsforening.se\/\/W_D1.jpg\" alt=\"\" width=\"700\" height=\"482\" srcset=\"https:\/\/media.vrigstadshembygdsforening.se\/W_D1.jpg 700w, https:\/\/media.vrigstadshembygdsforening.se\/W_D1-300x207.jpg 300w\" sizes=\"auto, (max-width: 700px) 100vw, 700px\" \/><\/a><figcaption id=\"caption-attachment-3786\" class=\"wp-caption-text\">Annika Engstr\u00f6m ansvarar f\u00f6r matlagningen.<\/figcaption><\/figure>\n<figure id=\"attachment_3787\" aria-describedby=\"caption-attachment-3787\" style=\"width: 700px\" class=\"wp-caption alignnone\"><a href=\"https:\/\/media.vrigstadshembygdsforening.se\/\/W_D2.jpg\"><img loading=\"lazy\" decoding=\"async\" class=\"size-full wp-image-3787\" src=\"https:\/\/media.vrigstadshembygdsforening.se\/\/W_D2.jpg\" alt=\"\" width=\"700\" height=\"512\" srcset=\"https:\/\/media.vrigstadshembygdsforening.se\/W_D2.jpg 700w, https:\/\/media.vrigstadshembygdsforening.se\/W_D2-300x219.jpg 300w, https:\/\/media.vrigstadshembygdsforening.se\/W_D2-260x190.jpg 260w\" sizes=\"auto, (max-width: 700px) 100vw, 700px\" \/><\/a><figcaption id=\"caption-attachment-3787\" class=\"wp-caption-text\">Kersti Frigert och Ingvor Lund g\u00f6r i ordning inf\u00f6r serveringen.<\/figcaption><\/figure>\n<figure id=\"attachment_3789\" aria-describedby=\"caption-attachment-3789\" style=\"width: 700px\" class=\"wp-caption alignnone\"><a href=\"https:\/\/media.vrigstadshembygdsforening.se\/\/W_D4.jpg\"><img loading=\"lazy\" decoding=\"async\" class=\"size-full wp-image-3789\" src=\"https:\/\/media.vrigstadshembygdsforening.se\/\/W_D4.jpg\" alt=\"\" width=\"700\" height=\"467\" srcset=\"https:\/\/media.vrigstadshembygdsforening.se\/W_D4.jpg 700w, https:\/\/media.vrigstadshembygdsforening.se\/W_D4-300x200.jpg 300w\" sizes=\"auto, (max-width: 700px) 100vw, 700px\" \/><\/a><figcaption id=\"caption-attachment-3789\" class=\"wp-caption-text\">Barbro och Maj Lindegren \u00e4r trogna g\u00e4ster. P\u00e5 bilden tillsammans med Catharina Andersson och Ingvor Lund.<\/figcaption><\/figure>\n<figure id=\"attachment_3788\" aria-describedby=\"caption-attachment-3788\" style=\"width: 700px\" class=\"wp-caption alignnone\"><a href=\"https:\/\/media.vrigstadshembygdsforening.se\/\/W_D3.jpg\"><img loading=\"lazy\" decoding=\"async\" class=\"size-full wp-image-3788\" src=\"https:\/\/media.vrigstadshembygdsforening.se\/\/W_D3.jpg\" alt=\"\" width=\"700\" height=\"467\" srcset=\"https:\/\/media.vrigstadshembygdsforening.se\/W_D3.jpg 700w, https:\/\/media.vrigstadshembygdsforening.se\/W_D3-300x200.jpg 300w\" sizes=\"auto, (max-width: 700px) 100vw, 700px\" \/><\/a><figcaption id=\"caption-attachment-3788\" class=\"wp-caption-text\">Bland g\u00e4sterna fanns ocks\u00e5 Elvy Carlsson med barnbarnen Robin Hammarstedt och Petter Nilsson samt barnbarnsbarnet Carl Hammarstedt.<\/figcaption><\/figure>\n","protected":false},"excerpt":{"rendered":"<p>Vrigstadg\u00e5rden, tidigare\u00a0Vrigstadhemmet,\u00a0har drivits av IM sedan 1945, d\u00e5 huset ink\u00f6ptes f\u00f6r att fungera som boende f\u00f6r polska kvinnor som kom<\/p>\n","protected":false},"author":1,"featured_media":0,"parent":0,"menu_order":0,"comment_status":"closed","ping_status":"closed","template":"","meta":{"footnotes":""},"class_list":["post-3785","page","type-page","status-publish","hentry"],"_links":{"self":[{"href":"https:\/\/vrigstadshembygdsforening.se\/index.php?rest_route=\/wp\/v2\/pages\/3785","targetHints":{"allow":["GET"]}}],"collection":[{"href":"https:\/\/vrigstadshembygdsforening.se\/index.php?rest_route=\/wp\/v2\/pages"}],"about":[{"href":"https:\/\/vrigstadshembygdsforening.se\/index.php?rest_route=\/wp\/v2\/types\/page"}],"author":[{"embeddable":true,"href":"https:\/\/vrigstadshembygdsforening.se\/index.php?rest_route=\/wp\/v2\/users\/1"}],"replies":[{"embeddable":true,"href":"https:\/\/vrigstadshembygdsforening.se\/index.php?rest_route=%2Fwp%2Fv2%2Fcomments&post=3785"}],"version-history":[{"count":1,"href":"https:\/\/vrigstadshembygdsforening.se\/index.php?rest_route=\/wp\/v2\/pages\/3785\/revisions"}],"predecessor-version":[{"id":3790,"href":"https:\/\/vrigstadshembygdsforening.se\/index.php?rest_route=\/wp\/v2\/pages\/3785\/revisions\/3790"}],"wp:attachment":[{"href":"https:\/\/vrigstadshembygdsforening.se\/index.php?rest_route=%2Fwp%2Fv2%2Fmedia&parent=3785"}],"curies":[{"name":"wp","href":"https:\/\/api.w.org\/{rel}","templated":true}]}}