{"id":3760,"date":"2019-02-21T11:37:03","date_gmt":"2019-02-21T11:37:03","guid":{"rendered":"http:\/\/vrigstadshembygdsforening.se\/?page_id=3760"},"modified":"2019-02-21T11:37:03","modified_gmt":"2019-02-21T11:37:03","slug":"vrigstad-solcenter","status":"publish","type":"page","link":"https:\/\/vrigstadshembygdsforening.se\/?page_id=3760","title":{"rendered":"Vrigstad Solcenter"},"content":{"rendered":"<p dir=\"LTR\" style=\"text-align: left;\" align=\"JUSTIFY\">I juni 1982 \u00f6ppnade Lena H\u00f6gberg solarium i Postens tidigare lokal, V\u00e4xj\u00f6v\u00e4gen 4. Hon flyttade<br \/>\nsedan verksamheten till bostaden p\u00e5 S\u00f6dra v\u00e4gen.<\/p>\n<p>&nbsp;<\/p>\n","protected":false},"excerpt":{"rendered":"<p>I juni 1982 \u00f6ppnade Lena H\u00f6gberg solarium i Postens tidigare lokal, V\u00e4xj\u00f6v\u00e4gen 4. Hon flyttade sedan verksamheten till bostaden p\u00e5<\/p>\n","protected":false},"author":1,"featured_media":0,"parent":0,"menu_order":0,"comment_status":"closed","ping_status":"closed","template":"","meta":{"footnotes":""},"class_list":["post-3760","page","type-page","status-publish","hentry"],"_links":{"self":[{"href":"https:\/\/vrigstadshembygdsforening.se\/index.php?rest_route=\/wp\/v2\/pages\/3760","targetHints":{"allow":["GET"]}}],"collection":[{"href":"https:\/\/vrigstadshembygdsforening.se\/index.php?rest_route=\/wp\/v2\/pages"}],"about":[{"href":"https:\/\/vrigstadshembygdsforening.se\/index.php?rest_route=\/wp\/v2\/types\/page"}],"author":[{"embeddable":true,"href":"https:\/\/vrigstadshembygdsforening.se\/index.php?rest_route=\/wp\/v2\/users\/1"}],"replies":[{"embeddable":true,"href":"https:\/\/vrigstadshembygdsforening.se\/index.php?rest_route=%2Fwp%2Fv2%2Fcomments&post=3760"}],"version-history":[{"count":1,"href":"https:\/\/vrigstadshembygdsforening.se\/index.php?rest_route=\/wp\/v2\/pages\/3760\/revisions"}],"predecessor-version":[{"id":3761,"href":"https:\/\/vrigstadshembygdsforening.se\/index.php?rest_route=\/wp\/v2\/pages\/3760\/revisions\/3761"}],"wp:attachment":[{"href":"https:\/\/vrigstadshembygdsforening.se\/index.php?rest_route=%2Fwp%2Fv2%2Fmedia&parent=3760"}],"curies":[{"name":"wp","href":"https:\/\/api.w.org\/{rel}","templated":true}]}}