{"id":3754,"date":"2019-02-21T11:31:52","date_gmt":"2019-02-21T11:31:52","guid":{"rendered":"http:\/\/vrigstadshembygdsforening.se\/?page_id=3754"},"modified":"2019-02-21T11:31:52","modified_gmt":"2019-02-21T11:31:52","slug":"kjellstroms-begravningsbyra","status":"publish","type":"page","link":"https:\/\/vrigstadshembygdsforening.se\/?page_id=3754","title":{"rendered":"Kjellstr\u00f6ms Begravningsbyr\u00e5"},"content":{"rendered":"<p dir=\"LTR\" style=\"text-align: left;\" align=\"JUSTIFY\">Adrian Kjellstr\u00f6m (K\u00e4llstr\u00f6m) hade en verkstad d\u00e4r han tillverkade likkistor (se K\u00e4llstr\u00f6ms snickeri-fabrik). Den h\u00e4r verksamheten kombinerade han praktiskt nog med att \u00e4ven ha begravningsbyr\u00e5.<\/p>\n<figure id=\"attachment_3755\" aria-describedby=\"caption-attachment-3755\" style=\"width: 700px\" class=\"wp-caption alignnone\"><a href=\"https:\/\/media.vrigstadshembygdsforening.se\/\/W_Kjellstr\u00f6ms-Begravningsbyr\u00e5.jpg\"><img loading=\"lazy\" decoding=\"async\" class=\"size-full wp-image-3755\" src=\"https:\/\/media.vrigstadshembygdsforening.se\/\/W_Kjellstr\u00f6ms-Begravningsbyr\u00e5.jpg\" alt=\"\" width=\"700\" height=\"341\" srcset=\"https:\/\/media.vrigstadshembygdsforening.se\/W_Kjellstr\u00f6ms-Begravningsbyr\u00e5.jpg 700w, https:\/\/media.vrigstadshembygdsforening.se\/W_Kjellstr\u00f6ms-Begravningsbyr\u00e5-300x146.jpg 300w\" sizes=\"auto, (max-width: 700px) 100vw, 700px\" \/><\/a><figcaption id=\"caption-attachment-3755\" class=\"wp-caption-text\">Annons fr\u00e5n 1928.<\/figcaption><\/figure>\n<p>&nbsp;<\/p>\n","protected":false},"excerpt":{"rendered":"<p>Adrian Kjellstr\u00f6m (K\u00e4llstr\u00f6m) hade en verkstad d\u00e4r han tillverkade likkistor (se K\u00e4llstr\u00f6ms snickeri-fabrik). Den h\u00e4r verksamheten kombinerade han praktiskt nog<\/p>\n","protected":false},"author":1,"featured_media":0,"parent":0,"menu_order":0,"comment_status":"closed","ping_status":"closed","template":"","meta":{"footnotes":""},"class_list":["post-3754","page","type-page","status-publish","hentry"],"_links":{"self":[{"href":"https:\/\/vrigstadshembygdsforening.se\/index.php?rest_route=\/wp\/v2\/pages\/3754","targetHints":{"allow":["GET"]}}],"collection":[{"href":"https:\/\/vrigstadshembygdsforening.se\/index.php?rest_route=\/wp\/v2\/pages"}],"about":[{"href":"https:\/\/vrigstadshembygdsforening.se\/index.php?rest_route=\/wp\/v2\/types\/page"}],"author":[{"embeddable":true,"href":"https:\/\/vrigstadshembygdsforening.se\/index.php?rest_route=\/wp\/v2\/users\/1"}],"replies":[{"embeddable":true,"href":"https:\/\/vrigstadshembygdsforening.se\/index.php?rest_route=%2Fwp%2Fv2%2Fcomments&post=3754"}],"version-history":[{"count":1,"href":"https:\/\/vrigstadshembygdsforening.se\/index.php?rest_route=\/wp\/v2\/pages\/3754\/revisions"}],"predecessor-version":[{"id":3756,"href":"https:\/\/vrigstadshembygdsforening.se\/index.php?rest_route=\/wp\/v2\/pages\/3754\/revisions\/3756"}],"wp:attachment":[{"href":"https:\/\/vrigstadshembygdsforening.se\/index.php?rest_route=%2Fwp%2Fv2%2Fmedia&parent=3754"}],"curies":[{"name":"wp","href":"https:\/\/api.w.org\/{rel}","templated":true}]}}