{"id":3750,"date":"2019-02-21T11:29:39","date_gmt":"2019-02-21T11:29:39","guid":{"rendered":"http:\/\/vrigstadshembygdsforening.se\/?page_id=3750"},"modified":"2019-02-21T11:29:39","modified_gmt":"2019-02-21T11:29:39","slug":"wille-johnsson","status":"publish","type":"page","link":"https:\/\/vrigstadshembygdsforening.se\/?page_id=3750","title":{"rendered":"Wille Johnsson"},"content":{"rendered":"<p dir=\"LTR\" style=\"text-align: left;\" align=\"JUSTIFY\">Wille Johnsson var skomakare och son till &#8221;M\u00e4ster Johnsson&#8221;, som hade verkstad vid S\u00e4vsj\u00f6v\u00e4gen. Byggnaden\/verkstaden revs 1980.<\/p>\n<p>&nbsp;<\/p>\n","protected":false},"excerpt":{"rendered":"<p>Wille Johnsson var skomakare och son till &#8221;M\u00e4ster Johnsson&#8221;, som hade verkstad vid S\u00e4vsj\u00f6v\u00e4gen. Byggnaden\/verkstaden revs 1980. &nbsp;<\/p>\n","protected":false},"author":1,"featured_media":0,"parent":0,"menu_order":0,"comment_status":"closed","ping_status":"closed","template":"","meta":{"footnotes":""},"class_list":["post-3750","page","type-page","status-publish","hentry"],"_links":{"self":[{"href":"https:\/\/vrigstadshembygdsforening.se\/index.php?rest_route=\/wp\/v2\/pages\/3750","targetHints":{"allow":["GET"]}}],"collection":[{"href":"https:\/\/vrigstadshembygdsforening.se\/index.php?rest_route=\/wp\/v2\/pages"}],"about":[{"href":"https:\/\/vrigstadshembygdsforening.se\/index.php?rest_route=\/wp\/v2\/types\/page"}],"author":[{"embeddable":true,"href":"https:\/\/vrigstadshembygdsforening.se\/index.php?rest_route=\/wp\/v2\/users\/1"}],"replies":[{"embeddable":true,"href":"https:\/\/vrigstadshembygdsforening.se\/index.php?rest_route=%2Fwp%2Fv2%2Fcomments&post=3750"}],"version-history":[{"count":1,"href":"https:\/\/vrigstadshembygdsforening.se\/index.php?rest_route=\/wp\/v2\/pages\/3750\/revisions"}],"predecessor-version":[{"id":3751,"href":"https:\/\/vrigstadshembygdsforening.se\/index.php?rest_route=\/wp\/v2\/pages\/3750\/revisions\/3751"}],"wp:attachment":[{"href":"https:\/\/vrigstadshembygdsforening.se\/index.php?rest_route=%2Fwp%2Fv2%2Fmedia&parent=3750"}],"curies":[{"name":"wp","href":"https:\/\/api.w.org\/{rel}","templated":true}]}}