{"id":3746,"date":"2019-02-21T11:29:06","date_gmt":"2019-02-21T11:29:06","guid":{"rendered":"http:\/\/vrigstadshembygdsforening.se\/?page_id=3746"},"modified":"2019-02-21T11:29:06","modified_gmt":"2019-02-21T11:29:06","slug":"johan-wiss","status":"publish","type":"page","link":"https:\/\/vrigstadshembygdsforening.se\/?page_id=3746","title":{"rendered":"Johan Wiss"},"content":{"rendered":"<p dir=\"LTR\" style=\"text-align: left;\" align=\"JUSTIFY\">\u00c5r 1866 f\u00f6ddes Johan Algot Gustafsson Wiss, son till sockenskomakaren i Vrigstad Gustaf Wiss.<br \/>\nJohan fick fr\u00e5n barnsben l\u00e4ra sig yrket och 1888 gifte han sig och \u00f6ppnade egen verkstad i parstugan p\u00e5 Lundby. Han lagade bl.a. fotbollsl\u00e4der f\u00f6r 25 \u00f6re.<\/p>\n<p dir=\"LTR\" style=\"text-align: left;\" align=\"JUSTIFY\">I verkstaden bedrev han sin verksamhet till 1924 d\u00e5 han l\u00e4t uppf\u00f6ra fastigheten Nyhem i Lundby. P\u00e5 \u00f6verv\u00e5ningen inredde han sin verkstad.<\/p>\n<p dir=\"LTR\" style=\"text-align: left;\" align=\"JUSTIFY\">S\u00f6nerna Bertil, Josef och Ture fick redan som ynglingar f\u00f6lja med sin far p\u00e5 uppdrag ut i byarna i socknen. N\u00e4r de senare fick arbete p\u00e5 Vrigstad Skofabrik fortsatte de p\u00e5 kv\u00e4llar och fritid att hj\u00e4lpa sin far i verkstaden.<\/p>\n<p dir=\"LTR\" style=\"text-align: left;\" align=\"JUSTIFY\">Vrigstads hembygdsf\u00f6rening har f\u00e5tt \u00f6verta inventarierna i skomakarverkstaden. De f\u00f6rvaras nu p\u00e5 Gr\u00f6ndal.<\/p>\n<figure id=\"attachment_3747\" aria-describedby=\"caption-attachment-3747\" style=\"width: 500px\" class=\"wp-caption alignnone\"><a href=\"https:\/\/media.vrigstadshembygdsforening.se\/\/W_1979.239.png\"><img loading=\"lazy\" decoding=\"async\" class=\"size-full wp-image-3747\" src=\"https:\/\/media.vrigstadshembygdsforening.se\/\/W_1979.239.png\" alt=\"\" width=\"500\" height=\"382\" srcset=\"https:\/\/media.vrigstadshembygdsforening.se\/W_1979.239.png 500w, https:\/\/media.vrigstadshembygdsforening.se\/W_1979.239-300x229.png 300w\" sizes=\"auto, (max-width: 500px) 100vw, 500px\" \/><\/a><figcaption id=\"caption-attachment-3747\" class=\"wp-caption-text\">Johan Gustafsson Wiss i sin skomakarverkstad 1937.<\/figcaption><\/figure>\n<figure id=\"attachment_3748\" aria-describedby=\"caption-attachment-3748\" style=\"width: 500px\" class=\"wp-caption alignnone\"><a href=\"https:\/\/media.vrigstadshembygdsforening.se\/\/W_2006.143.png\"><img loading=\"lazy\" decoding=\"async\" class=\"size-full wp-image-3748\" src=\"https:\/\/media.vrigstadshembygdsforening.se\/\/W_2006.143.png\" alt=\"\" width=\"500\" height=\"352\" srcset=\"https:\/\/media.vrigstadshembygdsforening.se\/W_2006.143.png 500w, https:\/\/media.vrigstadshembygdsforening.se\/W_2006.143-300x211.png 300w\" sizes=\"auto, (max-width: 500px) 100vw, 500px\" \/><\/a><figcaption id=\"caption-attachment-3748\" class=\"wp-caption-text\">P\u00e5 kv\u00e4llarna, efter arbetet p\u00e5 Vrigstad skofabrik, satte sig br\u00f6derna Josef och Ture Johansson vid skomakartavlan i Nyhem, Lundby, f\u00f6r att reparera skor. Till h\u00f6ger Ture som g\u00f6r i ordning becktr\u00e5d. Foto fr\u00e5n 1969.<\/figcaption><\/figure>\n","protected":false},"excerpt":{"rendered":"<p>\u00c5r 1866 f\u00f6ddes Johan Algot Gustafsson Wiss, son till sockenskomakaren i Vrigstad Gustaf Wiss. Johan fick fr\u00e5n barnsben l\u00e4ra sig<\/p>\n","protected":false},"author":1,"featured_media":0,"parent":0,"menu_order":0,"comment_status":"closed","ping_status":"closed","template":"","meta":{"footnotes":""},"class_list":["post-3746","page","type-page","status-publish","hentry"],"_links":{"self":[{"href":"https:\/\/vrigstadshembygdsforening.se\/index.php?rest_route=\/wp\/v2\/pages\/3746","targetHints":{"allow":["GET"]}}],"collection":[{"href":"https:\/\/vrigstadshembygdsforening.se\/index.php?rest_route=\/wp\/v2\/pages"}],"about":[{"href":"https:\/\/vrigstadshembygdsforening.se\/index.php?rest_route=\/wp\/v2\/types\/page"}],"author":[{"embeddable":true,"href":"https:\/\/vrigstadshembygdsforening.se\/index.php?rest_route=\/wp\/v2\/users\/1"}],"replies":[{"embeddable":true,"href":"https:\/\/vrigstadshembygdsforening.se\/index.php?rest_route=%2Fwp%2Fv2%2Fcomments&post=3746"}],"version-history":[{"count":1,"href":"https:\/\/vrigstadshembygdsforening.se\/index.php?rest_route=\/wp\/v2\/pages\/3746\/revisions"}],"predecessor-version":[{"id":3749,"href":"https:\/\/vrigstadshembygdsforening.se\/index.php?rest_route=\/wp\/v2\/pages\/3746\/revisions\/3749"}],"wp:attachment":[{"href":"https:\/\/vrigstadshembygdsforening.se\/index.php?rest_route=%2Fwp%2Fv2%2Fmedia&parent=3746"}],"curies":[{"name":"wp","href":"https:\/\/api.w.org\/{rel}","templated":true}]}}