{"id":3739,"date":"2019-02-21T10:56:41","date_gmt":"2019-02-21T10:56:41","guid":{"rendered":"http:\/\/vrigstadshembygdsforening.se\/?page_id=3739"},"modified":"2019-02-21T10:56:41","modified_gmt":"2019-02-21T10:56:41","slug":"hugos-skomakeri","status":"publish","type":"page","link":"https:\/\/vrigstadshembygdsforening.se\/?page_id=3739","title":{"rendered":"Hugos skomakeri"},"content":{"rendered":"<p dir=\"LTR\" style=\"text-align: left;\" align=\"JUSTIFY\">Hugo Engstr\u00f6m hade skomakeri i en l\u00e4nga bakom nuvarande Dan\u2019s Fritidsbod och \u00e4ven hemma p\u00e5 Soldatv\u00e4gen.<\/p>\n<figure id=\"attachment_3740\" aria-describedby=\"caption-attachment-3740\" style=\"width: 500px\" class=\"wp-caption alignnone\"><a href=\"https:\/\/media.vrigstadshembygdsforening.se\/\/W_Hugo-Engstr\u00f6m.jpg\"><img loading=\"lazy\" decoding=\"async\" class=\"size-full wp-image-3740\" src=\"https:\/\/media.vrigstadshembygdsforening.se\/\/W_Hugo-Engstr\u00f6m.jpg\" alt=\"\" width=\"500\" height=\"708\" srcset=\"https:\/\/media.vrigstadshembygdsforening.se\/W_Hugo-Engstr\u00f6m.jpg 500w, https:\/\/media.vrigstadshembygdsforening.se\/W_Hugo-Engstr\u00f6m-212x300.jpg 212w\" sizes=\"auto, (max-width: 500px) 100vw, 500px\" \/><\/a><figcaption id=\"caption-attachment-3740\" class=\"wp-caption-text\">Hugo Engstr\u00f6m s\u00e4ljer tofflor p\u00e5 Vrigstad marknad.<\/figcaption><\/figure>\n<p>&nbsp;<\/p>\n","protected":false},"excerpt":{"rendered":"<p>Hugo Engstr\u00f6m hade skomakeri i en l\u00e4nga bakom nuvarande Dan\u2019s Fritidsbod och \u00e4ven hemma p\u00e5 Soldatv\u00e4gen. &nbsp;<\/p>\n","protected":false},"author":1,"featured_media":0,"parent":0,"menu_order":0,"comment_status":"closed","ping_status":"closed","template":"","meta":{"footnotes":""},"class_list":["post-3739","page","type-page","status-publish","hentry"],"_links":{"self":[{"href":"https:\/\/vrigstadshembygdsforening.se\/index.php?rest_route=\/wp\/v2\/pages\/3739","targetHints":{"allow":["GET"]}}],"collection":[{"href":"https:\/\/vrigstadshembygdsforening.se\/index.php?rest_route=\/wp\/v2\/pages"}],"about":[{"href":"https:\/\/vrigstadshembygdsforening.se\/index.php?rest_route=\/wp\/v2\/types\/page"}],"author":[{"embeddable":true,"href":"https:\/\/vrigstadshembygdsforening.se\/index.php?rest_route=\/wp\/v2\/users\/1"}],"replies":[{"embeddable":true,"href":"https:\/\/vrigstadshembygdsforening.se\/index.php?rest_route=%2Fwp%2Fv2%2Fcomments&post=3739"}],"version-history":[{"count":1,"href":"https:\/\/vrigstadshembygdsforening.se\/index.php?rest_route=\/wp\/v2\/pages\/3739\/revisions"}],"predecessor-version":[{"id":3741,"href":"https:\/\/vrigstadshembygdsforening.se\/index.php?rest_route=\/wp\/v2\/pages\/3739\/revisions\/3741"}],"wp:attachment":[{"href":"https:\/\/vrigstadshembygdsforening.se\/index.php?rest_route=%2Fwp%2Fv2%2Fmedia&parent=3739"}],"curies":[{"name":"wp","href":"https:\/\/api.w.org\/{rel}","templated":true}]}}