{"id":3735,"date":"2019-02-21T10:54:49","date_gmt":"2019-02-21T10:54:49","guid":{"rendered":"http:\/\/vrigstadshembygdsforening.se\/?page_id=3735"},"modified":"2019-02-21T10:54:49","modified_gmt":"2019-02-21T10:54:49","slug":"conny-johnson-skomakeri-skoaffar","status":"publish","type":"page","link":"https:\/\/vrigstadshembygdsforening.se\/?page_id=3735","title":{"rendered":"Conny Johnson Skomakeri &#038; Skoaff\u00e4r"},"content":{"rendered":"<p dir=\"LTR\" style=\"text-align: left;\" align=\"JUSTIFY\">Skomakeriet startades av fadern Ville p\u00e5 S\u00e4vsj\u00f6v\u00e4gen 15. Conny flyttade senare r\u00f6relsen till Tegn\u00e9rv\u00e4gen 2 \u2013 d\u00e4r \u00e4ven Nils Hellkert och Anton Johansson hade aff\u00e4rer.<\/p>\n<figure id=\"attachment_3736\" aria-describedby=\"caption-attachment-3736\" style=\"width: 700px\" class=\"wp-caption alignnone\"><a href=\"https:\/\/media.vrigstadshembygdsforening.se\/\/W_1982.221.png\"><img loading=\"lazy\" decoding=\"async\" class=\"size-full wp-image-3736\" src=\"https:\/\/media.vrigstadshembygdsforening.se\/\/W_1982.221.png\" alt=\"\" width=\"700\" height=\"398\" srcset=\"https:\/\/media.vrigstadshembygdsforening.se\/W_1982.221.png 700w, https:\/\/media.vrigstadshembygdsforening.se\/W_1982.221-300x171.png 300w\" sizes=\"auto, (max-width: 700px) 100vw, 700px\" \/><\/a><figcaption id=\"caption-attachment-3736\" class=\"wp-caption-text\">P\u00e5 S\u00e4vsj\u00f6v\u00e4gen 13 l\u00e5g fram till 1980 denna byggnad. H\u00e4r hade Wille Johnsson och senare sonen Conny sin skomakarverkstad. Foto fr\u00e5n 1952.<\/figcaption><\/figure>\n<figure id=\"attachment_3737\" aria-describedby=\"caption-attachment-3737\" style=\"width: 700px\" class=\"wp-caption alignnone\"><a href=\"https:\/\/media.vrigstadshembygdsforening.se\/\/W_Conny-Jonsson-skomakeri-Annons_1955.jpg\"><img loading=\"lazy\" decoding=\"async\" class=\"size-full wp-image-3737\" src=\"https:\/\/media.vrigstadshembygdsforening.se\/\/W_Conny-Jonsson-skomakeri-Annons_1955.jpg\" alt=\"\" width=\"700\" height=\"422\" srcset=\"https:\/\/media.vrigstadshembygdsforening.se\/W_Conny-Jonsson-skomakeri-Annons_1955.jpg 700w, https:\/\/media.vrigstadshembygdsforening.se\/W_Conny-Jonsson-skomakeri-Annons_1955-300x181.jpg 300w\" sizes=\"auto, (max-width: 700px) 100vw, 700px\" \/><\/a><figcaption id=\"caption-attachment-3737\" class=\"wp-caption-text\">Annons fr\u00e5n 1955.<\/figcaption><\/figure>\n<p>&nbsp;<\/p>\n","protected":false},"excerpt":{"rendered":"<p>Skomakeriet startades av fadern Ville p\u00e5 S\u00e4vsj\u00f6v\u00e4gen 15. Conny flyttade senare r\u00f6relsen till Tegn\u00e9rv\u00e4gen 2 \u2013 d\u00e4r \u00e4ven Nils Hellkert<\/p>\n","protected":false},"author":1,"featured_media":0,"parent":0,"menu_order":0,"comment_status":"closed","ping_status":"closed","template":"","meta":{"footnotes":""},"class_list":["post-3735","page","type-page","status-publish","hentry"],"_links":{"self":[{"href":"https:\/\/vrigstadshembygdsforening.se\/index.php?rest_route=\/wp\/v2\/pages\/3735","targetHints":{"allow":["GET"]}}],"collection":[{"href":"https:\/\/vrigstadshembygdsforening.se\/index.php?rest_route=\/wp\/v2\/pages"}],"about":[{"href":"https:\/\/vrigstadshembygdsforening.se\/index.php?rest_route=\/wp\/v2\/types\/page"}],"author":[{"embeddable":true,"href":"https:\/\/vrigstadshembygdsforening.se\/index.php?rest_route=\/wp\/v2\/users\/1"}],"replies":[{"embeddable":true,"href":"https:\/\/vrigstadshembygdsforening.se\/index.php?rest_route=%2Fwp%2Fv2%2Fcomments&post=3735"}],"version-history":[{"count":1,"href":"https:\/\/vrigstadshembygdsforening.se\/index.php?rest_route=\/wp\/v2\/pages\/3735\/revisions"}],"predecessor-version":[{"id":3738,"href":"https:\/\/vrigstadshembygdsforening.se\/index.php?rest_route=\/wp\/v2\/pages\/3735\/revisions\/3738"}],"wp:attachment":[{"href":"https:\/\/vrigstadshembygdsforening.se\/index.php?rest_route=%2Fwp%2Fv2%2Fmedia&parent=3735"}],"curies":[{"name":"wp","href":"https:\/\/api.w.org\/{rel}","templated":true}]}}