{"id":3730,"date":"2019-02-21T10:45:37","date_gmt":"2019-02-21T10:45:37","guid":{"rendered":"http:\/\/vrigstadshembygdsforening.se\/?page_id=3730"},"modified":"2019-02-21T10:45:37","modified_gmt":"2019-02-21T10:45:37","slug":"tarjas-klipphorna","status":"publish","type":"page","link":"https:\/\/vrigstadshembygdsforening.se\/?page_id=3730","title":{"rendered":"Tarjas klipph\u00f6rna"},"content":{"rendered":"<p dir=\"LTR\" style=\"text-align: left;\" align=\"JUSTIFY\">Tarja Rostedt \u00f6ppnar 1981 sin salong i bostaden p\u00e5 Mellang\u00e5rdsv\u00e4gen 11. Hon hyrde sedan en stol hos bl.a. Emma Pettersson p\u00e5 V\u00e4xj\u00f6v\u00e4gen och hos\u00a0Katrin Sj\u00f6gren i Studio K.<\/p>\n<p>&nbsp;<\/p>\n","protected":false},"excerpt":{"rendered":"<p>Tarja Rostedt \u00f6ppnar 1981 sin salong i bostaden p\u00e5 Mellang\u00e5rdsv\u00e4gen 11. Hon hyrde sedan en stol hos bl.a. Emma Pettersson<\/p>\n","protected":false},"author":1,"featured_media":0,"parent":0,"menu_order":0,"comment_status":"closed","ping_status":"closed","template":"","meta":{"footnotes":""},"class_list":["post-3730","page","type-page","status-publish","hentry"],"_links":{"self":[{"href":"https:\/\/vrigstadshembygdsforening.se\/index.php?rest_route=\/wp\/v2\/pages\/3730","targetHints":{"allow":["GET"]}}],"collection":[{"href":"https:\/\/vrigstadshembygdsforening.se\/index.php?rest_route=\/wp\/v2\/pages"}],"about":[{"href":"https:\/\/vrigstadshembygdsforening.se\/index.php?rest_route=\/wp\/v2\/types\/page"}],"author":[{"embeddable":true,"href":"https:\/\/vrigstadshembygdsforening.se\/index.php?rest_route=\/wp\/v2\/users\/1"}],"replies":[{"embeddable":true,"href":"https:\/\/vrigstadshembygdsforening.se\/index.php?rest_route=%2Fwp%2Fv2%2Fcomments&post=3730"}],"version-history":[{"count":1,"href":"https:\/\/vrigstadshembygdsforening.se\/index.php?rest_route=\/wp\/v2\/pages\/3730\/revisions"}],"predecessor-version":[{"id":3731,"href":"https:\/\/vrigstadshembygdsforening.se\/index.php?rest_route=\/wp\/v2\/pages\/3730\/revisions\/3731"}],"wp:attachment":[{"href":"https:\/\/vrigstadshembygdsforening.se\/index.php?rest_route=%2Fwp%2Fv2%2Fmedia&parent=3730"}],"curies":[{"name":"wp","href":"https:\/\/api.w.org\/{rel}","templated":true}]}}