{"id":3725,"date":"2019-02-21T10:43:19","date_gmt":"2019-02-21T10:43:19","guid":{"rendered":"http:\/\/vrigstadshembygdsforening.se\/?page_id=3725"},"modified":"2019-02-21T10:43:19","modified_gmt":"2019-02-21T10:43:19","slug":"salong-qvinman","status":"publish","type":"page","link":"https:\/\/vrigstadshembygdsforening.se\/?page_id=3725","title":{"rendered":"Salong QvinMan"},"content":{"rendered":"<p dir=\"LTR\" style=\"text-align: left;\" align=\"JUSTIFY\">Anette Andersson tog \u00f6ver lokalerna efter Salong Bitten, V\u00e4xj\u00f6v\u00e4gen 3, och \u00f6ppnar Salong QvinMan 1985. Flyttar under en period till S\u00e4vsj\u00f6v\u00e4gen 4, men \u00e5terv\u00e4nder senare till V\u00e4xj\u00f6v\u00e4gen.<\/p>\n<p>&nbsp;<\/p>\n","protected":false},"excerpt":{"rendered":"<p>Anette Andersson tog \u00f6ver lokalerna efter Salong Bitten, V\u00e4xj\u00f6v\u00e4gen 3, och \u00f6ppnar Salong QvinMan 1985. Flyttar under en period till<\/p>\n","protected":false},"author":1,"featured_media":0,"parent":0,"menu_order":0,"comment_status":"closed","ping_status":"closed","template":"","meta":{"footnotes":""},"class_list":["post-3725","page","type-page","status-publish","hentry"],"_links":{"self":[{"href":"https:\/\/vrigstadshembygdsforening.se\/index.php?rest_route=\/wp\/v2\/pages\/3725","targetHints":{"allow":["GET"]}}],"collection":[{"href":"https:\/\/vrigstadshembygdsforening.se\/index.php?rest_route=\/wp\/v2\/pages"}],"about":[{"href":"https:\/\/vrigstadshembygdsforening.se\/index.php?rest_route=\/wp\/v2\/types\/page"}],"author":[{"embeddable":true,"href":"https:\/\/vrigstadshembygdsforening.se\/index.php?rest_route=\/wp\/v2\/users\/1"}],"replies":[{"embeddable":true,"href":"https:\/\/vrigstadshembygdsforening.se\/index.php?rest_route=%2Fwp%2Fv2%2Fcomments&post=3725"}],"version-history":[{"count":1,"href":"https:\/\/vrigstadshembygdsforening.se\/index.php?rest_route=\/wp\/v2\/pages\/3725\/revisions"}],"predecessor-version":[{"id":3726,"href":"https:\/\/vrigstadshembygdsforening.se\/index.php?rest_route=\/wp\/v2\/pages\/3725\/revisions\/3726"}],"wp:attachment":[{"href":"https:\/\/vrigstadshembygdsforening.se\/index.php?rest_route=%2Fwp%2Fv2%2Fmedia&parent=3725"}],"curies":[{"name":"wp","href":"https:\/\/api.w.org\/{rel}","templated":true}]}}