{"id":3719,"date":"2019-02-21T10:40:42","date_gmt":"2019-02-21T10:40:42","guid":{"rendered":"http:\/\/vrigstadshembygdsforening.se\/?page_id=3719"},"modified":"2021-06-07T16:47:51","modified_gmt":"2021-06-07T16:47:51","slug":"ratt-stil","status":"publish","type":"page","link":"https:\/\/vrigstadshembygdsforening.se\/?page_id=3719","title":{"rendered":"R\u00e4tt stil"},"content":{"rendered":"<p dir=\"LTR\" style=\"text-align: left;\" align=\"JUSTIFY\">Emelie Simonsson \u00f6ppnade 2010 sin salong R\u00e4tt stil p\u00e5 V\u00e4xj\u00f6v\u00e4gen 1, efter att en antikhandlare l\u00e4mnat lokalen.<\/p>\n<p dir=\"LTR\" align=\"JUSTIFY\">V\u00e5ren 2021 flyttade Emelie salongen till fastigheten Torget 11 vid torget.<\/p>\n<figure id=\"attachment_3720\" aria-describedby=\"caption-attachment-3720\" style=\"width: 700px\" class=\"wp-caption alignnone\"><a href=\"https:\/\/media.vrigstadshembygdsforening.se\/\/W_Ratt-stil.jpg\"><img loading=\"lazy\" decoding=\"async\" class=\"size-full wp-image-3720\" src=\"https:\/\/media.vrigstadshembygdsforening.se\/\/W_Ratt-stil.jpg\" alt=\"\" width=\"700\" height=\"566\" srcset=\"https:\/\/media.vrigstadshembygdsforening.se\/W_Ratt-stil.jpg 700w, https:\/\/media.vrigstadshembygdsforening.se\/W_Ratt-stil-300x243.jpg 300w\" sizes=\"auto, (max-width: 700px) 100vw, 700px\" \/><\/a><figcaption id=\"caption-attachment-3720\" class=\"wp-caption-text\">Emelie Simonsson klipper Tony Andersson i sin salong R\u00e4tt stil.<\/figcaption><\/figure>\n","protected":false},"excerpt":{"rendered":"<p>Emelie Simonsson \u00f6ppnade 2010 sin salong R\u00e4tt stil p\u00e5 V\u00e4xj\u00f6v\u00e4gen 1, efter att en antikhandlare l\u00e4mnat lokalen. V\u00e5ren 2021 flyttade<\/p>\n","protected":false},"author":1,"featured_media":0,"parent":0,"menu_order":0,"comment_status":"closed","ping_status":"closed","template":"","meta":{"footnotes":""},"class_list":["post-3719","page","type-page","status-publish","hentry"],"_links":{"self":[{"href":"https:\/\/vrigstadshembygdsforening.se\/index.php?rest_route=\/wp\/v2\/pages\/3719","targetHints":{"allow":["GET"]}}],"collection":[{"href":"https:\/\/vrigstadshembygdsforening.se\/index.php?rest_route=\/wp\/v2\/pages"}],"about":[{"href":"https:\/\/vrigstadshembygdsforening.se\/index.php?rest_route=\/wp\/v2\/types\/page"}],"author":[{"embeddable":true,"href":"https:\/\/vrigstadshembygdsforening.se\/index.php?rest_route=\/wp\/v2\/users\/1"}],"replies":[{"embeddable":true,"href":"https:\/\/vrigstadshembygdsforening.se\/index.php?rest_route=%2Fwp%2Fv2%2Fcomments&post=3719"}],"version-history":[{"count":2,"href":"https:\/\/vrigstadshembygdsforening.se\/index.php?rest_route=\/wp\/v2\/pages\/3719\/revisions"}],"predecessor-version":[{"id":4552,"href":"https:\/\/vrigstadshembygdsforening.se\/index.php?rest_route=\/wp\/v2\/pages\/3719\/revisions\/4552"}],"wp:attachment":[{"href":"https:\/\/vrigstadshembygdsforening.se\/index.php?rest_route=%2Fwp%2Fv2%2Fmedia&parent=3719"}],"curies":[{"name":"wp","href":"https:\/\/api.w.org\/{rel}","templated":true}]}}