{"id":3713,"date":"2019-02-21T10:24:31","date_gmt":"2019-02-21T10:24:31","guid":{"rendered":"http:\/\/vrigstadshembygdsforening.se\/?page_id=3713"},"modified":"2019-02-21T10:24:31","modified_gmt":"2019-02-21T10:24:31","slug":"marta-wolframs-damfrisering","status":"publish","type":"page","link":"https:\/\/vrigstadshembygdsforening.se\/?page_id=3713","title":{"rendered":"M\u00e4rta Wolframs Damfrisering"},"content":{"rendered":"<p dir=\"LTR\" style=\"text-align: left;\" align=\"JUSTIFY\">M\u00e4rta Wolfram utf\u00f6rde permanentning och ondulering i bostaden p\u00e5 Bj\u00f6rk\u00e4ngsv\u00e4gen 5.<\/p>\n<figure id=\"attachment_3714\" aria-describedby=\"caption-attachment-3714\" style=\"width: 500px\" class=\"wp-caption alignnone\"><a href=\"https:\/\/media.vrigstadshembygdsforening.se\/\/W_1983.1322.png\"><img loading=\"lazy\" decoding=\"async\" class=\"size-full wp-image-3714\" src=\"https:\/\/media.vrigstadshembygdsforening.se\/\/W_1983.1322.png\" alt=\"\" width=\"500\" height=\"524\" srcset=\"https:\/\/media.vrigstadshembygdsforening.se\/W_1983.1322.png 500w, https:\/\/media.vrigstadshembygdsforening.se\/W_1983.1322-286x300.png 286w\" sizes=\"auto, (max-width: 500px) 100vw, 500px\" \/><\/a><figcaption id=\"caption-attachment-3714\" class=\"wp-caption-text\">M\u00e4rta Wolfram hade sin frisersalong i bostaden p\u00e5 Bj\u00f6rk\u00e4ngsv\u00e4gen. Foto fr\u00e5n 1983.<\/figcaption><\/figure>\n<p>&nbsp;<\/p>\n","protected":false},"excerpt":{"rendered":"<p>M\u00e4rta Wolfram utf\u00f6rde permanentning och ondulering i bostaden p\u00e5 Bj\u00f6rk\u00e4ngsv\u00e4gen 5. &nbsp;<\/p>\n","protected":false},"author":1,"featured_media":0,"parent":0,"menu_order":0,"comment_status":"closed","ping_status":"closed","template":"","meta":{"footnotes":""},"class_list":["post-3713","page","type-page","status-publish","hentry"],"_links":{"self":[{"href":"https:\/\/vrigstadshembygdsforening.se\/index.php?rest_route=\/wp\/v2\/pages\/3713","targetHints":{"allow":["GET"]}}],"collection":[{"href":"https:\/\/vrigstadshembygdsforening.se\/index.php?rest_route=\/wp\/v2\/pages"}],"about":[{"href":"https:\/\/vrigstadshembygdsforening.se\/index.php?rest_route=\/wp\/v2\/types\/page"}],"author":[{"embeddable":true,"href":"https:\/\/vrigstadshembygdsforening.se\/index.php?rest_route=\/wp\/v2\/users\/1"}],"replies":[{"embeddable":true,"href":"https:\/\/vrigstadshembygdsforening.se\/index.php?rest_route=%2Fwp%2Fv2%2Fcomments&post=3713"}],"version-history":[{"count":1,"href":"https:\/\/vrigstadshembygdsforening.se\/index.php?rest_route=\/wp\/v2\/pages\/3713\/revisions"}],"predecessor-version":[{"id":3715,"href":"https:\/\/vrigstadshembygdsforening.se\/index.php?rest_route=\/wp\/v2\/pages\/3713\/revisions\/3715"}],"wp:attachment":[{"href":"https:\/\/vrigstadshembygdsforening.se\/index.php?rest_route=%2Fwp%2Fv2%2Fmedia&parent=3713"}],"curies":[{"name":"wp","href":"https:\/\/api.w.org\/{rel}","templated":true}]}}