{"id":3709,"date":"2019-02-21T10:19:06","date_gmt":"2019-02-21T10:19:06","guid":{"rendered":"http:\/\/vrigstadshembygdsforening.se\/?page_id=3709"},"modified":"2019-02-21T10:19:06","modified_gmt":"2019-02-21T10:19:06","slug":"klipp-linas","status":"publish","type":"page","link":"https:\/\/vrigstadshembygdsforening.se\/?page_id=3709","title":{"rendered":"Klipp Linas"},"content":{"rendered":"<p dir=\"LTR\" style=\"text-align: left;\" align=\"JUSTIFY\">Efter fris\u00f6rskola i Kalmar och fyra \u00e5r som fris\u00f6r i Hultsfred startade Lina Sandin frisersalongen Klipp Linas p\u00e5 S\u00e4vsj\u00f6v\u00e4gen 7 i juli 2014.<\/p>\n<p dir=\"LTR\" align=\"JUSTIFY\">2018 flyttade hon sin verksamhet fr\u00e5n Vrigstad.<\/p>\n<figure id=\"attachment_3710\" aria-describedby=\"caption-attachment-3710\" style=\"width: 500px\" class=\"wp-caption alignnone\"><a href=\"https:\/\/media.vrigstadshembygdsforening.se\/\/W_Klipp-Lina.jpg\"><img loading=\"lazy\" decoding=\"async\" class=\"size-full wp-image-3710\" src=\"https:\/\/media.vrigstadshembygdsforening.se\/\/W_Klipp-Lina.jpg\" alt=\"\" width=\"500\" height=\"546\" srcset=\"https:\/\/media.vrigstadshembygdsforening.se\/W_Klipp-Lina.jpg 500w, https:\/\/media.vrigstadshembygdsforening.se\/W_Klipp-Lina-275x300.jpg 275w\" sizes=\"auto, (max-width: 500px) 100vw, 500px\" \/><\/a><figcaption id=\"caption-attachment-3710\" class=\"wp-caption-text\">Lina Sandin i sin frisersalong p\u00e5 S\u00e4vsj\u00f6v\u00e4gen.<\/figcaption><\/figure>\n<p>&nbsp;<\/p>\n","protected":false},"excerpt":{"rendered":"<p>Efter fris\u00f6rskola i Kalmar och fyra \u00e5r som fris\u00f6r i Hultsfred startade Lina Sandin frisersalongen Klipp Linas p\u00e5 S\u00e4vsj\u00f6v\u00e4gen 7<\/p>\n","protected":false},"author":1,"featured_media":0,"parent":0,"menu_order":0,"comment_status":"closed","ping_status":"closed","template":"","meta":{"footnotes":""},"class_list":["post-3709","page","type-page","status-publish","hentry"],"_links":{"self":[{"href":"https:\/\/vrigstadshembygdsforening.se\/index.php?rest_route=\/wp\/v2\/pages\/3709","targetHints":{"allow":["GET"]}}],"collection":[{"href":"https:\/\/vrigstadshembygdsforening.se\/index.php?rest_route=\/wp\/v2\/pages"}],"about":[{"href":"https:\/\/vrigstadshembygdsforening.se\/index.php?rest_route=\/wp\/v2\/types\/page"}],"author":[{"embeddable":true,"href":"https:\/\/vrigstadshembygdsforening.se\/index.php?rest_route=\/wp\/v2\/users\/1"}],"replies":[{"embeddable":true,"href":"https:\/\/vrigstadshembygdsforening.se\/index.php?rest_route=%2Fwp%2Fv2%2Fcomments&post=3709"}],"version-history":[{"count":1,"href":"https:\/\/vrigstadshembygdsforening.se\/index.php?rest_route=\/wp\/v2\/pages\/3709\/revisions"}],"predecessor-version":[{"id":3711,"href":"https:\/\/vrigstadshembygdsforening.se\/index.php?rest_route=\/wp\/v2\/pages\/3709\/revisions\/3711"}],"wp:attachment":[{"href":"https:\/\/vrigstadshembygdsforening.se\/index.php?rest_route=%2Fwp%2Fv2%2Fmedia&parent=3709"}],"curies":[{"name":"wp","href":"https:\/\/api.w.org\/{rel}","templated":true}]}}