{"id":3704,"date":"2019-02-21T10:14:57","date_gmt":"2019-02-21T10:14:57","guid":{"rendered":"http:\/\/vrigstadshembygdsforening.se\/?page_id=3704"},"modified":"2019-02-21T10:14:57","modified_gmt":"2019-02-21T10:14:57","slug":"elsy-karlsson","status":"publish","type":"page","link":"https:\/\/vrigstadshembygdsforening.se\/?page_id=3704","title":{"rendered":"Elsy Karlsson"},"content":{"rendered":"<p dir=\"LTR\" align=\"JUSTIFY\">Elsy Karlsson hade frisersalong i sin bostad p\u00e5 V\u00e4xj\u00f6v\u00e4gen 3.<\/p>\n<p>&nbsp;<\/p>\n","protected":false},"excerpt":{"rendered":"<p>Elsy Karlsson hade frisersalong i sin bostad p\u00e5 V\u00e4xj\u00f6v\u00e4gen 3. &nbsp;<\/p>\n","protected":false},"author":1,"featured_media":0,"parent":0,"menu_order":0,"comment_status":"closed","ping_status":"closed","template":"","meta":{"footnotes":""},"class_list":["post-3704","page","type-page","status-publish","hentry"],"_links":{"self":[{"href":"https:\/\/vrigstadshembygdsforening.se\/index.php?rest_route=\/wp\/v2\/pages\/3704","targetHints":{"allow":["GET"]}}],"collection":[{"href":"https:\/\/vrigstadshembygdsforening.se\/index.php?rest_route=\/wp\/v2\/pages"}],"about":[{"href":"https:\/\/vrigstadshembygdsforening.se\/index.php?rest_route=\/wp\/v2\/types\/page"}],"author":[{"embeddable":true,"href":"https:\/\/vrigstadshembygdsforening.se\/index.php?rest_route=\/wp\/v2\/users\/1"}],"replies":[{"embeddable":true,"href":"https:\/\/vrigstadshembygdsforening.se\/index.php?rest_route=%2Fwp%2Fv2%2Fcomments&post=3704"}],"version-history":[{"count":1,"href":"https:\/\/vrigstadshembygdsforening.se\/index.php?rest_route=\/wp\/v2\/pages\/3704\/revisions"}],"predecessor-version":[{"id":3705,"href":"https:\/\/vrigstadshembygdsforening.se\/index.php?rest_route=\/wp\/v2\/pages\/3704\/revisions\/3705"}],"wp:attachment":[{"href":"https:\/\/vrigstadshembygdsforening.se\/index.php?rest_route=%2Fwp%2Fv2%2Fmedia&parent=3704"}],"curies":[{"name":"wp","href":"https:\/\/api.w.org\/{rel}","templated":true}]}}