{"id":3702,"date":"2019-02-21T10:14:35","date_gmt":"2019-02-21T10:14:35","guid":{"rendered":"http:\/\/vrigstadshembygdsforening.se\/?page_id=3702"},"modified":"2019-02-21T10:14:35","modified_gmt":"2019-02-21T10:14:35","slug":"claes-ymans-herr-och-damfrisering","status":"publish","type":"page","link":"https:\/\/vrigstadshembygdsforening.se\/?page_id=3702","title":{"rendered":"Claes Ymans herr- och damfrisering"},"content":{"rendered":"<p dir=\"LTR\" style=\"text-align: left;\" align=\"JUSTIFY\">Fris\u00f6rm\u00e4stare Claes Yman, f\u00f6dd 1898 i Urshult, Kronobergs l\u00e4n, l\u00e4rde sig yrket 1925 i Moheda. Efter ett antal olika anst\u00e4llningar och eget f\u00f6retag i Stockaryd startade han sin fris\u00f6rsalong i Vrigstad den 1 april 1933.<\/p>\n<p dir=\"LTR\" style=\"text-align: left;\" align=\"JUSTIFY\">Verksamheten startade som en herrfrisering p\u00e5 V\u00e4xj\u00f6v\u00e4gen 3, men 1938 ut\u00f6kades r\u00f6relsen med en avdelning f\u00f6r damfrisering. 1940 hade han Elna \u00d6gren och 1947 Vera Hulthager anst\u00e4llda som damfris\u00f6rskor.<\/p>\n<p dir=\"LTR\" style=\"text-align: left;\" align=\"JUSTIFY\">1934 anm\u00e4lde Claes Yman Bertil Johansson, som var anst\u00e4lld p\u00e5 Vrigstads Skofabrik, f\u00f6r illojal konkurrens. Bertil hade p\u00e5 fritiden klippt en del vrigstadbor och detta blev nu ett \u00e4rende f\u00f6r den lokala fackf\u00f6reningen p\u00e5 Skofabriken. Bertil Johansson<br \/>\nlovade att han omedelbart skulle avs\u00e4ga sig sin privata fritidssyssels\u00e4ttning och Claes Yman fick d\u00e4rmed, antagligen, ytterligare n\u00e5gra kunder.<\/p>\n<p>&nbsp;<\/p>\n","protected":false},"excerpt":{"rendered":"<p>Fris\u00f6rm\u00e4stare Claes Yman, f\u00f6dd 1898 i Urshult, Kronobergs l\u00e4n, l\u00e4rde sig yrket 1925 i Moheda. Efter ett antal olika anst\u00e4llningar<\/p>\n","protected":false},"author":1,"featured_media":0,"parent":0,"menu_order":0,"comment_status":"closed","ping_status":"closed","template":"","meta":{"footnotes":""},"class_list":["post-3702","page","type-page","status-publish","hentry"],"_links":{"self":[{"href":"https:\/\/vrigstadshembygdsforening.se\/index.php?rest_route=\/wp\/v2\/pages\/3702","targetHints":{"allow":["GET"]}}],"collection":[{"href":"https:\/\/vrigstadshembygdsforening.se\/index.php?rest_route=\/wp\/v2\/pages"}],"about":[{"href":"https:\/\/vrigstadshembygdsforening.se\/index.php?rest_route=\/wp\/v2\/types\/page"}],"author":[{"embeddable":true,"href":"https:\/\/vrigstadshembygdsforening.se\/index.php?rest_route=\/wp\/v2\/users\/1"}],"replies":[{"embeddable":true,"href":"https:\/\/vrigstadshembygdsforening.se\/index.php?rest_route=%2Fwp%2Fv2%2Fcomments&post=3702"}],"version-history":[{"count":1,"href":"https:\/\/vrigstadshembygdsforening.se\/index.php?rest_route=\/wp\/v2\/pages\/3702\/revisions"}],"predecessor-version":[{"id":3703,"href":"https:\/\/vrigstadshembygdsforening.se\/index.php?rest_route=\/wp\/v2\/pages\/3702\/revisions\/3703"}],"wp:attachment":[{"href":"https:\/\/vrigstadshembygdsforening.se\/index.php?rest_route=%2Fwp%2Fv2%2Fmedia&parent=3702"}],"curies":[{"name":"wp","href":"https:\/\/api.w.org\/{rel}","templated":true}]}}