{"id":3699,"date":"2019-02-21T10:13:59","date_gmt":"2019-02-21T10:13:59","guid":{"rendered":"http:\/\/vrigstadshembygdsforening.se\/?page_id=3699"},"modified":"2019-02-21T10:13:59","modified_gmt":"2019-02-21T10:13:59","slug":"vrigstad-alltjanst-ab","status":"publish","type":"page","link":"https:\/\/vrigstadshembygdsforening.se\/?page_id=3699","title":{"rendered":"Vrigstad Alltj\u00e4nst AB"},"content":{"rendered":"<p dir=\"LTR\" style=\"text-align: left;\" align=\"JUSTIFY\">Peter Svensson, f\u00f6dd 1971 i Nydala, startade firman 2003. Man utf\u00f6r bl.a. skogstj\u00e4nster, enklare byggtj\u00e4nster som m\u00e5lning, taktegeltv\u00e4tt och sn\u00f6skottning.<\/p>\n<p dir=\"LTR\" style=\"text-align: left;\" align=\"JUSTIFY\">2007 hade Peter en anst\u00e4lld och ut\u00f6kade till tv\u00e5 anst\u00e4llda. 2010 anst\u00e4lldes tre s\u00e4songsarbetare fr\u00e5n<br \/>\nLitauen f\u00f6r skogsr\u00f6jning. Arbetsuppgifter och antalet anst\u00e4llda \u00f6kade f\u00f6r varje \u00e5r och 2016 har man nio heltidsanst\u00e4llda mellan mars och december (bl.a. tre fr\u00e5n Litauen och tre fr\u00e5n Polen). P\u00e5 kontoret jobbar Cecilia Svensson 25 % och Peter \u00e4r arbetsledare.<\/p>\n<p style=\"text-align: left;\">F\u00f6retaget \u00e4r certifierat f\u00f6r skogsv\u00e5rd. Man har de senaste \u00e5ren planterat cirka 100 000 skogsplantor per \u00e5r. Firman har k\u00f6pt tv\u00e5 hus i Vrigstad f\u00f6r de anst\u00e4llda fr\u00e5n Litauen och Polen.<\/p>\n<figure id=\"attachment_3700\" aria-describedby=\"caption-attachment-3700\" style=\"width: 500px\" class=\"wp-caption alignnone\"><a href=\"https:\/\/media.vrigstadshembygdsforening.se\/\/W_PeterS.jpg\"><img loading=\"lazy\" decoding=\"async\" class=\"size-full wp-image-3700\" src=\"https:\/\/media.vrigstadshembygdsforening.se\/\/W_PeterS.jpg\" alt=\"\" width=\"500\" height=\"434\" srcset=\"https:\/\/media.vrigstadshembygdsforening.se\/W_PeterS.jpg 500w, https:\/\/media.vrigstadshembygdsforening.se\/W_PeterS-300x260.jpg 300w\" sizes=\"auto, (max-width: 500px) 100vw, 500px\" \/><\/a><figcaption id=\"caption-attachment-3700\" class=\"wp-caption-text\">Peter Svensson.<\/figcaption><\/figure>\n<p>&nbsp;<\/p>\n","protected":false},"excerpt":{"rendered":"<p>Peter Svensson, f\u00f6dd 1971 i Nydala, startade firman 2003. Man utf\u00f6r bl.a. skogstj\u00e4nster, enklare byggtj\u00e4nster som m\u00e5lning, taktegeltv\u00e4tt och sn\u00f6skottning.<\/p>\n","protected":false},"author":1,"featured_media":0,"parent":0,"menu_order":0,"comment_status":"closed","ping_status":"closed","template":"","meta":{"footnotes":""},"class_list":["post-3699","page","type-page","status-publish","hentry"],"_links":{"self":[{"href":"https:\/\/vrigstadshembygdsforening.se\/index.php?rest_route=\/wp\/v2\/pages\/3699","targetHints":{"allow":["GET"]}}],"collection":[{"href":"https:\/\/vrigstadshembygdsforening.se\/index.php?rest_route=\/wp\/v2\/pages"}],"about":[{"href":"https:\/\/vrigstadshembygdsforening.se\/index.php?rest_route=\/wp\/v2\/types\/page"}],"author":[{"embeddable":true,"href":"https:\/\/vrigstadshembygdsforening.se\/index.php?rest_route=\/wp\/v2\/users\/1"}],"replies":[{"embeddable":true,"href":"https:\/\/vrigstadshembygdsforening.se\/index.php?rest_route=%2Fwp%2Fv2%2Fcomments&post=3699"}],"version-history":[{"count":1,"href":"https:\/\/vrigstadshembygdsforening.se\/index.php?rest_route=\/wp\/v2\/pages\/3699\/revisions"}],"predecessor-version":[{"id":3701,"href":"https:\/\/vrigstadshembygdsforening.se\/index.php?rest_route=\/wp\/v2\/pages\/3699\/revisions\/3701"}],"wp:attachment":[{"href":"https:\/\/vrigstadshembygdsforening.se\/index.php?rest_route=%2Fwp%2Fv2%2Fmedia&parent=3699"}],"curies":[{"name":"wp","href":"https:\/\/api.w.org\/{rel}","templated":true}]}}