{"id":3689,"date":"2019-02-21T10:07:54","date_gmt":"2019-02-21T10:07:54","guid":{"rendered":"http:\/\/vrigstadshembygdsforening.se\/?page_id=3689"},"modified":"2019-02-21T10:07:54","modified_gmt":"2019-02-21T10:07:54","slug":"daveart-ab","status":"publish","type":"page","link":"https:\/\/vrigstadshembygdsforening.se\/?page_id=3689","title":{"rendered":"Daveart AB"},"content":{"rendered":"<p dir=\"LTR\" style=\"text-align: left;\" align=\"JUSTIFY\">David Gunnarsson \u00e4r f\u00f6dd 1976 och redan som 16-\u00e5ring startade han sitt airbrushf\u00f6retag.<\/p>\n<p dir=\"LTR\" style=\"text-align: left;\" align=\"JUSTIFY\">David har tecknat och m\u00e5lat s\u00e5 l\u00e4nge han kan minnas. Hj\u00e4lmm\u00e5lningen b\u00f6rjade efter att han fick m\u00f6jlighet att teckna HV71:s matchprogram. N\u00e4sta steg blev att b\u00f6rja g\u00f6ra deras masker \u2013 och sedan har efterfr\u00e5gan vuxit kraftigt.<\/p>\n<p dir=\"LTR\" style=\"text-align: left;\" align=\"JUSTIFY\">Henrik &#8221;Henke&#8221; Lundqvist \u00e4r den m\u00e5lvakt David arbetat mest med. Den f\u00f6rsta m\u00e5lades 1997 och det har blivit m\u00e5nga fler sedan dess.<\/p>\n<p dir=\"LTR\" style=\"text-align: left;\" align=\"JUSTIFY\">Efter \u00f6ver 20 \u00e5r i branschen \u00e4r Daveart sedan l\u00e4nge ett internationellt etablerat f\u00f6retag som beh\u00e5llt sin plats i toppen n\u00e4r det g\u00e4ller att m\u00e5la hj\u00e4lmar till, framf\u00f6r allt, NHL:s ishockeyspelare.<\/p>\n<p dir=\"LTR\" style=\"text-align: left;\" align=\"JUSTIFY\">Att m\u00e5la en mask tar ungef\u00e4r en och en halv dag. DaveArt har sin studio i den tidigare postlokalen p\u00e5 V\u00e4xj\u00f6v\u00e4gen 4.<\/p>\n<p dir=\"LTR\" style=\"text-align: left;\" align=\"JUSTIFY\">2016 flyttade David med familj till morf\u00f6r\u00e4ldrahemmet i Norra Ljunga. H\u00e4r har David\u00a0etablerat sin m\u00e5larstudio i ladug\u00e5rden, d\u00e4r hans morfar och mormor hade djur.<\/p>\n<figure id=\"attachment_3691\" aria-describedby=\"caption-attachment-3691\" style=\"width: 700px\" class=\"wp-caption alignnone\"><a href=\"https:\/\/media.vrigstadshembygdsforening.se\/\/W_2011.081.png\"><img loading=\"lazy\" decoding=\"async\" class=\"wp-image-3691 size-full\" src=\"https:\/\/media.vrigstadshembygdsforening.se\/\/W_2011.081.png\" alt=\"\" width=\"700\" height=\"530\" srcset=\"https:\/\/media.vrigstadshembygdsforening.se\/W_2011.081.png 700w, https:\/\/media.vrigstadshembygdsforening.se\/W_2011.081-300x227.png 300w\" sizes=\"auto, (max-width: 700px) 100vw, 700px\" \/><\/a><figcaption id=\"caption-attachment-3691\" class=\"wp-caption-text\">Den 1 april 2011 fick Daveart bes\u00f6k av kronprinsessan Victoria och prins Daniel, som fick en presentation av f\u00f6retaget och fick m\u00f6jlighet att prova p\u00e5 m\u00e5lningstekniken.<\/figcaption><\/figure>\n<figure id=\"attachment_3690\" aria-describedby=\"caption-attachment-3690\" style=\"width: 700px\" class=\"wp-caption alignnone\"><a href=\"https:\/\/media.vrigstadshembygdsforening.se\/\/W_Daveart-tidningsklipp.jpg\"><img loading=\"lazy\" decoding=\"async\" class=\"size-full wp-image-3690\" src=\"https:\/\/media.vrigstadshembygdsforening.se\/\/W_Daveart-tidningsklipp.jpg\" alt=\"\" width=\"700\" height=\"491\" srcset=\"https:\/\/media.vrigstadshembygdsforening.se\/W_Daveart-tidningsklipp.jpg 700w, https:\/\/media.vrigstadshembygdsforening.se\/W_Daveart-tidningsklipp-300x210.jpg 300w\" sizes=\"auto, (max-width: 700px) 100vw, 700px\" \/><\/a><figcaption id=\"caption-attachment-3690\" class=\"wp-caption-text\">Tidningsklipp ur Sm\u00e5lands-Tidningen fr\u00e5n 2014.<\/figcaption><\/figure>\n<figure id=\"attachment_3692\" aria-describedby=\"caption-attachment-3692\" style=\"width: 700px\" class=\"wp-caption alignnone\"><a href=\"https:\/\/media.vrigstadshembygdsforening.se\/\/W_Daveart-Teckning_2008.jpg\"><img loading=\"lazy\" decoding=\"async\" class=\"size-full wp-image-3692\" src=\"https:\/\/media.vrigstadshembygdsforening.se\/\/W_Daveart-Teckning_2008.jpg\" alt=\"\" width=\"700\" height=\"520\" srcset=\"https:\/\/media.vrigstadshembygdsforening.se\/W_Daveart-Teckning_2008.jpg 700w, https:\/\/media.vrigstadshembygdsforening.se\/W_Daveart-Teckning_2008-300x223.jpg 300w\" sizes=\"auto, (max-width: 700px) 100vw, 700px\" \/><\/a><figcaption id=\"caption-attachment-3692\" class=\"wp-caption-text\">David tecknade bl.a. \u00e5t lokaltidningen 2008.<\/figcaption><\/figure>\n<p><a href=\"https:\/\/media.vrigstadshembygdsforening.se\/\/W_Daveart.png\"><img loading=\"lazy\" decoding=\"async\" class=\"alignnone size-full wp-image-3693\" src=\"https:\/\/media.vrigstadshembygdsforening.se\/\/W_Daveart.png\" alt=\"\" width=\"700\" height=\"550\" srcset=\"https:\/\/media.vrigstadshembygdsforening.se\/W_Daveart.png 700w, https:\/\/media.vrigstadshembygdsforening.se\/W_Daveart-300x236.png 300w\" sizes=\"auto, (max-width: 700px) 100vw, 700px\" \/><\/a><\/p>\n","protected":false},"excerpt":{"rendered":"<p>David Gunnarsson \u00e4r f\u00f6dd 1976 och redan som 16-\u00e5ring startade han sitt airbrushf\u00f6retag. David har tecknat och m\u00e5lat s\u00e5 l\u00e4nge<\/p>\n","protected":false},"author":1,"featured_media":0,"parent":0,"menu_order":0,"comment_status":"closed","ping_status":"closed","template":"","meta":{"footnotes":""},"class_list":["post-3689","page","type-page","status-publish","hentry"],"_links":{"self":[{"href":"https:\/\/vrigstadshembygdsforening.se\/index.php?rest_route=\/wp\/v2\/pages\/3689","targetHints":{"allow":["GET"]}}],"collection":[{"href":"https:\/\/vrigstadshembygdsforening.se\/index.php?rest_route=\/wp\/v2\/pages"}],"about":[{"href":"https:\/\/vrigstadshembygdsforening.se\/index.php?rest_route=\/wp\/v2\/types\/page"}],"author":[{"embeddable":true,"href":"https:\/\/vrigstadshembygdsforening.se\/index.php?rest_route=\/wp\/v2\/users\/1"}],"replies":[{"embeddable":true,"href":"https:\/\/vrigstadshembygdsforening.se\/index.php?rest_route=%2Fwp%2Fv2%2Fcomments&post=3689"}],"version-history":[{"count":1,"href":"https:\/\/vrigstadshembygdsforening.se\/index.php?rest_route=\/wp\/v2\/pages\/3689\/revisions"}],"predecessor-version":[{"id":3694,"href":"https:\/\/vrigstadshembygdsforening.se\/index.php?rest_route=\/wp\/v2\/pages\/3689\/revisions\/3694"}],"wp:attachment":[{"href":"https:\/\/vrigstadshembygdsforening.se\/index.php?rest_route=%2Fwp%2Fv2%2Fmedia&parent=3689"}],"curies":[{"name":"wp","href":"https:\/\/api.w.org\/{rel}","templated":true}]}}