{"id":3678,"date":"2019-02-20T21:52:54","date_gmt":"2019-02-20T21:52:54","guid":{"rendered":"http:\/\/vrigstadshembygdsforening.se\/?page_id=3678"},"modified":"2023-12-14T16:24:31","modified_gmt":"2023-12-14T16:24:31","slug":"biskopsbo-vardhem-2","status":"publish","type":"page","link":"https:\/\/vrigstadshembygdsforening.se\/?page_id=3678","title":{"rendered":"Biskopsbo v\u00e5rdhem"},"content":{"rendered":"<p dir=\"LTR\" style=\"text-align: left;\" align=\"JUSTIFY\">Biskopsbo har anor som biskopsg\u00e5rd under Link\u00f6pings stift sedan 1100-talet. Biskop Gisle som n\u00e4mns i samband med Biskopsbo medverkade till att Nydala kloster fick mark och grundades 1143. Troligen skedde en indragning av egendomen fr\u00e5n kyrkan till staten under 1600-talet.<\/p>\n<p dir=\"LTR\" style=\"text-align: left;\" align=\"JUSTIFY\">1695 inf\u00f6rdes indelningsverket p\u00e5 Sm\u00e5lands kavalleriregemente i Eksj\u00f6. En major fick bost\u00e4llet Biskopsbo och den nuvarande huvudbyggnaden uppf\u00f6rdes 1743\u20131745. Till huvudbyggnaden h\u00f6rde tv\u00e5 flygelbyggnader.<\/p>\n<p dir=\"LTR\" style=\"text-align: left;\" align=\"JUSTIFY\">Fredrik Runstedt arrenderade g\u00e5rden\/jorden fr\u00e5n b\u00f6rjan av 1870-talet f\u00f6r att f\u00e5 tillg\u00e5ng till Boskvarn med fallet och skog f\u00f6r br\u00e4nsle till \u00e5ngpannan i f\u00e4rgeriet.<\/p>\n<p dir=\"LTR\" style=\"text-align: left;\" align=\"JUSTIFY\">Han hade r\u00e4ttare som sk\u00f6tte jordbruket. Efter Runstedts d\u00f6d \u00f6vertogs arrendet av dottern Fredrique. 1904 till 1915 var Oskar Karlstr\u00f6m arrendator och 1916 till 1919 var Nils Olsson Sj\u00f6stedt arrendator.<\/p>\n<p dir=\"LTR\" style=\"text-align: left;\" align=\"JUSTIFY\">Indelningsverket upph\u00f6rde 1901 och \u00e4garen till Biskopsbo, svenska staten, s\u00e5g sig om efter nya<br \/>\nhyresg\u00e4ster i husen. 1915 kom Maria Pettersson som arbetat p\u00e5 Slagsta, en s.k. uppfostringsanstalt f\u00f6r sinnessl\u00f6a, till Biskopsbo.<\/p>\n<p dir=\"LTR\" style=\"text-align: left;\" align=\"JUSTIFY\">I b\u00f6rjan av 1920-talet k\u00f6pte fr\u00f6ken Pettersson, som hon allm\u00e4nt kallades, byggnaderna och cirka 100 ha av den ursprungliga egendomen. I dag \u00e4gs huvudparten av den gamla egendomen Biskopsbo av Sveaskog.<\/p>\n<p dir=\"LTR\" style=\"text-align: left;\" align=\"JUSTIFY\">1927 l\u00e4t Maria Pettersson bygga en paviljong, som \u00e4nnu finns nere i tr\u00e4dg\u00e5rden. Paviljongen<br \/>\nanv\u00e4ndes som uppeh\u00e5llsplats under sommartid. D\u00e4r serverades mat och d\u00e4r fanns toaletter. Framf\u00f6r byggnaden fanns tv\u00e5 rastg\u00e5rdar. En f\u00f6r pojkar och en f\u00f6r flickor. Man hade inte skor p\u00e5 f\u00f6tterna \u2013 det var lyx. N\u00e4r det var dags att g\u00e5 tillbaka fick man tv\u00e4tta f\u00f6tterna i en zinkbalja som stod vid trappan. Sedan skulle man torka sig med en s\u00e4ckhandduk. Under n\u00e5gra \u00e5r hade huset en annan funktion \u2013 ett sommarcaf\u00e9 som gavs namnet Biskoppen.<\/p>\n<p dir=\"LTR\" style=\"text-align: left;\" align=\"JUSTIFY\">1933 tillkom Biskopsbo arbetshem. H\u00e4r bodde endast utvecklingsst\u00f6rda m\u00e4n, som inte kunde klara sig p\u00e5 egen hand i samh\u00e4llet men som \u00e4nd\u00e5 kunde utf\u00f6ra en del arbetsuppgifter. N\u00e5gra som blev k\u00e4nda i samh\u00e4llet var Adolf Svensson, Sven Ragnar och Arvid Johansson.<\/p>\n<p dir=\"LTR\" style=\"text-align: left;\" align=\"JUSTIFY\">1944 kom nya \u00e4gare \u2013 Brita och Gunnar Axelson. De hade varit verksamma p\u00e5 skolhemmet Furuhagen i Br\u00e4cke i J\u00e4mtland. I samband med \u00e4garskiftet avstyckades huvudbyggnaden och ett omgivande markomr\u00e5de. Biskopsbo g\u00e5rd beh\u00f6ll Maria Pettersson ytterligare n\u00e5gra \u00e5r men s\u00e5lde den sedan till Hjalmar Johansson, farfar till nuvarande \u00e4garen G\u00f6ran Hjalmarsson.<\/p>\n<p dir=\"LTR\" style=\"text-align: left;\" align=\"JUSTIFY\">1956 byggdes en personalbostad p\u00e5 h\u00f6ger sida l\u00e4ngs uppfarten. Sex enkelrum och en trerumsl\u00e4genhet. P\u00e5 ett gammalt foto kan man se att d\u00e4r tidigare var stora gr\u00f6nsaksodlingar. I k\u00e4llarplan p\u00e5 den d\u00e5 moderna personalbostaden etablerades terapiverksamhet. Dagny Jacobsson fr\u00e5n Kvarnag\u00e5rden svarade f\u00f6r v\u00e4vsalen och Ally Hellkert f\u00f6r den enklare syssels\u00e4ttningsterapin.<\/p>\n<p dir=\"LTR\" style=\"text-align: left;\" align=\"JUSTIFY\">1971 upph\u00f6rde arbetshemmet som begrepp. 1972 s\u00e5ldes Biskopsbo v\u00e5rdhem till Bertil och Karin Zettergren, som kom fr\u00e5n G\u00f6teborg.<\/p>\n<p dir=\"LTR\" style=\"text-align: left;\" align=\"JUSTIFY\">1979 invigdes ett nybyggt dagcenter. 1981 flyttade en grupp p\u00e5 fyra personer in i det nyf\u00f6rv\u00e4rvade inackorderingshemmet p\u00e5 S\u00e4vsj\u00f6v\u00e4gen 20, det som i dagligt tal kallades Kullen. Det var ett vanligt<br \/>\nenfamiljshus d\u00e4r var och en av de boende fick eget rum men delade p\u00e5 resten av huset. 1984 togs ytterligare ett inackorderingshem i bruk p\u00e5 V\u00e4xj\u00f6v\u00e4gen.<\/p>\n<p dir=\"LTR\" style=\"text-align: left;\" align=\"JUSTIFY\">1992 stod en nybyggd gruppbostad klar p\u00e5 Marknadsgatan 2. Gruppbostaden bestod av fyra fullv\u00e4rdiga l\u00e4genheter med en gemensam del f\u00f6r dem som bodde och arbetade d\u00e4r.<\/p>\n<p dir=\"LTR\" style=\"text-align: left;\" align=\"JUSTIFY\">1993 hade huvudbyggnadens underv\u00e5ning f\u00f6rvandlats till en modern gruppbostad f\u00f6r fyra<br \/>\nboende. Under n\u00e5gra \u00e5r fanns allts\u00e5 b\u00e5de v\u00e5rdhem och gruppbostad p\u00e5 Biskopsbo<\/p>\n<p dir=\"LTR\" style=\"text-align: left;\" align=\"JUSTIFY\">I samma takt som v\u00e5rdhemmet krympte frigjordes ytor i husen som kunde anv\u00e4ndas till n\u00e5got<br \/>\nannat. D\u00e5 kom tanken p\u00e5 den omv\u00e4nda integreringen. Personer med utvecklingsst\u00f6rning skulle integreras i samh\u00e4llet och h\u00e4r skulle man f\u00f6rs\u00f6ka g\u00f6ra det omv\u00e4nda \u2013 integrera samh\u00e4llet i v\u00e5rdhemmet. L\u00e4genheter byggdes om till vanliga hyresl\u00e4genheter och f\u00f6rs\u00f6ket blev lyckat.<\/p>\n<p dir=\"LTR\" style=\"text-align: left;\" align=\"JUSTIFY\">1995 upph\u00f6rde Biskopsbo v\u00e5rdhem. D\u00e4rmed var en 80-\u00e5rig epok slut. \u00c5ret efter avvecklades \u00e4ven gruppbostaden p\u00e5 V\u00e4xj\u00f6v\u00e4gen. \u00c5r 2000 \u00f6vertog S\u00e4vsj\u00f6 kommun driften av gruppbost\u00e4derna och samtidigt upph\u00f6rde dagcenterverksamheten.<\/p>\n<p dir=\"LTR\" style=\"text-align: left;\" align=\"JUSTIFY\">Den 1 december 2004 k\u00f6pte Anders Sandin fastigheten av Bertil Zettergren. Fastigheten omfattade cirka 20 000 m<sup><span style=\"font-size: small;\">2<\/span><\/sup> tomtmark med sju olika byggnader och cirka 1 700 m<sup><span style=\"font-size: small;\">2<\/span><\/sup> uppv\u00e4rmd yta.<\/p>\n<p dir=\"LTR\" style=\"text-align: left;\" align=\"JUSTIFY\">Bertil Zettergren hade p\u00e5b\u00f6rjat en ombyggnation av lokalerna till hyresl\u00e4genheter vilket Anders fortsatte med. Han byggde dessutom om och till\u00a0ytterligare sex nya l\u00e4genheter.<\/p>\n<p dir=\"LTR\" style=\"text-align: left;\" align=\"JUSTIFY\">Vid \u00e4garskiftet 2004 v\u00e4rmdes lokalerna upp enbart med olja, totalt cirka 25 m<sup><span style=\"font-size: small;\">3<\/span><\/sup>\/\u00e5r. Anders gjorde direkt en investering med att konvertera uppv\u00e4rmningen till bergv\u00e4rme och det borrades sex djupa h\u00e5l \u00e1 cirka 140 meter till tre olika\u00a0v\u00e4rmepumpar. Dessa ersatte oljeuppv\u00e4rmningen.<\/p>\n<p dir=\"LTR\" style=\"text-align: left;\" align=\"JUSTIFY\">Det var aldrig n\u00e5gon vakans i de 16 olika l\u00e4genheter som nu fanns i Biskopsbo AB under den tid Anders \u00e4gde fastigheten.<\/p>\n<p dir=\"LTR\" style=\"text-align: left;\" align=\"JUSTIFY\">Lokalerna, d\u00e4r det p\u00e5 v\u00e5rdhemmets tid fanns ett dagcenter, hyrdes ut till olika f\u00f6retag. H\u00e4r hyrde t.ex. AG Touring, Nagelfr\u00f6jd (med en\u00a0nagelsalong), ett massagef\u00f6retag och \u00e4ven en<br \/>\ntatueringsstudio (som snabbt blev popul\u00e4r och lokalen blev f\u00f6r liten och de flyttade vidare till S\u00e4vsj\u00f6). H\u00e4r fanns \u00e4ven ett drop-in solarium med fyra sols\u00e4ngar.<\/p>\n<p dir=\"LTR\" style=\"text-align: left;\" align=\"JUSTIFY\">Imre Schnierer k\u00f6pte fastigheten av Anders Sandin den 12 januari 2012 och sommaren 2014 s\u00e5lde han den vidare till Bj\u00f6rn Engberg, Bor\u00e5s.<\/p>\n<p dir=\"LTR\" align=\"JUSTIFY\"><a href=\"https:\/\/vrigstadshembygdsforening.se\/?page_id=5773\" target=\"_blank\" rel=\"noopener\">F\u00f6rteckning \u00f6ver innehavare av Biskopsbo<\/a>.<\/p>\n<p dir=\"LTR\" align=\"JUSTIFY\"><strong>Boendestatistik p\u00e5 v\u00e5rdhemmet<\/strong><br \/>\n<a href=\"https:\/\/media.vrigstadshembygdsforening.se\/\/Boendestatistik_Biskopsbo.jpg\"><img loading=\"lazy\" decoding=\"async\" class=\"alignnone size-full wp-image-5771\" src=\"https:\/\/media.vrigstadshembygdsforening.se\/\/Boendestatistik_Biskopsbo.jpg\" alt=\"\" width=\"800\" height=\"552\" srcset=\"https:\/\/media.vrigstadshembygdsforening.se\/Boendestatistik_Biskopsbo.jpg 800w, https:\/\/media.vrigstadshembygdsforening.se\/Boendestatistik_Biskopsbo-300x207.jpg 300w, https:\/\/media.vrigstadshembygdsforening.se\/Boendestatistik_Biskopsbo-768x530.jpg 768w, https:\/\/media.vrigstadshembygdsforening.se\/Boendestatistik_Biskopsbo-130x90.jpg 130w\" sizes=\"auto, (max-width: 800px) 100vw, 800px\" \/><\/a><\/p>\n<figure id=\"attachment_3681\" aria-describedby=\"caption-attachment-3681\" style=\"width: 700px\" class=\"wp-caption alignnone\"><a href=\"https:\/\/media.vrigstadshembygdsforening.se\/\/W_1979.608.png\"><img loading=\"lazy\" decoding=\"async\" class=\"size-full wp-image-3681\" src=\"https:\/\/media.vrigstadshembygdsforening.se\/\/W_1979.608.png\" alt=\"\" width=\"700\" height=\"335\" srcset=\"https:\/\/media.vrigstadshembygdsforening.se\/W_1979.608.png 700w, https:\/\/media.vrigstadshembygdsforening.se\/W_1979.608-300x144.png 300w\" sizes=\"auto, (max-width: 700px) 100vw, 700px\" \/><\/a><figcaption id=\"caption-attachment-3681\" class=\"wp-caption-text\">1915 hyrde Maria Pettersson Biskopsbo.<\/figcaption><\/figure>\n<figure id=\"attachment_3683\" aria-describedby=\"caption-attachment-3683\" style=\"width: 700px\" class=\"wp-caption alignnone\"><a href=\"https:\/\/media.vrigstadshembygdsforening.se\/\/W_1994.054.png\"><img loading=\"lazy\" decoding=\"async\" class=\"size-full wp-image-3683\" src=\"https:\/\/media.vrigstadshembygdsforening.se\/\/W_1994.054.png\" alt=\"\" width=\"700\" height=\"446\" srcset=\"https:\/\/media.vrigstadshembygdsforening.se\/W_1994.054.png 700w, https:\/\/media.vrigstadshembygdsforening.se\/W_1994.054-300x191.png 300w\" sizes=\"auto, (max-width: 700px) 100vw, 700px\" \/><\/a><figcaption id=\"caption-attachment-3683\" class=\"wp-caption-text\">Personal och patienter p\u00e5 Biskopsbo 1916.<\/figcaption><\/figure>\n<p><a href=\"https:\/\/media.vrigstadshembygdsforening.se\/\/W_1979.360.png\"><img loading=\"lazy\" decoding=\"async\" class=\"alignnone size-full wp-image-3680\" src=\"https:\/\/media.vrigstadshembygdsforening.se\/\/W_1979.360.png\" alt=\"\" width=\"700\" height=\"380\" srcset=\"https:\/\/media.vrigstadshembygdsforening.se\/W_1979.360.png 700w, https:\/\/media.vrigstadshembygdsforening.se\/W_1979.360-300x163.png 300w\" sizes=\"auto, (max-width: 700px) 100vw, 700px\" \/><\/a><\/p>\n<figure id=\"attachment_3682\" aria-describedby=\"caption-attachment-3682\" style=\"width: 700px\" class=\"wp-caption alignnone\"><a href=\"https:\/\/media.vrigstadshembygdsforening.se\/\/W_1983.1082.png\"><img loading=\"lazy\" decoding=\"async\" class=\"size-full wp-image-3682\" src=\"https:\/\/media.vrigstadshembygdsforening.se\/\/W_1983.1082.png\" alt=\"\" width=\"700\" height=\"472\" srcset=\"https:\/\/media.vrigstadshembygdsforening.se\/W_1983.1082.png 700w, https:\/\/media.vrigstadshembygdsforening.se\/W_1983.1082-300x202.png 300w\" sizes=\"auto, (max-width: 700px) 100vw, 700px\" \/><\/a><figcaption id=\"caption-attachment-3682\" class=\"wp-caption-text\">En brand\u00f6vning p\u00e5 Biskopsbo 1983. Fr.v. Inger Mallander, G\u00f6ran Titus, Karin Bodef\u00e4lt, Helena Yngvesson, Lisbeth Andersson, Margareta Pettersson, Rose-Marie Bertilsson, Gunborg Mallander, Lilly B\u00e4ckstr\u00f6m, Astrid Eriksson, Ulla Karlsson, Ingeborg Rydell, Ulla Hjalmarsson och Barbro Magnusson.<\/figcaption><\/figure>\n","protected":false},"excerpt":{"rendered":"<p>Biskopsbo har anor som biskopsg\u00e5rd under Link\u00f6pings stift sedan 1100-talet. Biskop Gisle som n\u00e4mns i samband med Biskopsbo medverkade till<\/p>\n","protected":false},"author":1,"featured_media":0,"parent":0,"menu_order":0,"comment_status":"closed","ping_status":"closed","template":"","meta":{"footnotes":""},"class_list":["post-3678","page","type-page","status-publish","hentry"],"_links":{"self":[{"href":"https:\/\/vrigstadshembygdsforening.se\/index.php?rest_route=\/wp\/v2\/pages\/3678","targetHints":{"allow":["GET"]}}],"collection":[{"href":"https:\/\/vrigstadshembygdsforening.se\/index.php?rest_route=\/wp\/v2\/pages"}],"about":[{"href":"https:\/\/vrigstadshembygdsforening.se\/index.php?rest_route=\/wp\/v2\/types\/page"}],"author":[{"embeddable":true,"href":"https:\/\/vrigstadshembygdsforening.se\/index.php?rest_route=\/wp\/v2\/users\/1"}],"replies":[{"embeddable":true,"href":"https:\/\/vrigstadshembygdsforening.se\/index.php?rest_route=%2Fwp%2Fv2%2Fcomments&post=3678"}],"version-history":[{"count":4,"href":"https:\/\/vrigstadshembygdsforening.se\/index.php?rest_route=\/wp\/v2\/pages\/3678\/revisions"}],"predecessor-version":[{"id":6752,"href":"https:\/\/vrigstadshembygdsforening.se\/index.php?rest_route=\/wp\/v2\/pages\/3678\/revisions\/6752"}],"wp:attachment":[{"href":"https:\/\/vrigstadshembygdsforening.se\/index.php?rest_route=%2Fwp%2Fv2%2Fmedia&parent=3678"}],"curies":[{"name":"wp","href":"https:\/\/api.w.org\/{rel}","templated":true}]}}