{"id":367,"date":"2015-07-15T21:01:50","date_gmt":"2015-07-15T21:01:50","guid":{"rendered":"http:\/\/vrigstadshembygdsforening.se\/?page_id=367"},"modified":"2020-08-18T15:11:25","modified_gmt":"2020-08-18T15:11:25","slug":"handelser-i-vrigstad","status":"publish","type":"page","link":"https:\/\/vrigstadshembygdsforening.se\/?page_id=367","title":{"rendered":"H\u00e4ndelser i Vrigstad"},"content":{"rendered":"<p>H\u00e4ndelser i Vrigstad. I en separat <a href=\"https:\/\/vrigstadshembygdsforening.se\/PDF\/Ar.pdf\" target=\"_blank\" rel=\"noopener noreferrer\"><span style=\"color: #0000ff;\">PDF-fil<\/span> <\/a>har vi f\u00f6rs\u00f6kt att samla n\u00e5gra tidsbest\u00e4mda h\u00e4ndelser i Vrigstads historia.<\/p>\n<p><a href=\"https:\/\/vrigstadshembygdsforening.se\/?page_id=382\">Korta fakta om Vrigstad under 1800-talet <\/a>&#8211; fakta h\u00e4mtade ur sockenprotokoll.<\/p>\n<p><a href=\"https:\/\/vrigstadshembygdsforening.se\/?page_id=373\">Kung Gustaf VI Adolfs Eriksgata genom Vrigstad 1954<\/a><\/p>\n<p><a href=\"https:\/\/vrigstadshembygdsforening.se\/?page_id=378\">Ur Eksj\u00f6tidningen om Vrigstad \u00e5r 1900<\/a><\/p>\n","protected":false},"excerpt":{"rendered":"<p>H\u00e4ndelser i Vrigstad. I en separat PDF-fil har vi f\u00f6rs\u00f6kt att samla n\u00e5gra tidsbest\u00e4mda h\u00e4ndelser i Vrigstads historia. Korta fakta<\/p>\n","protected":false},"author":1,"featured_media":0,"parent":0,"menu_order":0,"comment_status":"closed","ping_status":"open","template":"","meta":{"footnotes":""},"class_list":["post-367","page","type-page","status-publish","hentry"],"_links":{"self":[{"href":"https:\/\/vrigstadshembygdsforening.se\/index.php?rest_route=\/wp\/v2\/pages\/367","targetHints":{"allow":["GET"]}}],"collection":[{"href":"https:\/\/vrigstadshembygdsforening.se\/index.php?rest_route=\/wp\/v2\/pages"}],"about":[{"href":"https:\/\/vrigstadshembygdsforening.se\/index.php?rest_route=\/wp\/v2\/types\/page"}],"author":[{"embeddable":true,"href":"https:\/\/vrigstadshembygdsforening.se\/index.php?rest_route=\/wp\/v2\/users\/1"}],"replies":[{"embeddable":true,"href":"https:\/\/vrigstadshembygdsforening.se\/index.php?rest_route=%2Fwp%2Fv2%2Fcomments&post=367"}],"version-history":[{"count":7,"href":"https:\/\/vrigstadshembygdsforening.se\/index.php?rest_route=\/wp\/v2\/pages\/367\/revisions"}],"predecessor-version":[{"id":4242,"href":"https:\/\/vrigstadshembygdsforening.se\/index.php?rest_route=\/wp\/v2\/pages\/367\/revisions\/4242"}],"wp:attachment":[{"href":"https:\/\/vrigstadshembygdsforening.se\/index.php?rest_route=%2Fwp%2Fv2%2Fmedia&parent=367"}],"curies":[{"name":"wp","href":"https:\/\/api.w.org\/{rel}","templated":true}]}}