{"id":3657,"date":"2019-02-20T20:58:30","date_gmt":"2019-02-20T20:58:30","guid":{"rendered":"http:\/\/vrigstadshembygdsforening.se\/?page_id=3657"},"modified":"2019-02-20T20:58:30","modified_gmt":"2019-02-20T20:58:30","slug":"fotograf-gustaf-karlsson-siegert","status":"publish","type":"page","link":"https:\/\/vrigstadshembygdsforening.se\/?page_id=3657","title":{"rendered":"Fotograf Gustaf Karlsson-Siegert"},"content":{"rendered":"<p dir=\"LTR\" style=\"text-align: left;\" align=\"JUSTIFY\">Gustaf Karlsson f\u00f6ddes 1884 i fastigheten H\u00e4ggelund, under Lundby V\u00e4sterg\u00e5rd.<\/p>\n<p dir=\"LTR\" style=\"text-align: left;\" align=\"JUSTIFY\">F\u00f6r\u00e4ldrarna var skomakaren Karl Wiss och hans hustru Anna. Gustaf hade &#8221;tummen mitt i n\u00e4ven&#8221; tyckte fadern och kunde d\u00e4rf\u00f6r inte utf\u00f6ra n\u00e5got nyttigt arbete.<\/p>\n<p dir=\"LTR\" style=\"text-align: left;\" align=\"JUSTIFY\">Men Gustaf hade andra beg\u00e5vningar och var lite konstn\u00e4rligt lagd. Hans intresse f\u00f6r fotograferingskonsten vaknade tidigt. Detta kostade bara pengar, tyckte fadern, och det s\u00e5gs inte med blida \u00f6gon av fadern skomakaren.<\/p>\n<p dir=\"LTR\" style=\"text-align: left;\" align=\"JUSTIFY\">Bland sina ungdomskamrater gick Gustaf\u00a0under namnet &#8221;Foto&#8221;.<\/p>\n<p dir=\"LTR\" style=\"text-align: left;\" align=\"JUSTIFY\">N\u00e4r Gustaf var 20 \u00e5r fick han anst\u00e4llning som bitr\u00e4de i en fotoatelj\u00e9 i J\u00f6nk\u00f6ping. H\u00e4r stannade han till 1911 d\u00e5 han fick arbete i en fotoatelj\u00e9 i G\u00f6teborg. \u00c5r 1915 blev han bitr\u00e4de och assistent hos fotografen Axel Kaudern i Stockholm. Under Stockholmstiden antog han efternamnet Siegert.<\/p>\n<p dir=\"LTR\" style=\"text-align: left;\" align=\"JUSTIFY\">1922 studerade han fotografering i Danmark och Tyskland p\u00e5 ett stipendium fr\u00e5n Kungliga Kommerskollegium.<\/p>\n<p dir=\"LTR\" style=\"text-align: left;\" align=\"JUSTIFY\">1923 till 1929 hade han egen atelj\u00e9 i Stockholm. 1929 flyttar han till V\u00e4ster\u00e5s och \u00f6vertar Ernst Bloms fotoatelj\u00e9. Denna drev han till 1931 d\u00e5 han fick anst\u00e4llning som fotograf vid 1:a Flygk\u00e5ren i V\u00e4ster\u00e5s, som 1936 blev Kungliga V\u00e4stmanlands Flygflottilj. Hans huvuduppgift h\u00e4r blev att utbilda underofficerarna i fotografering med<br \/>\nde speciella kameror, som anv\u00e4ndes i bombplanen. H\u00e4r stannade han till sin pensionering 1945.<\/p>\n<p dir=\"LTR\" style=\"text-align: left;\" align=\"JUSTIFY\">I Vrigstad verkade han som sj\u00e4lvl\u00e4rd fotograf omkring sekelskiftet fram till sin anst\u00e4llning i J\u00f6nk\u00f6ping 1904. Mellan de olika anst\u00e4llningarna vistades han hemma och tog d\u00e5 fotouppdrag.<\/p>\n<p dir=\"LTR\" style=\"text-align: left;\" align=\"JUSTIFY\">N\u00e5gon atelj\u00e9 i Vrigstad hade han inte utan fotograferingen skedd till st\u00f6rsta delen i samband med olika festligheter. I Vrigstads Hembygdsf\u00f6renings bildarkiv finns n\u00e5gra av hans vrigstadbilder.<\/p>\n<p dir=\"LTR\" style=\"text-align: left;\" align=\"JUSTIFY\">Av de fotografer som verkat i Vrigstad f\u00e5r man nog anse att Gustaf Siegert var den mest v\u00e4lutbildade.<\/p>\n<p dir=\"LTR\" style=\"text-align: left;\" align=\"JUSTIFY\">Gustaf Siegert avled i Stockholm 1964. Strax f\u00f6re sin bortg\u00e5ng &#8221;rensade&#8221; Gustaf bland sina bilder d\u00e5 han inte trodde de skulle komma till n\u00e5gon anv\u00e4ndning. N\u00e5gra vrigstadbilder skickade han 1963 till vrigstadf\u00f6dde borgm\u00e4staren i Sigtuna, Gustaf Dahl. De var v\u00e4nner sedan uppv\u00e4xten i Vrigstad.<\/p>\n<figure id=\"attachment_3658\" aria-describedby=\"caption-attachment-3658\" style=\"width: 500px\" class=\"wp-caption alignnone\"><a href=\"https:\/\/media.vrigstadshembygdsforening.se\/\/W_1979.303.png\"><img loading=\"lazy\" decoding=\"async\" class=\"size-full wp-image-3658\" src=\"https:\/\/media.vrigstadshembygdsforening.se\/\/W_1979.303.png\" alt=\"\" width=\"500\" height=\"534\" srcset=\"https:\/\/media.vrigstadshembygdsforening.se\/W_1979.303.png 500w, https:\/\/media.vrigstadshembygdsforening.se\/W_1979.303-281x300.png 281w\" sizes=\"auto, (max-width: 500px) 100vw, 500px\" \/><\/a><figcaption id=\"caption-attachment-3658\" class=\"wp-caption-text\">Fotografen Gustaf Karlsson-Siegert, kallad \u201dFoto\u201d, fotograferade en del i Vrigstad i b\u00f6rjan av seklet. Han hade l\u00e4rt fotografins grunder av Bjelke. Gustaf var son till skomakare Gustavsson i Lundby. Foto fr\u00e5n cirka 1910.<\/figcaption><\/figure>\n","protected":false},"excerpt":{"rendered":"<p>Gustaf Karlsson f\u00f6ddes 1884 i fastigheten H\u00e4ggelund, under Lundby V\u00e4sterg\u00e5rd. F\u00f6r\u00e4ldrarna var skomakaren Karl Wiss och hans hustru Anna. Gustaf<\/p>\n","protected":false},"author":1,"featured_media":0,"parent":0,"menu_order":0,"comment_status":"closed","ping_status":"closed","template":"","meta":{"footnotes":""},"class_list":["post-3657","page","type-page","status-publish","hentry"],"_links":{"self":[{"href":"https:\/\/vrigstadshembygdsforening.se\/index.php?rest_route=\/wp\/v2\/pages\/3657","targetHints":{"allow":["GET"]}}],"collection":[{"href":"https:\/\/vrigstadshembygdsforening.se\/index.php?rest_route=\/wp\/v2\/pages"}],"about":[{"href":"https:\/\/vrigstadshembygdsforening.se\/index.php?rest_route=\/wp\/v2\/types\/page"}],"author":[{"embeddable":true,"href":"https:\/\/vrigstadshembygdsforening.se\/index.php?rest_route=\/wp\/v2\/users\/1"}],"replies":[{"embeddable":true,"href":"https:\/\/vrigstadshembygdsforening.se\/index.php?rest_route=%2Fwp%2Fv2%2Fcomments&post=3657"}],"version-history":[{"count":1,"href":"https:\/\/vrigstadshembygdsforening.se\/index.php?rest_route=\/wp\/v2\/pages\/3657\/revisions"}],"predecessor-version":[{"id":3659,"href":"https:\/\/vrigstadshembygdsforening.se\/index.php?rest_route=\/wp\/v2\/pages\/3657\/revisions\/3659"}],"wp:attachment":[{"href":"https:\/\/vrigstadshembygdsforening.se\/index.php?rest_route=%2Fwp%2Fv2%2Fmedia&parent=3657"}],"curies":[{"name":"wp","href":"https:\/\/api.w.org\/{rel}","templated":true}]}}