{"id":3654,"date":"2019-02-20T20:56:20","date_gmt":"2019-02-20T20:56:20","guid":{"rendered":"http:\/\/vrigstadshembygdsforening.se\/?page_id=3654"},"modified":"2019-02-20T20:56:20","modified_gmt":"2019-02-20T20:56:20","slug":"fotografen-carl-kallstrom","status":"publish","type":"page","link":"https:\/\/vrigstadshembygdsforening.se\/?page_id=3654","title":{"rendered":"Fotografen Carl K\u00e4llstr\u00f6m"},"content":{"rendered":"<p dir=\"LTR\" style=\"text-align: left;\" align=\"JUSTIFY\">Carl K\u00e4llstr\u00f6m f\u00f6ddes 1891 i Vrigstad i fastigheten Berget, under Vrigstad M\u00e5nsag\u00e5rd.<\/p>\n<p dir=\"LTR\" style=\"text-align: left;\" align=\"JUSTIFY\">F\u00f6r\u00e4ldrar var m\u00f6belsnickaren Adrian\u00a0K\u00e4llstr\u00f6m och hans hustru Elisabet (Betty). Carl blev tidigt intresserad av fotografering och inr\u00e4ttade ett litet lab i ett uthus p\u00e5 g\u00e5rden, d\u00e4r han kunde framkalla och kopiera sina bilder.<\/p>\n<p dir=\"LTR\" style=\"text-align: left;\" align=\"JUSTIFY\">Fr\u00e5n 1912 blev fotograferandet hans levebr\u00f6d. Det blev en fin &#8221;\u00f6verlappning&#8221; d\u00e5 fotografen<br \/>\nBjelke slutade 1913. Carl anlitades till diverse typer av fotograferande. Mest blev det att f\u00f6reviga br\u00f6llop och \u00f6vriga festligheter. Men han\u00a0dokumenterade \u00e4ven marknaden i bild och andra h\u00e4ndelser i samh\u00e4llet.<\/p>\n<p dir=\"LTR\" style=\"text-align: left;\" align=\"JUSTIFY\">N\u00e5gon atelj\u00e9 i r\u00e4tt bem\u00e4rkelse hade han inte i Vrigstad.<\/p>\n<p dir=\"LTR\" style=\"text-align: left;\" align=\"JUSTIFY\">1921 flyttade han till S\u00e4vsj\u00f6 d\u00e4r han \u00f6ppnade atelj\u00e9 och fotoaff\u00e4r, som senare \u00f6vertogs och drevs vidare av dottern Inga. Carl bodde i S\u00e4vsj\u00f6 vid sin bortg\u00e5ng 1960.<\/p>\n<figure id=\"attachment_3655\" aria-describedby=\"caption-attachment-3655\" style=\"width: 500px\" class=\"wp-caption alignnone\"><a href=\"https:\/\/media.vrigstadshembygdsforening.se\/\/W_1979.250.png\"><img loading=\"lazy\" decoding=\"async\" class=\"size-full wp-image-3655\" src=\"https:\/\/media.vrigstadshembygdsforening.se\/\/W_1979.250.png\" alt=\"\" width=\"500\" height=\"675\" srcset=\"https:\/\/media.vrigstadshembygdsforening.se\/W_1979.250.png 500w, https:\/\/media.vrigstadshembygdsforening.se\/W_1979.250-222x300.png 222w\" sizes=\"auto, (max-width: 500px) 100vw, 500px\" \/><\/a><figcaption id=\"caption-attachment-3655\" class=\"wp-caption-text\">Carl K\u00e4llstr\u00f6m p\u00e5 v\u00e4g till Fin\u00e9rs i Holkaryd p\u00e5 ett fotouppdrag, utrustad med sin f\u00f6rsta kamera.<br \/>Foto fr\u00e5n \u00e5r 1912.<\/figcaption><\/figure>\n<p>&nbsp;<\/p>\n","protected":false},"excerpt":{"rendered":"<p>Carl K\u00e4llstr\u00f6m f\u00f6ddes 1891 i Vrigstad i fastigheten Berget, under Vrigstad M\u00e5nsag\u00e5rd. F\u00f6r\u00e4ldrar var m\u00f6belsnickaren Adrian\u00a0K\u00e4llstr\u00f6m och hans hustru Elisabet<\/p>\n","protected":false},"author":1,"featured_media":0,"parent":0,"menu_order":0,"comment_status":"closed","ping_status":"closed","template":"","meta":{"footnotes":""},"class_list":["post-3654","page","type-page","status-publish","hentry"],"_links":{"self":[{"href":"https:\/\/vrigstadshembygdsforening.se\/index.php?rest_route=\/wp\/v2\/pages\/3654","targetHints":{"allow":["GET"]}}],"collection":[{"href":"https:\/\/vrigstadshembygdsforening.se\/index.php?rest_route=\/wp\/v2\/pages"}],"about":[{"href":"https:\/\/vrigstadshembygdsforening.se\/index.php?rest_route=\/wp\/v2\/types\/page"}],"author":[{"embeddable":true,"href":"https:\/\/vrigstadshembygdsforening.se\/index.php?rest_route=\/wp\/v2\/users\/1"}],"replies":[{"embeddable":true,"href":"https:\/\/vrigstadshembygdsforening.se\/index.php?rest_route=%2Fwp%2Fv2%2Fcomments&post=3654"}],"version-history":[{"count":1,"href":"https:\/\/vrigstadshembygdsforening.se\/index.php?rest_route=\/wp\/v2\/pages\/3654\/revisions"}],"predecessor-version":[{"id":3656,"href":"https:\/\/vrigstadshembygdsforening.se\/index.php?rest_route=\/wp\/v2\/pages\/3654\/revisions\/3656"}],"wp:attachment":[{"href":"https:\/\/vrigstadshembygdsforening.se\/index.php?rest_route=%2Fwp%2Fv2%2Fmedia&parent=3654"}],"curies":[{"name":"wp","href":"https:\/\/api.w.org\/{rel}","templated":true}]}}