{"id":3646,"date":"2019-02-20T20:50:01","date_gmt":"2019-02-20T20:50:01","guid":{"rendered":"http:\/\/vrigstadshembygdsforening.se\/?page_id=3646"},"modified":"2019-02-20T20:50:01","modified_gmt":"2019-02-20T20:50:01","slug":"jps-konsult-i-vrigstad-ab","status":"publish","type":"page","link":"https:\/\/vrigstadshembygdsforening.se\/?page_id=3646","title":{"rendered":"JPS-konsult i Vrigstad AB"},"content":{"rendered":"<p dir=\"LTR\" style=\"text-align: left;\" align=\"JUSTIFY\">Jan-Peter Svensson var anst\u00e4lld p\u00e5 Swed-Hus, men flyttade efter konkursen till Mj\u00f6b\u00e4ck 1985. H\u00e4r var han en tid anst\u00e4lld p\u00e5 Mj\u00f6b\u00e4cksvillan som ansvarig p\u00e5 ritkontoret. I oktober 1989 togs beslutet att starta egen konsultverksamhet &#8211; JPS-Konsult AB. F\u00f6retaget startades i Mj\u00f6b\u00e4ck, Svenljunga kommun av Jan-Peter och Anna Svensson.<\/p>\n<p dir=\"LTR\" style=\"text-align: left;\" align=\"JUSTIFY\">De f\u00f6rsta kunderna var Mj\u00f6b\u00e4cksvillan och det d\u00e5 nystartade Willa-Nordic. JPS-konsult fick uppdraget att ta fram byggsystem och ritningar f\u00f6r de f\u00f6rsta husen. P\u00e5 den tiden hade inte Willa-Nordic egen ritavdelning som de numera har.<\/p>\n<p dir=\"LTR\" style=\"text-align: left;\" align=\"JUSTIFY\">F\u00f6retaget fick flera intressanta uppdrag. N\u00e4mnas kan OS-byn i Lillehammer med ett 70-tal hotellrum och restaurang, som byggdes p\u00e5 tj\u00e4len, f\u00f6r att efter OS rivas. Husen finns nu i stora delar uppf\u00f6rda i Ryssland med helt prefabricerade badrumsmoduler.<\/p>\n<p dir=\"LTR\" style=\"text-align: left;\" align=\"JUSTIFY\">P\u00e5 90-talet projekterades en stor trev\u00e5ningsbyggnad till ett av Rysslands st\u00f6rsta flygbolag.<\/p>\n<p dir=\"LTR\" style=\"text-align: left;\" align=\"JUSTIFY\">Ett av de mer udda uppdragen var under flyktingkrisen p\u00e5 Balkan. Uppdraget fr\u00e5n Mj\u00f6b\u00e4cks entreprenad bestod i att ta fram billiga flyktingbaracker och ett mobilt k\u00f6k.<\/p>\n<p dir=\"LTR\" style=\"text-align: left;\" align=\"JUSTIFY\">Under \u00e5ren i Mj\u00f6b\u00e4ck k\u00e4mpade man f\u00f6r en egen skola p\u00e5 orten. G\u00f6ran Nerg\u00e5rden, tillika \u00e4gare av Mj\u00f6b\u00e4cks entreprenad, gav JPS-konsult uppdraget att rita en byskola med ekologisk byggteknik. Jan-Peter \u00e5tog sig \u00e4ven arbetsledningen av byggnationen.<\/p>\n<p dir=\"LTR\" style=\"text-align: left;\" align=\"JUSTIFY\">Efter 11 \u00e5r i Mj\u00f6b\u00e4ck \u00e5terv\u00e4nde familjen till f\u00f6r\u00e4ldrag\u00e5rden Boda g\u00e5rd i Vrigstad. Verksamheten bedrevs nu fr\u00e5n Boda i ett enkelt rum.<\/p>\n<p dir=\"LTR\" style=\"text-align: left;\" align=\"JUSTIFY\">Efter n\u00e5got \u00e5r anst\u00e4lldes Sven-G\u00f6ran Josefsson fr\u00e5n F\u00e4gerhult (Haboarp). Att anst\u00e4lla gav mersmak. Lagom till introduktionen vid sekelskiftet, att datorrita hus med cad-program, anst\u00e4lldes Peters sv\u00e5ger Martin Simonsson fr\u00e5n \u00d6cker\u00f6.<\/p>\n<p dir=\"LTR\" style=\"text-align: left;\" align=\"JUSTIFY\">Detta var ett v\u00e4lkommet ungt tillskott n\u00e4r datormilj\u00f6n skulle inf\u00f6ras \u00f6ver hela verksamheten.<\/p>\n<p dir=\"LTR\" style=\"text-align: left;\" align=\"JUSTIFY\">N\u00e4r f\u00f6retaget nu v\u00e4xte \u00e5r fr\u00e5n \u00e5r inhyrdes verksamheten i brandstationens andra v\u00e5ning, som d\u00e5 \u00e4gdes av Stefan Gr\u00f6nberg. Efter sekelskiftet anst\u00e4lldes Jan-Peters bror Thommy Palm.<\/p>\n<p dir=\"LTR\" style=\"text-align: left;\" align=\"JUSTIFY\">F\u00f6retaget fick mer kompletta uppdrag att l\u00e4gga upp och underh\u00e5lla byggsystem \u00e5t husf\u00f6retag som en egen del av f\u00f6retagets ritavdelning.<\/p>\n<p dir=\"LTR\" style=\"text-align: left;\" align=\"JUSTIFY\">Efter n\u00e5gra \u00e5r som hyresg\u00e4st k\u00f6pte JPS-konsult brandstationen. Jan-Peters brorson Andreas Svensson anst\u00e4lldes 2004 och Jan-Peters son Johannes Svensson b\u00f6rjade sin anst\u00e4llning 2006.<\/p>\n<p dir=\"LTR\" style=\"text-align: left;\" align=\"JUSTIFY\">En av f\u00f6retagets st\u00f6rsta satsningar gjordes 2002 n\u00e4r de tillsammans med G\u00f6ran Nerg\u00e5rden, \u00e4gare av Mj\u00f6b\u00e4cks entreprenad, med flera k\u00f6pte Dalacement i Bj\u00f6rbo-Dalarna. Dalacement var p\u00e5 obest\u00e5nd och beh\u00f6vde nya \u00e4gare med nya id\u00e9er. Jps-konsult med 40 % \u00e4garandel och de andra nya \u00e4garna introducerade ett nytt betongbj\u00e4lklag kallat Daladekk. Efter n\u00e5gra \u00e5r fick Jan-Peter \u00e5ta sig uppdraget som VD f\u00f6r bolaget. L\u00f6nsamheten var god, men efter tio \u00e5r som \u00e4gare och andra uppdrag tog man beslutet att s\u00e4lja Dalacement.<\/p>\n<p dir=\"LTR\" style=\"text-align: left;\" align=\"JUSTIFY\">Nu kunde JPS-konsult koncentrera sig p\u00e5 sin k\u00e4rnverksamhet &#8211; byggkonsultation. Dock har<br \/>\nf\u00f6retaget en heltidstj\u00e4nst med projektering \u00e5t Dalacement. De st\u00f6rsta kunderna har varit Borohus-V\u00e4stkuststugan och Dalacement samt n\u00e5gra i mindre omfattning: Willa-Nordic, R\u00f6rvikshus, S\u00e4vsj\u00f6-Tr\u00e4hus, Mockfj\u00e4rdshus m.fl.<\/p>\n<p dir=\"LTR\" style=\"text-align: left;\" align=\"JUSTIFY\">Den 22 oktober 2009 k\u00f6ptes det nuvarande kontoret p\u00e5 Marknadsgatan 2. F\u00f6retaget har nu sex<br \/>\nl\u00e4genheter f\u00f6r uthyrning samt en lokal \u00e5t en r\u00f6rfirma i brandstationen.<\/p>\n<p dir=\"LTR\" style=\"text-align: left;\" align=\"JUSTIFY\">Antalet anst\u00e4llda under 2015-2016 \u00e4r sex personer, \u00e4garen inr\u00e4knad. Beslut har tagits att sonen Johannes Svensson kommer att ta \u00f6ver verksamheten under \u00e5r 2016. Fadern och grundaren Jan-Peter Svensson kommer att finnas kvar som anst\u00e4lld.<\/p>\n<figure id=\"attachment_3648\" aria-describedby=\"caption-attachment-3648\" style=\"width: 500px\" class=\"wp-caption alignnone\"><a href=\"https:\/\/media.vrigstadshembygdsforening.se\/\/W_JPS1.jpg\"><img loading=\"lazy\" decoding=\"async\" class=\"size-full wp-image-3648\" src=\"https:\/\/media.vrigstadshembygdsforening.se\/\/W_JPS1.jpg\" alt=\"\" width=\"500\" height=\"433\" srcset=\"https:\/\/media.vrigstadshembygdsforening.se\/W_JPS1.jpg 500w, https:\/\/media.vrigstadshembygdsforening.se\/W_JPS1-300x260.jpg 300w\" sizes=\"auto, (max-width: 500px) 100vw, 500px\" \/><\/a><figcaption id=\"caption-attachment-3648\" class=\"wp-caption-text\">Jan-Peter och Johannes Svensson.<\/figcaption><\/figure>\n<figure id=\"attachment_3647\" aria-describedby=\"caption-attachment-3647\" style=\"width: 700px\" class=\"wp-caption alignnone\"><a href=\"https:\/\/media.vrigstadshembygdsforening.se\/\/W_JPS.jpg\"><img loading=\"lazy\" decoding=\"async\" class=\"size-full wp-image-3647\" src=\"https:\/\/media.vrigstadshembygdsforening.se\/\/W_JPS.jpg\" alt=\"\" width=\"700\" height=\"407\" srcset=\"https:\/\/media.vrigstadshembygdsforening.se\/W_JPS.jpg 700w, https:\/\/media.vrigstadshembygdsforening.se\/W_JPS-300x174.jpg 300w\" sizes=\"auto, (max-width: 700px) 100vw, 700px\" \/><\/a><figcaption id=\"caption-attachment-3647\" class=\"wp-caption-text\">De anst\u00e4llda p\u00e5 JPS-konsult: Andreas Svensson, Tommy Palm, Jan-Peter Svensson, Johannes Svensson, Mattias Svensson, Martin Simonsson. P\u00e5 bilden saknas Marcus Simonsson.<\/figcaption><\/figure>\n","protected":false},"excerpt":{"rendered":"<p>Jan-Peter Svensson var anst\u00e4lld p\u00e5 Swed-Hus, men flyttade efter konkursen till Mj\u00f6b\u00e4ck 1985. H\u00e4r var han en tid anst\u00e4lld p\u00e5<\/p>\n","protected":false},"author":1,"featured_media":0,"parent":0,"menu_order":0,"comment_status":"closed","ping_status":"closed","template":"","meta":{"footnotes":""},"class_list":["post-3646","page","type-page","status-publish","hentry"],"_links":{"self":[{"href":"https:\/\/vrigstadshembygdsforening.se\/index.php?rest_route=\/wp\/v2\/pages\/3646","targetHints":{"allow":["GET"]}}],"collection":[{"href":"https:\/\/vrigstadshembygdsforening.se\/index.php?rest_route=\/wp\/v2\/pages"}],"about":[{"href":"https:\/\/vrigstadshembygdsforening.se\/index.php?rest_route=\/wp\/v2\/types\/page"}],"author":[{"embeddable":true,"href":"https:\/\/vrigstadshembygdsforening.se\/index.php?rest_route=\/wp\/v2\/users\/1"}],"replies":[{"embeddable":true,"href":"https:\/\/vrigstadshembygdsforening.se\/index.php?rest_route=%2Fwp%2Fv2%2Fcomments&post=3646"}],"version-history":[{"count":1,"href":"https:\/\/vrigstadshembygdsforening.se\/index.php?rest_route=\/wp\/v2\/pages\/3646\/revisions"}],"predecessor-version":[{"id":3649,"href":"https:\/\/vrigstadshembygdsforening.se\/index.php?rest_route=\/wp\/v2\/pages\/3646\/revisions\/3649"}],"wp:attachment":[{"href":"https:\/\/vrigstadshembygdsforening.se\/index.php?rest_route=%2Fwp%2Fv2%2Fmedia&parent=3646"}],"curies":[{"name":"wp","href":"https:\/\/api.w.org\/{rel}","templated":true}]}}