{"id":3643,"date":"2019-02-20T20:45:59","date_gmt":"2019-02-20T20:45:59","guid":{"rendered":"http:\/\/vrigstadshembygdsforening.se\/?page_id=3643"},"modified":"2019-02-22T17:21:53","modified_gmt":"2019-02-22T17:21:53","slug":"vrigstad-foretagstjanst-ab","status":"publish","type":"page","link":"https:\/\/vrigstadshembygdsforening.se\/?page_id=3643","title":{"rendered":"Vrigstad F\u00f6retagstj\u00e4nst AB"},"content":{"rendered":"<p dir=\"LTR\" style=\"text-align: left;\" align=\"JUSTIFY\">Marita Borkowski startade och driver fr\u00e5n 1998\u00a0f\u00f6retaget Vrigstad F\u00f6retagstj\u00e4nst, som tidigare hette Fritz &amp; Julia.<\/p>\n<p dir=\"LTR\" style=\"text-align: left;\" align=\"JUSTIFY\">Fr\u00e5n b\u00f6rjan hade f\u00f6retaget ett bredare utbud av tj\u00e4nster men numera drivs f\u00f6retaget som redovisningsbyr\u00e5.<\/p>\n<figure id=\"attachment_3644\" aria-describedby=\"caption-attachment-3644\" style=\"width: 700px\" class=\"wp-caption alignnone\"><a href=\"https:\/\/media.vrigstadshembygdsforening.se\/\/W_Vd-foretagstjanst.jpg\"><img loading=\"lazy\" decoding=\"async\" class=\"size-full wp-image-3644\" src=\"https:\/\/media.vrigstadshembygdsforening.se\/\/W_Vd-foretagstjanst.jpg\" alt=\"\" width=\"700\" height=\"536\" srcset=\"https:\/\/media.vrigstadshembygdsforening.se\/W_Vd-foretagstjanst.jpg 700w, https:\/\/media.vrigstadshembygdsforening.se\/W_Vd-foretagstjanst-300x230.jpg 300w\" sizes=\"auto, (max-width: 700px) 100vw, 700px\" \/><\/a><figcaption id=\"caption-attachment-3644\" class=\"wp-caption-text\">Marita Borkowski vid arbetsdatorn.<\/figcaption><\/figure>\n<figure id=\"attachment_3799\" aria-describedby=\"caption-attachment-3799\" style=\"width: 700px\" class=\"wp-caption alignnone\"><a href=\"https:\/\/media.vrigstadshembygdsforening.se\/\/W_D50.jpg\"><img loading=\"lazy\" decoding=\"async\" class=\"size-full wp-image-3799\" src=\"https:\/\/media.vrigstadshembygdsforening.se\/\/W_D50.jpg\" alt=\"\" width=\"700\" height=\"467\" srcset=\"https:\/\/media.vrigstadshembygdsforening.se\/W_D50.jpg 700w, https:\/\/media.vrigstadshembygdsforening.se\/W_D50-300x200.jpg 300w\" sizes=\"auto, (max-width: 700px) 100vw, 700px\" \/><\/a><figcaption id=\"caption-attachment-3799\" class=\"wp-caption-text\">Bild fr\u00e5n boken &#8221;Vrigstad i maj 2018&#8221;.<\/figcaption><\/figure>\n","protected":false},"excerpt":{"rendered":"<p>Marita Borkowski startade och driver fr\u00e5n 1998\u00a0f\u00f6retaget Vrigstad F\u00f6retagstj\u00e4nst, som tidigare hette Fritz &amp; Julia. Fr\u00e5n b\u00f6rjan hade f\u00f6retaget ett<\/p>\n","protected":false},"author":1,"featured_media":0,"parent":0,"menu_order":0,"comment_status":"closed","ping_status":"closed","template":"","meta":{"footnotes":""},"class_list":["post-3643","page","type-page","status-publish","hentry"],"_links":{"self":[{"href":"https:\/\/vrigstadshembygdsforening.se\/index.php?rest_route=\/wp\/v2\/pages\/3643","targetHints":{"allow":["GET"]}}],"collection":[{"href":"https:\/\/vrigstadshembygdsforening.se\/index.php?rest_route=\/wp\/v2\/pages"}],"about":[{"href":"https:\/\/vrigstadshembygdsforening.se\/index.php?rest_route=\/wp\/v2\/types\/page"}],"author":[{"embeddable":true,"href":"https:\/\/vrigstadshembygdsforening.se\/index.php?rest_route=\/wp\/v2\/users\/1"}],"replies":[{"embeddable":true,"href":"https:\/\/vrigstadshembygdsforening.se\/index.php?rest_route=%2Fwp%2Fv2%2Fcomments&post=3643"}],"version-history":[{"count":2,"href":"https:\/\/vrigstadshembygdsforening.se\/index.php?rest_route=\/wp\/v2\/pages\/3643\/revisions"}],"predecessor-version":[{"id":3800,"href":"https:\/\/vrigstadshembygdsforening.se\/index.php?rest_route=\/wp\/v2\/pages\/3643\/revisions\/3800"}],"wp:attachment":[{"href":"https:\/\/vrigstadshembygdsforening.se\/index.php?rest_route=%2Fwp%2Fv2%2Fmedia&parent=3643"}],"curies":[{"name":"wp","href":"https:\/\/api.w.org\/{rel}","templated":true}]}}