{"id":3639,"date":"2019-02-20T20:39:29","date_gmt":"2019-02-20T20:39:29","guid":{"rendered":"http:\/\/vrigstadshembygdsforening.se\/?page_id=3639"},"modified":"2019-02-20T21:57:04","modified_gmt":"2019-02-20T21:57:04","slug":"tjanster","status":"publish","type":"page","link":"https:\/\/vrigstadshembygdsforening.se\/?page_id=3639","title":{"rendered":"Tj\u00e4nster"},"content":{"rendered":"<p><a href=\"https:\/\/vrigstadshembygdsforening.se\/?page_id=3616\">Bank\/finanstj\u00e4nster<\/a><\/p>\n<p><a href=\"https:\/\/vrigstadshembygdsforening.se\/?page_id=3650\">Ekonomi och teknik<\/a><\/p>\n<p><a href=\"https:\/\/vrigstadshembygdsforening.se\/?page_id=3637\">Fastighetsf\u00f6rvaltning<\/a><\/p>\n<p><a href=\"https:\/\/vrigstadshembygdsforening.se\/?page_id=3685\">V\u00e5rd och omsorg<\/a><\/p>\n<p>&nbsp;<\/p>\n<p>&nbsp;<\/p>\n<p>&nbsp;<\/p>\n<p>&nbsp;<\/p>\n","protected":false},"excerpt":{"rendered":"<p>Bank\/finanstj\u00e4nster Ekonomi och teknik Fastighetsf\u00f6rvaltning V\u00e5rd och omsorg &nbsp; &nbsp; &nbsp; &nbsp;<\/p>\n","protected":false},"author":1,"featured_media":0,"parent":0,"menu_order":0,"comment_status":"closed","ping_status":"closed","template":"","meta":{"footnotes":""},"class_list":["post-3639","page","type-page","status-publish","hentry"],"_links":{"self":[{"href":"https:\/\/vrigstadshembygdsforening.se\/index.php?rest_route=\/wp\/v2\/pages\/3639","targetHints":{"allow":["GET"]}}],"collection":[{"href":"https:\/\/vrigstadshembygdsforening.se\/index.php?rest_route=\/wp\/v2\/pages"}],"about":[{"href":"https:\/\/vrigstadshembygdsforening.se\/index.php?rest_route=\/wp\/v2\/types\/page"}],"author":[{"embeddable":true,"href":"https:\/\/vrigstadshembygdsforening.se\/index.php?rest_route=\/wp\/v2\/users\/1"}],"replies":[{"embeddable":true,"href":"https:\/\/vrigstadshembygdsforening.se\/index.php?rest_route=%2Fwp%2Fv2%2Fcomments&post=3639"}],"version-history":[{"count":3,"href":"https:\/\/vrigstadshembygdsforening.se\/index.php?rest_route=\/wp\/v2\/pages\/3639\/revisions"}],"predecessor-version":[{"id":3688,"href":"https:\/\/vrigstadshembygdsforening.se\/index.php?rest_route=\/wp\/v2\/pages\/3639\/revisions\/3688"}],"wp:attachment":[{"href":"https:\/\/vrigstadshembygdsforening.se\/index.php?rest_route=%2Fwp%2Fv2%2Fmedia&parent=3639"}],"curies":[{"name":"wp","href":"https:\/\/api.w.org\/{rel}","templated":true}]}}