{"id":3634,"date":"2019-02-20T20:36:22","date_gmt":"2019-02-20T20:36:22","guid":{"rendered":"http:\/\/vrigstadshembygdsforening.se\/?page_id=3634"},"modified":"2019-02-20T21:26:22","modified_gmt":"2019-02-20T21:26:22","slug":"yngvessons-bostads-ab","status":"publish","type":"page","link":"https:\/\/vrigstadshembygdsforening.se\/?page_id=3634","title":{"rendered":"Yngvessons Bostads AB"},"content":{"rendered":"<p dir=\"LTR\" align=\"JUSTIFY\">F\u00f6retaget startades 1988 av Willy och Elizabeth Yngvesson. Bolaget \u00e4ger ca 80 l\u00e4genheter i Vrigstad och S\u00e4vsj\u00f6.<\/p>\n<p dir=\"LTR\" align=\"JUSTIFY\">F\u00f6ljande fastigheter \u00e4gs i Vrigstad:Torget 9 &#8211; med pizzeria o sk\u00f6nhetssalong.<br \/>\nTorget 1- med Stuvbitens tygaff\u00e4r.<br \/>\nV\u00e4xj\u00f6v\u00e4gen 2 &#8211; f.d. l\u00e4karmottagning, numera l\u00e4genheter.<br \/>\nV\u00e4xj\u00f6v\u00e4gen 3 &#8211; i m\u00e5ngas mun kallat Ymanshuset. I huset har det bl.a. varit klippsalong, skomakeri och hembageri. Huset kallades i husf\u00f6rh\u00f6rsl\u00e4ngderna f\u00f6r Sjukhuset d\u00e5 det var t\u00e4nkt som sjukhus \u00e5t rallarna som byggde S\u00f6dra stambanan (och en del slogs f\u00f6r att f\u00e5 j\u00e4rnv\u00e4gen genom Vrigstad). Nu \u00e4r det endast l\u00e4genheter i byggnaden.<br \/>\nV\u00e4xj\u00f6v\u00e4gen 18\/20 &#8211; l\u00e4genheter.<br \/>\nHantverkargatan 1, 3 &#8211; l\u00e4genheter.<br \/>\nS\u00e4vsj\u00f6v 7 &#8211; d\u00e4r det varit skofabrik(riven) och diverse aff\u00e4rer, numera Klipp Linas salong, samt l\u00e4genheter.<br \/>\nG\u00e4stgivaregatan 11 &#8211; tre hus l\u00e4ngs med \u00e5n, som fr\u00e5n b\u00f6rjan var lastbilsgarage \u00e5t Karl Johansson.<br \/>\nSl\u00e4ttsj\u00f6v\u00e4gen 3 &#8211; l\u00e4genheter.<\/p>\n<p dir=\"LTR\" align=\"JUSTIFY\">Husen har byggts nya eller renoverats hus f\u00f6r hus och f\u00f6rvaltas i egen regi \u00e4ven idag.<\/p>\n<p dir=\"LTR\" align=\"JUSTIFY\">2017 s\u00e5ldes fastighetsbest\u00e5ndet till <strong>Riddershovs fastigheter<\/strong>.<\/p>\n<figure id=\"attachment_3635\" aria-describedby=\"caption-attachment-3635\" style=\"width: 700px\" class=\"wp-caption alignnone\"><a href=\"https:\/\/media.vrigstadshembygdsforening.se\/\/W_Yngvessons-bostads-1.jpg\"><img loading=\"lazy\" decoding=\"async\" class=\"size-full wp-image-3635\" src=\"https:\/\/media.vrigstadshembygdsforening.se\/\/W_Yngvessons-bostads-1.jpg\" alt=\"\" width=\"700\" height=\"486\" srcset=\"https:\/\/media.vrigstadshembygdsforening.se\/W_Yngvessons-bostads-1.jpg 700w, https:\/\/media.vrigstadshembygdsforening.se\/W_Yngvessons-bostads-1-300x208.jpg 300w\" sizes=\"auto, (max-width: 700px) 100vw, 700px\" \/><\/a><figcaption id=\"caption-attachment-3635\" class=\"wp-caption-text\">Willy Yngvesson.<\/figcaption><\/figure>\n<p>&nbsp;<\/p>\n","protected":false},"excerpt":{"rendered":"<p>F\u00f6retaget startades 1988 av Willy och Elizabeth Yngvesson. Bolaget \u00e4ger ca 80 l\u00e4genheter i Vrigstad och S\u00e4vsj\u00f6. F\u00f6ljande fastigheter \u00e4gs<\/p>\n","protected":false},"author":1,"featured_media":0,"parent":0,"menu_order":0,"comment_status":"closed","ping_status":"closed","template":"","meta":{"footnotes":""},"class_list":["post-3634","page","type-page","status-publish","hentry"],"_links":{"self":[{"href":"https:\/\/vrigstadshembygdsforening.se\/index.php?rest_route=\/wp\/v2\/pages\/3634","targetHints":{"allow":["GET"]}}],"collection":[{"href":"https:\/\/vrigstadshembygdsforening.se\/index.php?rest_route=\/wp\/v2\/pages"}],"about":[{"href":"https:\/\/vrigstadshembygdsforening.se\/index.php?rest_route=\/wp\/v2\/types\/page"}],"author":[{"embeddable":true,"href":"https:\/\/vrigstadshembygdsforening.se\/index.php?rest_route=\/wp\/v2\/users\/1"}],"replies":[{"embeddable":true,"href":"https:\/\/vrigstadshembygdsforening.se\/index.php?rest_route=%2Fwp%2Fv2%2Fcomments&post=3634"}],"version-history":[{"count":2,"href":"https:\/\/vrigstadshembygdsforening.se\/index.php?rest_route=\/wp\/v2\/pages\/3634\/revisions"}],"predecessor-version":[{"id":3663,"href":"https:\/\/vrigstadshembygdsforening.se\/index.php?rest_route=\/wp\/v2\/pages\/3634\/revisions\/3663"}],"wp:attachment":[{"href":"https:\/\/vrigstadshembygdsforening.se\/index.php?rest_route=%2Fwp%2Fv2%2Fmedia&parent=3634"}],"curies":[{"name":"wp","href":"https:\/\/api.w.org\/{rel}","templated":true}]}}