{"id":3629,"date":"2019-02-20T20:33:18","date_gmt":"2019-02-20T20:33:18","guid":{"rendered":"http:\/\/vrigstadshembygdsforening.se\/?page_id=3629"},"modified":"2019-02-20T20:33:18","modified_gmt":"2019-02-20T20:33:18","slug":"harbrechts-fastighets-ab","status":"publish","type":"page","link":"https:\/\/vrigstadshembygdsforening.se\/?page_id=3629","title":{"rendered":"Harbrechts Fastighets AB"},"content":{"rendered":"<p dir=\"LTR\" style=\"text-align: left;\" align=\"JUSTIFY\">Helge Harbrecht bildade fastighetbolaget 2013. I maj samma \u00e5r k\u00f6ptes 41 l\u00e4genheter, varav 33 p\u00e5 Tegn\u00e9rv\u00e4gen och \u00e5tta bredvid Jotos. Som privatperson k\u00f6pte Helge den gamla t\u00e4ltfabriken av C J M\u00f6bler och bolaget hyr nu en lokal h\u00e4r.<\/p>\n<figure id=\"attachment_3630\" aria-describedby=\"caption-attachment-3630\" style=\"width: 700px\" class=\"wp-caption alignnone\"><a href=\"https:\/\/media.vrigstadshembygdsforening.se\/\/W_Helge.jpg\"><img loading=\"lazy\" decoding=\"async\" class=\"size-full wp-image-3630\" src=\"https:\/\/media.vrigstadshembygdsforening.se\/\/W_Helge.jpg\" alt=\"\" width=\"700\" height=\"445\" srcset=\"https:\/\/media.vrigstadshembygdsforening.se\/W_Helge.jpg 700w, https:\/\/media.vrigstadshembygdsforening.se\/W_Helge-300x191.jpg 300w\" sizes=\"auto, (max-width: 700px) 100vw, 700px\" \/><\/a><figcaption id=\"caption-attachment-3630\" class=\"wp-caption-text\">Helge Harbrecht klipper gr\u00e4set vid l\u00e4genheterna p\u00e5 Tegn\u00e9rv\u00e4gen.<\/figcaption><\/figure>\n<p>&nbsp;<\/p>\n<p>&nbsp;<\/p>\n","protected":false},"excerpt":{"rendered":"<p>Helge Harbrecht bildade fastighetbolaget 2013. I maj samma \u00e5r k\u00f6ptes 41 l\u00e4genheter, varav 33 p\u00e5 Tegn\u00e9rv\u00e4gen och \u00e5tta bredvid Jotos.<\/p>\n","protected":false},"author":1,"featured_media":0,"parent":0,"menu_order":0,"comment_status":"closed","ping_status":"closed","template":"","meta":{"footnotes":""},"class_list":["post-3629","page","type-page","status-publish","hentry"],"_links":{"self":[{"href":"https:\/\/vrigstadshembygdsforening.se\/index.php?rest_route=\/wp\/v2\/pages\/3629","targetHints":{"allow":["GET"]}}],"collection":[{"href":"https:\/\/vrigstadshembygdsforening.se\/index.php?rest_route=\/wp\/v2\/pages"}],"about":[{"href":"https:\/\/vrigstadshembygdsforening.se\/index.php?rest_route=\/wp\/v2\/types\/page"}],"author":[{"embeddable":true,"href":"https:\/\/vrigstadshembygdsforening.se\/index.php?rest_route=\/wp\/v2\/users\/1"}],"replies":[{"embeddable":true,"href":"https:\/\/vrigstadshembygdsforening.se\/index.php?rest_route=%2Fwp%2Fv2%2Fcomments&post=3629"}],"version-history":[{"count":1,"href":"https:\/\/vrigstadshembygdsforening.se\/index.php?rest_route=\/wp\/v2\/pages\/3629\/revisions"}],"predecessor-version":[{"id":3632,"href":"https:\/\/vrigstadshembygdsforening.se\/index.php?rest_route=\/wp\/v2\/pages\/3629\/revisions\/3632"}],"wp:attachment":[{"href":"https:\/\/vrigstadshembygdsforening.se\/index.php?rest_route=%2Fwp%2Fv2%2Fmedia&parent=3629"}],"curies":[{"name":"wp","href":"https:\/\/api.w.org\/{rel}","templated":true}]}}