{"id":3570,"date":"2019-02-18T18:03:28","date_gmt":"2019-02-18T18:03:28","guid":{"rendered":"http:\/\/vrigstadshembygdsforening.se\/?page_id=3570"},"modified":"2019-02-18T18:03:55","modified_gmt":"2019-02-18T18:03:55","slug":"rydstroms-conditori","status":"publish","type":"page","link":"https:\/\/vrigstadshembygdsforening.se\/?page_id=3570","title":{"rendered":"Rydstr\u00f6ms Conditori"},"content":{"rendered":"<p dir=\"LTR\" style=\"text-align: left;\" align=\"JUSTIFY\">Handlanden David Ek, var gift med Berta Rydstr\u00f6m. Berta avlider 1921 av hj\u00e4rtfel endast 34 \u00e5r gammal. David st\u00e5r nu ensam med tre minder\u00e5riga barn, det minsta, Ulla, endast tre \u00e5r gammal. De tv\u00e5 \u00e4ldsta barnen \u00c5ke och Inga skickas upp till moster Hilma i Norrk\u00f6ping, som 1923 tar barnen med sig och flyttar till Vrigstad.<\/p>\n<p dir=\"LTR\" style=\"text-align: left;\" align=\"JUSTIFY\">Hilma Rydstr\u00f6m anm\u00e4ler firman Rydstr\u00f6ms Konditori och startar verksamheten 1927.<\/p>\n<p dir=\"LTR\" style=\"text-align: left;\" align=\"JUSTIFY\">Var hon startar verksamheten \u00e4r os\u00e4kert. Fastigheten V\u00e5rbacka, vid Mejerigatan, byggdes 1933 och d\u00e5 f\u00f6rmodligen av Hilma. D\u00e4refter inrymdes verksamheten d\u00e4r. Hon st\u00e5r f\u00f6rst som \u00e4gare av huset men 1940 har hennes systers barn, \u00c5ke, Inga och Ulla Ek tagit \u00f6ver \u00e4gandeskapet. Hilma l\u00e4mnar det jordiska 1954 vid 83 \u00e5rs \u00e5lder.<\/p>\n<p dir=\"LTR\" style=\"text-align: left;\" align=\"JUSTIFY\">Enligt mantalsl\u00e4ngden f\u00f6r 1940 bor Ulla Ek hos Hilma som hembitr\u00e4de och Viola Str\u00f6m som konditoribitr\u00e4de.<\/p>\n<p dir=\"LTR\" style=\"text-align: left;\" align=\"JUSTIFY\">Caf\u00e9et \u00f6vertas av Esther Franz\u00e9n. Konditor d\u00e5 var Henry Albrektsson. Bland de anst\u00e4llda fanns Viola Str\u00f6m och Karin Haegerstam.<\/p>\n<p dir=\"LTR\" style=\"text-align: left;\" align=\"JUSTIFY\">Under b\u00f6rjan av 1940-talet \u00e4gde Alvar och Sonja Palm Rydstr\u00f6ms kaf\u00e9 och bageri. Maja Frid arbetade h\u00e4r tillsammans med Viola Str\u00f6m.<\/p>\n<p dir=\"LTR\" style=\"text-align: left;\" align=\"JUSTIFY\">1947 har caf\u00e9r\u00f6relsen upph\u00f6rt och caf\u00e9lokalerna har blivit bostadsl\u00e4genhet \u00e5t skogvaktare Harald Str\u00e5nge och hans hustru Margit.<\/p>\n<figure id=\"attachment_3572\" aria-describedby=\"caption-attachment-3572\" style=\"width: 700px\" class=\"wp-caption alignnone\"><a href=\"https:\/\/media.vrigstadshembygdsforening.se\/\/W_1995.137.png\"><img loading=\"lazy\" decoding=\"async\" class=\"size-full wp-image-3572\" src=\"https:\/\/media.vrigstadshembygdsforening.se\/\/W_1995.137.png\" alt=\"\" width=\"700\" height=\"747\" srcset=\"https:\/\/media.vrigstadshembygdsforening.se\/W_1995.137.png 700w, https:\/\/media.vrigstadshembygdsforening.se\/W_1995.137-281x300.png 281w\" sizes=\"auto, (max-width: 700px) 100vw, 700px\" \/><\/a><figcaption id=\"caption-attachment-3572\" class=\"wp-caption-text\">Till h\u00f6ger den efterf\u00f6ljande \u00e4garinnan Esther Franz\u00e9n. P\u00e5 stegen konditor Henry Albrektsson och sittande Viola Str\u00f6m-Nilsson. Foto fr\u00e5n 1939.<\/figcaption><\/figure>\n<figure id=\"attachment_3571\" aria-describedby=\"caption-attachment-3571\" style=\"width: 700px\" class=\"wp-caption alignnone\"><a href=\"https:\/\/media.vrigstadshembygdsforening.se\/\/W_1995.057.png\"><img loading=\"lazy\" decoding=\"async\" class=\"size-full wp-image-3571\" src=\"https:\/\/media.vrigstadshembygdsforening.se\/\/W_1995.057.png\" alt=\"\" width=\"700\" height=\"706\" srcset=\"https:\/\/media.vrigstadshembygdsforening.se\/W_1995.057.png 700w, https:\/\/media.vrigstadshembygdsforening.se\/W_1995.057-150x150.png 150w, https:\/\/media.vrigstadshembygdsforening.se\/W_1995.057-297x300.png 297w\" sizes=\"auto, (max-width: 700px) 100vw, 700px\" \/><\/a><figcaption id=\"caption-attachment-3571\" class=\"wp-caption-text\">Alvar och Sonja Palm, Maja Frid och Viola Str\u00f6m-Nilsson. Foto fr\u00e5n 1940.<\/figcaption><\/figure>\n<figure id=\"attachment_3573\" aria-describedby=\"caption-attachment-3573\" style=\"width: 400px\" class=\"wp-caption alignnone\"><a href=\"https:\/\/media.vrigstadshembygdsforening.se\/\/W_Rydstr\u00f6ms-conditori-pappersp\u00e5se.jpg\"><img loading=\"lazy\" decoding=\"async\" class=\"size-full wp-image-3573\" src=\"https:\/\/media.vrigstadshembygdsforening.se\/\/W_Rydstr\u00f6ms-conditori-pappersp\u00e5se.jpg\" alt=\"\" width=\"400\" height=\"442\" srcset=\"https:\/\/media.vrigstadshembygdsforening.se\/W_Rydstr\u00f6ms-conditori-pappersp\u00e5se.jpg 400w, https:\/\/media.vrigstadshembygdsforening.se\/W_Rydstr\u00f6ms-conditori-pappersp\u00e5se-271x300.jpg 271w\" sizes=\"auto, (max-width: 400px) 100vw, 400px\" \/><\/a><figcaption id=\"caption-attachment-3573\" class=\"wp-caption-text\">En solblekt pappersp\u00e5se fr\u00e5n Rydstr\u00f6ms Conditori.<\/figcaption><\/figure>\n","protected":false},"excerpt":{"rendered":"<p>Handlanden David Ek, var gift med Berta Rydstr\u00f6m. Berta avlider 1921 av hj\u00e4rtfel endast 34 \u00e5r gammal. David st\u00e5r nu<\/p>\n","protected":false},"author":1,"featured_media":0,"parent":0,"menu_order":0,"comment_status":"closed","ping_status":"closed","template":"","meta":{"footnotes":""},"class_list":["post-3570","page","type-page","status-publish","hentry"],"_links":{"self":[{"href":"https:\/\/vrigstadshembygdsforening.se\/index.php?rest_route=\/wp\/v2\/pages\/3570","targetHints":{"allow":["GET"]}}],"collection":[{"href":"https:\/\/vrigstadshembygdsforening.se\/index.php?rest_route=\/wp\/v2\/pages"}],"about":[{"href":"https:\/\/vrigstadshembygdsforening.se\/index.php?rest_route=\/wp\/v2\/types\/page"}],"author":[{"embeddable":true,"href":"https:\/\/vrigstadshembygdsforening.se\/index.php?rest_route=\/wp\/v2\/users\/1"}],"replies":[{"embeddable":true,"href":"https:\/\/vrigstadshembygdsforening.se\/index.php?rest_route=%2Fwp%2Fv2%2Fcomments&post=3570"}],"version-history":[{"count":2,"href":"https:\/\/vrigstadshembygdsforening.se\/index.php?rest_route=\/wp\/v2\/pages\/3570\/revisions"}],"predecessor-version":[{"id":3575,"href":"https:\/\/vrigstadshembygdsforening.se\/index.php?rest_route=\/wp\/v2\/pages\/3570\/revisions\/3575"}],"wp:attachment":[{"href":"https:\/\/vrigstadshembygdsforening.se\/index.php?rest_route=%2Fwp%2Fv2%2Fmedia&parent=3570"}],"curies":[{"name":"wp","href":"https:\/\/api.w.org\/{rel}","templated":true}]}}